{"id":136871,"date":"2024-02-05T19:27:16","date_gmt":"2024-11-06T08:54:12","guid":{"rendered":"https:\/\/kingarms.ee\/product\/airsoft-weapon-sa-j71-core-specna-arms\/"},"modified":"2024-11-06T11:54:12","modified_gmt":"2024-11-06T08:54:12","slug":"airsoft-relv-sa-j71-core-specna-arms","status":"publish","type":"product","link":"https:\/\/kingarms.ee\/lt\/product\/airsoft-relv-sa-j71-core-specna-arms\/","title":{"rendered":"\u201eAirSoft Weapon SA-J71 Core\u201c (\u201eSpecna Arms\u201c)"},"content":{"rendered":"<p><img loading=\"lazy\" decoding=\"async\" class=\"alignnone size-full wp-image-95679\" src=\"https:\/\/kingarms.ee\/wp-content\/uploads\/2024\/02\/1152233140_1.png\" alt=\"\" width=\"2000\" height=\"1333\" srcset=\"https:\/\/kingarms.ee\/wp-content\/uploads\/2024\/02\/1152233140_1.png 2000w, https:\/\/kingarms.ee\/wp-content\/uploads\/2024\/02\/1152233140_1-300x200.png 300w, https:\/\/kingarms.ee\/wp-content\/uploads\/2024\/02\/1152233140_1-1024x682.png 1024w, https:\/\/kingarms.ee\/wp-content\/uploads\/2024\/02\/1152233140_1-768x512.png 768w, https:\/\/kingarms.ee\/wp-content\/uploads\/2024\/02\/1152233140_1-1536x1024.png 1536w, https:\/\/kingarms.ee\/wp-content\/uploads\/2024\/02\/1152233140_1-500x333.png 500w, https:\/\/kingarms.ee\/wp-content\/uploads\/2024\/02\/1152233140_1-150x100.png 150w\" sizes=\"auto, (max-width: 2000px) 100vw, 2000px\" \/><\/p>\n","protected":false},"excerpt":{"rendered":"<p>\u201eAirsoft Weapon SA-J71 Core\u201c (\u201eSpecna Garai\u201c) Gamintojo \u201eSpecna\u201c ginkl\u0173 greitis<\/p>\n<p> [FPS]  380 Gearboxi versioon Gearbox v3 Laskmise t\u00fc\u00fcp \u00fcksiklasud ja vallanguga Sisetoru pikkus <\/p>\n<p> [mm]  455 Salve maht<br \/>\n [tk]  430 Hop-Up Jah Toru keerme t\u00fc\u00fcp 24mm CW Kiire vedruvahetus s\u00fcsteem Jah Pistik T\u00fc\u00fcp Tamiya v\u00e4ike V\u00e4rvus Must Toote kaal [g] 2565 Materjal Plastik Minimaalne pikkus <\/p>\n<p> [mm]  720 Toote pikkus<br \/>\n [cm]  95 Specna Arms line J Series CORE\u2122 Toiteallikas Elektriline Komplekti ei kuulu aku ja laadija. Soovitame LIPO<\/p>\n","protected":false},"featured_media":134577,"template":"","meta":{"_acf_changed":false},"product_brand":[],"product_cat":[1139],"product_tag":[],"class_list":{"0":"post-136871","1":"product","2":"type-product","3":"status-publish","4":"has-post-thumbnail","6":"product_cat-elektro-pneumatiniai-ginklai","8":"first","9":"instock","10":"taxable","11":"shipping-taxable","12":"purchasable","13":"product-type-simple"},"acf":[],"_links":{"self":[{"href":"https:\/\/kingarms.ee\/lt\/wp-json\/wp\/v2\/product\/136871","targetHints":{"allow":["GET"]}}],"collection":[{"href":"https:\/\/kingarms.ee\/lt\/wp-json\/wp\/v2\/product"}],"about":[{"href":"https:\/\/kingarms.ee\/lt\/wp-json\/wp\/v2\/types\/product"}],"wp:featuredmedia":[{"embeddable":true,"href":"https:\/\/kingarms.ee\/lt\/wp-json\/wp\/v2\/media\/134577"}],"wp:attachment":[{"href":"https:\/\/kingarms.ee\/lt\/wp-json\/wp\/v2\/media?parent=136871"}],"wp:term":[{"taxonomy":"product_brand","embeddable":true,"href":"https:\/\/kingarms.ee\/lt\/wp-json\/wp\/v2\/product_brand?post=136871"},{"taxonomy":"product_cat","embeddable":true,"href":"https:\/\/kingarms.ee\/lt\/wp-json\/wp\/v2\/product_cat?post=136871"},{"taxonomy":"product_tag","embeddable":true,"href":"https:\/\/kingarms.ee\/lt\/wp-json\/wp\/v2\/product_tag?post=136871"}],"curies":[{"name":"wp","href":"https:\/\/api.w.org\/{rel}","templated":true}]}}