{"id":136881,"date":"2024-02-04T16:42:20","date_gmt":"2024-11-06T10:00:13","guid":{"rendered":"https:\/\/kingarms.ee\/product\/vabzdziu-istrauktas-anti-wasp-purskiklis-500-ml\/"},"modified":"2024-11-06T13:00:13","modified_gmt":"2024-11-06T10:00:13","slug":"vabzdziu-isejimo-i-hel-her-spray-500-ml","status":"publish","type":"product","link":"https:\/\/kingarms.ee\/lt\/product\/vabzdziu-isejimo-i-hel-her-spray-500-ml\/","title":{"rendered":"Vabzd\u017ei\u0173 i\u0161trauktas anti-WASP pur\u0161kiklis, 500 ml"},"content":{"rendered":"<p><img loading=\"lazy\" decoding=\"async\" class=\"alignnone size-full wp-image-95127\" src=\"https:\/\/kingarms.ee\/wp-content\/uploads\/2024\/02\/27341E.jpeg\" alt=\"\" width=\"1200\" height=\"1200\" srcset=\"https:\/\/kingarms.ee\/wp-content\/uploads\/2024\/02\/27341E.jpeg 1200w, https:\/\/kingarms.ee\/wp-content\/uploads\/2024\/02\/27341E-300x300.jpeg 300w, https:\/\/kingarms.ee\/wp-content\/uploads\/2024\/02\/27341E-1024x1024.jpeg 1024w, https:\/\/kingarms.ee\/wp-content\/uploads\/2024\/02\/27341E-150x150.jpeg 150w, https:\/\/kingarms.ee\/wp-content\/uploads\/2024\/02\/27341E-768x768.jpeg 768w, https:\/\/kingarms.ee\/wp-content\/uploads\/2024\/02\/27341E-500x500.jpeg 500w\" sizes=\"auto, (max-width: 1200px) 100vw, 1200px\" \/><\/p>\n","protected":false},"excerpt":{"rendered":"<p>i\u0161leid\u017eia ir apsaugo nuo bet koki\u0173 vapsv\u0173<\/p>\n<p>Komponentai:<br \/>\n28,6 g\/kg Margosa ekstraktas 70 %<br \/>\n2,5 g\/kg piretrin\u0173 ir piretroid\u0173<br \/>\n(Chrysanthemum cinerariaefolium, Ekst.)<br \/>\nSud\u0117tyje yra izopropilo<\/p>\n","protected":false},"featured_media":134525,"template":"","meta":{"_acf_changed":false},"product_brand":[],"product_cat":[1263],"product_tag":[],"class_list":{"0":"post-136881","1":"product","2":"type-product","3":"status-publish","4":"has-post-thumbnail","6":"product_cat-kelioniu-prekes","8":"first","9":"instock","10":"taxable","11":"shipping-taxable","12":"purchasable","13":"product-type-simple"},"acf":[],"_links":{"self":[{"href":"https:\/\/kingarms.ee\/lt\/wp-json\/wp\/v2\/product\/136881","targetHints":{"allow":["GET"]}}],"collection":[{"href":"https:\/\/kingarms.ee\/lt\/wp-json\/wp\/v2\/product"}],"about":[{"href":"https:\/\/kingarms.ee\/lt\/wp-json\/wp\/v2\/types\/product"}],"wp:featuredmedia":[{"embeddable":true,"href":"https:\/\/kingarms.ee\/lt\/wp-json\/wp\/v2\/media\/134525"}],"wp:attachment":[{"href":"https:\/\/kingarms.ee\/lt\/wp-json\/wp\/v2\/media?parent=136881"}],"wp:term":[{"taxonomy":"product_brand","embeddable":true,"href":"https:\/\/kingarms.ee\/lt\/wp-json\/wp\/v2\/product_brand?post=136881"},{"taxonomy":"product_cat","embeddable":true,"href":"https:\/\/kingarms.ee\/lt\/wp-json\/wp\/v2\/product_cat?post=136881"},{"taxonomy":"product_tag","embeddable":true,"href":"https:\/\/kingarms.ee\/lt\/wp-json\/wp\/v2\/product_tag?post=136881"}],"curies":[{"name":"wp","href":"https:\/\/api.w.org\/{rel}","templated":true}]}}