{"id":136883,"date":"2024-02-04T16:38:56","date_gmt":"2024-11-06T10:02:48","guid":{"rendered":"https:\/\/kingarms.ee\/product\/vabzdziu-istrauktas-pries-skraidymo-purkstukas-500-ml\/"},"modified":"2024-11-06T13:02:48","modified_gmt":"2024-11-06T10:02:48","slug":"vabzdziu-ismetimas-iki-purskimo-500-ml","status":"publish","type":"product","link":"https:\/\/kingarms.ee\/lt\/product\/vabzdziu-ismetimas-iki-purskimo-500-ml\/","title":{"rendered":"Vabzd\u017ei\u0173 i\u0161trauktas prie\u0161 skraidymo purk\u0161tukas, 500 ml"},"content":{"rendered":"<p><img loading=\"lazy\" decoding=\"async\" class=\"alignnone size-full wp-image-95116\" src=\"https:\/\/kingarms.ee\/wp-content\/uploads\/2024\/02\/27341D.jpeg\" alt=\"\" width=\"1200\" height=\"1200\" srcset=\"https:\/\/kingarms.ee\/wp-content\/uploads\/2024\/02\/27341D.jpeg 1200w, https:\/\/kingarms.ee\/wp-content\/uploads\/2024\/02\/27341D-300x300.jpeg 300w, https:\/\/kingarms.ee\/wp-content\/uploads\/2024\/02\/27341D-1024x1024.jpeg 1024w, https:\/\/kingarms.ee\/wp-content\/uploads\/2024\/02\/27341D-150x150.jpeg 150w, https:\/\/kingarms.ee\/wp-content\/uploads\/2024\/02\/27341D-768x768.jpeg 768w, https:\/\/kingarms.ee\/wp-content\/uploads\/2024\/02\/27341D-500x500.jpeg 500w\" sizes=\"auto, (max-width: 1200px) 100vw, 1200px\" \/><\/p>\n","protected":false},"excerpt":{"rendered":"<p>i\u0161leid\u017eia ir apsaugo nuo bet koki\u0173 musi\u0173<\/p>\n<p>Komponentai:<br \/>\n0,15 g\/kg piretrin\u0173 ir piretroid\u0173<br \/>\n(Chrysanthemum cinerariaefolium, Ekst.)<br \/>\n2,1 g\/kg piponilbutoksido<br \/>\n0,53 g\/kg cipermetrino cis\/trans +\/- 40\/60<\/p>\n","protected":false},"featured_media":134425,"template":"","meta":{"_acf_changed":false},"product_brand":[],"product_cat":[1263],"product_tag":[],"class_list":{"0":"post-136883","1":"product","2":"type-product","3":"status-publish","4":"has-post-thumbnail","6":"product_cat-kelioniu-prekes","8":"first","9":"instock","10":"taxable","11":"shipping-taxable","12":"purchasable","13":"product-type-simple"},"acf":[],"_links":{"self":[{"href":"https:\/\/kingarms.ee\/lt\/wp-json\/wp\/v2\/product\/136883","targetHints":{"allow":["GET"]}}],"collection":[{"href":"https:\/\/kingarms.ee\/lt\/wp-json\/wp\/v2\/product"}],"about":[{"href":"https:\/\/kingarms.ee\/lt\/wp-json\/wp\/v2\/types\/product"}],"wp:featuredmedia":[{"embeddable":true,"href":"https:\/\/kingarms.ee\/lt\/wp-json\/wp\/v2\/media\/134425"}],"wp:attachment":[{"href":"https:\/\/kingarms.ee\/lt\/wp-json\/wp\/v2\/media?parent=136883"}],"wp:term":[{"taxonomy":"product_brand","embeddable":true,"href":"https:\/\/kingarms.ee\/lt\/wp-json\/wp\/v2\/product_brand?post=136883"},{"taxonomy":"product_cat","embeddable":true,"href":"https:\/\/kingarms.ee\/lt\/wp-json\/wp\/v2\/product_cat?post=136883"},{"taxonomy":"product_tag","embeddable":true,"href":"https:\/\/kingarms.ee\/lt\/wp-json\/wp\/v2\/product_tag?post=136883"}],"curies":[{"name":"wp","href":"https:\/\/api.w.org\/{rel}","templated":true}]}}