{"id":136885,"date":"2024-02-04T16:35:58","date_gmt":"2024-11-06T10:04:46","guid":{"rendered":"https:\/\/kingarms.ee\/product\/vabzdziu-istrauktas-anti-mosquito-purkstukas-500-ml\/"},"modified":"2024-11-06T13:04:46","modified_gmt":"2024-11-06T10:04:46","slug":"vabzdziu-istrauka-maza-500-ml","status":"publish","type":"product","link":"https:\/\/kingarms.ee\/lt\/product\/vabzdziu-istrauka-maza-500-ml\/","title":{"rendered":"Vabzd\u017ei\u0173 i\u0161trauktas anti-Mosquito purk\u0161tukas, 500 ml"},"content":{"rendered":"<p><img loading=\"lazy\" decoding=\"async\" class=\"alignnone size-full wp-image-95101\" src=\"https:\/\/kingarms.ee\/wp-content\/uploads\/2024\/02\/27341A.jpeg\" alt=\"\" width=\"1200\" height=\"1200\" srcset=\"https:\/\/kingarms.ee\/wp-content\/uploads\/2024\/02\/27341A.jpeg 1200w, https:\/\/kingarms.ee\/wp-content\/uploads\/2024\/02\/27341A-300x300.jpeg 300w, https:\/\/kingarms.ee\/wp-content\/uploads\/2024\/02\/27341A-1024x1024.jpeg 1024w, https:\/\/kingarms.ee\/wp-content\/uploads\/2024\/02\/27341A-150x150.jpeg 150w, https:\/\/kingarms.ee\/wp-content\/uploads\/2024\/02\/27341A-768x768.jpeg 768w, https:\/\/kingarms.ee\/wp-content\/uploads\/2024\/02\/27341A-500x500.jpeg 500w\" sizes=\"auto, (max-width: 1200px) 100vw, 1200px\" \/><\/p>\n","protected":false},"excerpt":{"rendered":"<p>Iki 48 valand\u0173 apsauga nuo uod\u0173<\/p>\n<p>Komponentai:<br \/>\n0,15 g\/kg piretrin\u0173 ir piretroid\u0173<br \/>\n(Chrysanthemum cinerariaefolium, Ekst.)<br \/>\n2,1 g\/kg piponilbutoksido<br \/>\n0,53 g\/kg cipermetrino cis\/trans +\/- 40\/60<\/p>\n","protected":false},"featured_media":134523,"template":"","meta":{"_acf_changed":false},"product_brand":[],"product_cat":[1263],"product_tag":[],"class_list":{"0":"post-136885","1":"product","2":"type-product","3":"status-publish","4":"has-post-thumbnail","6":"product_cat-kelioniu-prekes","8":"first","9":"instock","10":"taxable","11":"shipping-taxable","12":"purchasable","13":"product-type-simple"},"acf":[],"_links":{"self":[{"href":"https:\/\/kingarms.ee\/lt\/wp-json\/wp\/v2\/product\/136885","targetHints":{"allow":["GET"]}}],"collection":[{"href":"https:\/\/kingarms.ee\/lt\/wp-json\/wp\/v2\/product"}],"about":[{"href":"https:\/\/kingarms.ee\/lt\/wp-json\/wp\/v2\/types\/product"}],"wp:featuredmedia":[{"embeddable":true,"href":"https:\/\/kingarms.ee\/lt\/wp-json\/wp\/v2\/media\/134523"}],"wp:attachment":[{"href":"https:\/\/kingarms.ee\/lt\/wp-json\/wp\/v2\/media?parent=136885"}],"wp:term":[{"taxonomy":"product_brand","embeddable":true,"href":"https:\/\/kingarms.ee\/lt\/wp-json\/wp\/v2\/product_brand?post=136885"},{"taxonomy":"product_cat","embeddable":true,"href":"https:\/\/kingarms.ee\/lt\/wp-json\/wp\/v2\/product_cat?post=136885"},{"taxonomy":"product_tag","embeddable":true,"href":"https:\/\/kingarms.ee\/lt\/wp-json\/wp\/v2\/product_tag?post=136885"}],"curies":[{"name":"wp","href":"https:\/\/api.w.org\/{rel}","templated":true}]}}