{"id":136887,"date":"2024-02-04T16:26:22","date_gmt":"2024-11-06T10:06:47","guid":{"rendered":"https:\/\/kingarms.ee\/product\/vabzdziu-uodai-ir-erkes-g-100ml\/"},"modified":"2024-11-06T13:06:47","modified_gmt":"2024-11-06T10:06:47","slug":"vabzdziu-istrauka-saasas-ir-pasuka-i-g-100ml","status":"publish","type":"product","link":"https:\/\/kingarms.ee\/lt\/product\/vabzdziu-istrauka-saasas-ir-pasuka-i-g-100ml\/","title":{"rendered":"Vabzd\u017ei\u0173 uodai ir erk\u0117s +g (100ml)"},"content":{"rendered":"<p><img loading=\"lazy\" decoding=\"async\" class=\"alignnone size-full wp-image-95091\" src=\"https:\/\/kingarms.ee\/wp-content\/uploads\/2024\/02\/27340B.jpeg\" alt=\"\" width=\"1200\" height=\"1200\" srcset=\"https:\/\/kingarms.ee\/wp-content\/uploads\/2024\/02\/27340B.jpeg 1200w, https:\/\/kingarms.ee\/wp-content\/uploads\/2024\/02\/27340B-300x300.jpeg 300w, https:\/\/kingarms.ee\/wp-content\/uploads\/2024\/02\/27340B-1024x1024.jpeg 1024w, https:\/\/kingarms.ee\/wp-content\/uploads\/2024\/02\/27340B-150x150.jpeg 150w, https:\/\/kingarms.ee\/wp-content\/uploads\/2024\/02\/27340B-768x768.jpeg 768w, https:\/\/kingarms.ee\/wp-content\/uploads\/2024\/02\/27340B-500x500.jpeg 500w\" sizes=\"auto, (max-width: 1200px) 100vw, 1200px\" \/><\/p>\n","protected":false},"excerpt":{"rendered":"<p>Vabzd\u017ei\u0173 uodai ir erk\u0117s +g (100ml)<\/p>\n<p>Taikyti odai, veid\u0105 ir drabu\u017eius<br \/>\n4 h apsauga nuo uod\u0173<br \/>\n2 h apsauga nuo erki\u0173<br \/>\nTinka tropikams<\/p>\n","protected":false},"featured_media":134527,"template":"","meta":{"_acf_changed":false},"product_brand":[],"product_cat":[1263],"product_tag":[],"class_list":{"0":"post-136887","1":"product","2":"type-product","3":"status-publish","4":"has-post-thumbnail","6":"product_cat-kelioniu-prekes","8":"first","9":"instock","10":"taxable","11":"shipping-taxable","12":"purchasable","13":"product-type-simple"},"acf":[],"_links":{"self":[{"href":"https:\/\/kingarms.ee\/lt\/wp-json\/wp\/v2\/product\/136887","targetHints":{"allow":["GET"]}}],"collection":[{"href":"https:\/\/kingarms.ee\/lt\/wp-json\/wp\/v2\/product"}],"about":[{"href":"https:\/\/kingarms.ee\/lt\/wp-json\/wp\/v2\/types\/product"}],"wp:featuredmedia":[{"embeddable":true,"href":"https:\/\/kingarms.ee\/lt\/wp-json\/wp\/v2\/media\/134527"}],"wp:attachment":[{"href":"https:\/\/kingarms.ee\/lt\/wp-json\/wp\/v2\/media?parent=136887"}],"wp:term":[{"taxonomy":"product_brand","embeddable":true,"href":"https:\/\/kingarms.ee\/lt\/wp-json\/wp\/v2\/product_brand?post=136887"},{"taxonomy":"product_cat","embeddable":true,"href":"https:\/\/kingarms.ee\/lt\/wp-json\/wp\/v2\/product_cat?post=136887"},{"taxonomy":"product_tag","embeddable":true,"href":"https:\/\/kingarms.ee\/lt\/wp-json\/wp\/v2\/product_tag?post=136887"}],"curies":[{"name":"wp","href":"https:\/\/api.w.org\/{rel}","templated":true}]}}