{"id":136895,"date":"2024-01-31T12:53:21","date_gmt":"2024-11-06T10:21:47","guid":{"rendered":"https:\/\/kingarms.ee\/product\/stebekite-isgenimo-apyranke\/"},"modified":"2024-11-06T13:21:47","modified_gmt":"2024-11-06T10:21:47","slug":"stebejimo-well-bell-2","status":"publish","type":"product","link":"https:\/\/kingarms.ee\/lt\/product\/stebejimo-well-bell-2\/","title":{"rendered":"Steb\u0117kite isgenimo apyrank\u0119"},"content":{"rendered":"","protected":false},"excerpt":{"rendered":"<p><span style=\"font-weight: 400;\">Stilingas 6-in-1 daugiafunkcinis i\u0161gyvenamumo apyrank\u0117s laikrodis, kuriame derinamas apyrank\u0117s laikrodis, kompasas, \u0161vilpukas, termometras, gaisro startas ir parakordas. Pagaminta i\u0161 patvarios 7 kryp\u010di\u0173 550 svar\u0173 para\u0161iuto laido, kuris gali virsti 3 metr\u0173 ilgio gelb\u0117jimo t\u016briu, kad b\u016bt\u0173 galima skubiai naudoti. <\/span><\/p>\n<p><span style=\"font-weight: 400;\">\u0160is laikrodis yra ne tik prakti\u0161kas, bet ir stilingas, pasi\u017eymintis unikaliu dizainu ir daugiafunkciniu naudojimu. Ideali dovana draugams ar artimiesiems ir puikiai tinka pritvirtinti, stovyklauti, pirma pagalba, laipiojimas, va\u017eiavimas laivu, laipiojimas \u012f kalnus, \u017eygiai \u017eygiai, nuotykiai ir kari\u0161kiai. <\/span><\/p>\n<p><span style=\"font-weight: 400;\">Apyrank\u0117s dydis i\u0161tiestas 26 cm, o plotis yra 2,5 cm. Reik\u0117t\u0173 pa\u017eym\u0117ti, kad apyrank\u0117 negydoma, ta\u010diau yra ideali 7\u20139 coli\u0173 rie\u0161ui. Be d\u0117v\u0117jimo ant rie\u0161o, jis gali b\u016bti patogiai pakabintas ant kuprin\u0117s.  <\/span><\/p>\n","protected":false},"featured_media":134257,"template":"","meta":{"_acf_changed":false},"product_brand":[],"product_cat":[1224],"product_tag":[],"class_list":{"0":"post-136895","1":"product","2":"type-product","3":"status-publish","4":"has-post-thumbnail","6":"product_cat-ranku-laikrodis","8":"first","9":"instock","10":"taxable","11":"shipping-taxable","12":"purchasable","13":"product-type-simple"},"acf":[],"_links":{"self":[{"href":"https:\/\/kingarms.ee\/lt\/wp-json\/wp\/v2\/product\/136895","targetHints":{"allow":["GET"]}}],"collection":[{"href":"https:\/\/kingarms.ee\/lt\/wp-json\/wp\/v2\/product"}],"about":[{"href":"https:\/\/kingarms.ee\/lt\/wp-json\/wp\/v2\/types\/product"}],"wp:featuredmedia":[{"embeddable":true,"href":"https:\/\/kingarms.ee\/lt\/wp-json\/wp\/v2\/media\/134257"}],"wp:attachment":[{"href":"https:\/\/kingarms.ee\/lt\/wp-json\/wp\/v2\/media?parent=136895"}],"wp:term":[{"taxonomy":"product_brand","embeddable":true,"href":"https:\/\/kingarms.ee\/lt\/wp-json\/wp\/v2\/product_brand?post=136895"},{"taxonomy":"product_cat","embeddable":true,"href":"https:\/\/kingarms.ee\/lt\/wp-json\/wp\/v2\/product_cat?post=136895"},{"taxonomy":"product_tag","embeddable":true,"href":"https:\/\/kingarms.ee\/lt\/wp-json\/wp\/v2\/product_tag?post=136895"}],"curies":[{"name":"wp","href":"https:\/\/api.w.org\/{rel}","templated":true}]}}