{"id":136899,"date":"2024-01-27T15:26:26","date_gmt":"2024-01-27T12:26:26","guid":{"rendered":"https:\/\/kingarms.ee\/product\/pipiru-purskiklis-nato-zalia-60-ml\/"},"modified":"2024-11-06T13:26:21","modified_gmt":"2024-11-06T10:26:21","slug":"pipiru-purskiama-nato-zalia-60ml","status":"publish","type":"product","link":"https:\/\/kingarms.ee\/lt\/product\/pipiru-purskiama-nato-zalia-60ml\/","title":{"rendered":"Pipir\u0173 pur\u0161kiklis NATO \u017ealia (60 ml)"},"content":{"rendered":"<p><img loading=\"lazy\" decoding=\"async\" class=\"alignnone size-full wp-image-94232\" src=\"https:\/\/kingarms.ee\/wp-content\/uploads\/2024\/01\/s-pdpxl.file_.jpeg\" alt=\"\" width=\"459\" height=\"459\" srcset=\"https:\/\/kingarms.ee\/wp-content\/uploads\/2024\/01\/s-pdpxl.file_.jpeg 459w, https:\/\/kingarms.ee\/wp-content\/uploads\/2024\/01\/s-pdpxl.file_-300x300.jpeg 300w, https:\/\/kingarms.ee\/wp-content\/uploads\/2024\/01\/s-pdpxl.file_-150x150.jpeg 150w\" sizes=\"auto, (max-width: 459px) 100vw, 459px\" \/><\/p>\n","protected":false},"excerpt":{"rendered":"<p>Pipir\u0173 pur\u0161kiama NATO \u017ealia (60 ml) Viena stipriausi\u0173 pipir\u0173 duj\u0173 rinkoje. Tinka naudoti patalpose. Didmenin\u0117 prekyba i\u0161 teritorij\u0173 50 vnt<\/p>\n","protected":false},"featured_media":134171,"template":"","meta":{"_acf_changed":false},"product_brand":[],"product_cat":[1254],"product_tag":[],"class_list":{"0":"post-136899","1":"product","2":"type-product","3":"status-publish","4":"has-post-thumbnail","6":"product_cat-pipiru-purskiklis","8":"first","9":"instock","10":"sale","11":"taxable","12":"shipping-taxable","13":"purchasable","14":"product-type-simple"},"acf":[],"_links":{"self":[{"href":"https:\/\/kingarms.ee\/lt\/wp-json\/wp\/v2\/product\/136899","targetHints":{"allow":["GET"]}}],"collection":[{"href":"https:\/\/kingarms.ee\/lt\/wp-json\/wp\/v2\/product"}],"about":[{"href":"https:\/\/kingarms.ee\/lt\/wp-json\/wp\/v2\/types\/product"}],"wp:featuredmedia":[{"embeddable":true,"href":"https:\/\/kingarms.ee\/lt\/wp-json\/wp\/v2\/media\/134171"}],"wp:attachment":[{"href":"https:\/\/kingarms.ee\/lt\/wp-json\/wp\/v2\/media?parent=136899"}],"wp:term":[{"taxonomy":"product_brand","embeddable":true,"href":"https:\/\/kingarms.ee\/lt\/wp-json\/wp\/v2\/product_brand?post=136899"},{"taxonomy":"product_cat","embeddable":true,"href":"https:\/\/kingarms.ee\/lt\/wp-json\/wp\/v2\/product_cat?post=136899"},{"taxonomy":"product_tag","embeddable":true,"href":"https:\/\/kingarms.ee\/lt\/wp-json\/wp\/v2\/product_tag?post=136899"}],"curies":[{"name":"wp","href":"https:\/\/api.w.org\/{rel}","templated":true}]}}