{"id":136901,"date":"2024-01-27T15:23:58","date_gmt":"2024-01-27T12:23:58","guid":{"rendered":"https:\/\/kingarms.ee\/product\/pipiru-purskiklis-nato-geltona-60-ml\/"},"modified":"2024-11-06T13:28:22","modified_gmt":"2024-11-06T10:28:22","slug":"pipiru-purskiama-nato-geltona-60ml","status":"publish","type":"product","link":"https:\/\/kingarms.ee\/lt\/product\/pipiru-purskiama-nato-geltona-60ml\/","title":{"rendered":"Pipir\u0173 pur\u0161kiklis NATO geltona (60 ml)"},"content":{"rendered":"<p><img loading=\"lazy\" decoding=\"async\" class=\"alignnone size-full wp-image-94223\" src=\"https:\/\/kingarms.ee\/wp-content\/uploads\/2024\/01\/pipragaas-nato-kollane-60ml.jpeg\" alt=\"\" width=\"800\" height=\"800\" srcset=\"https:\/\/kingarms.ee\/wp-content\/uploads\/2024\/01\/pipragaas-nato-kollane-60ml.jpeg 800w, https:\/\/kingarms.ee\/wp-content\/uploads\/2024\/01\/pipragaas-nato-kollane-60ml-300x300.jpeg 300w, https:\/\/kingarms.ee\/wp-content\/uploads\/2024\/01\/pipragaas-nato-kollane-60ml-150x150.jpeg 150w, https:\/\/kingarms.ee\/wp-content\/uploads\/2024\/01\/pipragaas-nato-kollane-60ml-768x768.jpeg 768w, https:\/\/kingarms.ee\/wp-content\/uploads\/2024\/01\/pipragaas-nato-kollane-60ml-500x500.jpeg 500w\" sizes=\"auto, (max-width: 800px) 100vw, 800px\" \/><\/p>\n","protected":false},"excerpt":{"rendered":"<p>Pipir\u0173 pur\u0161kiama NATO geltona (60 ml) Viena stipriausi\u0173 pipir\u0173 pipir\u0173 rinkoje. Tinka naudoti patalpose. Didmenin\u0117 prekyba i\u0161 teritorij\u0173 50 vnt<\/p>\n","protected":false},"featured_media":134153,"template":"","meta":{"_acf_changed":false},"product_brand":[],"product_cat":[1254],"product_tag":[],"class_list":{"0":"post-136901","1":"product","2":"type-product","3":"status-publish","4":"has-post-thumbnail","6":"product_cat-pipiru-purskiklis","8":"first","9":"outofstock","10":"taxable","11":"shipping-taxable","12":"purchasable","13":"product-type-simple"},"acf":[],"_links":{"self":[{"href":"https:\/\/kingarms.ee\/lt\/wp-json\/wp\/v2\/product\/136901","targetHints":{"allow":["GET"]}}],"collection":[{"href":"https:\/\/kingarms.ee\/lt\/wp-json\/wp\/v2\/product"}],"about":[{"href":"https:\/\/kingarms.ee\/lt\/wp-json\/wp\/v2\/types\/product"}],"wp:featuredmedia":[{"embeddable":true,"href":"https:\/\/kingarms.ee\/lt\/wp-json\/wp\/v2\/media\/134153"}],"wp:attachment":[{"href":"https:\/\/kingarms.ee\/lt\/wp-json\/wp\/v2\/media?parent=136901"}],"wp:term":[{"taxonomy":"product_brand","embeddable":true,"href":"https:\/\/kingarms.ee\/lt\/wp-json\/wp\/v2\/product_brand?post=136901"},{"taxonomy":"product_cat","embeddable":true,"href":"https:\/\/kingarms.ee\/lt\/wp-json\/wp\/v2\/product_cat?post=136901"},{"taxonomy":"product_tag","embeddable":true,"href":"https:\/\/kingarms.ee\/lt\/wp-json\/wp\/v2\/product_tag?post=136901"}],"curies":[{"name":"wp","href":"https:\/\/api.w.org\/{rel}","templated":true}]}}