{"id":136903,"date":"2024-01-27T15:00:34","date_gmt":"2024-01-27T12:00:34","guid":{"rendered":"https:\/\/kingarms.ee\/product\/pepper-spray-police-jav-60-ml\/"},"modified":"2024-11-06T13:30:27","modified_gmt":"2024-11-06T10:30:27","slug":"pipiru-duju-police-u-s-a-60ml","status":"publish","type":"product","link":"https:\/\/kingarms.ee\/lt\/product\/pipiru-duju-police-u-s-a-60ml\/","title":{"rendered":"\u201ePepper Spray Police\u201c (JAV) 60 ml"},"content":{"rendered":"<p><img loading=\"lazy\" decoding=\"async\" class=\"alignnone size-full wp-image-94194\" src=\"https:\/\/kingarms.ee\/wp-content\/uploads\/2024\/01\/127593_1553170089.jpeg\" alt=\"\" width=\"1200\" height=\"1200\" srcset=\"https:\/\/kingarms.ee\/wp-content\/uploads\/2024\/01\/127593_1553170089.jpeg 1200w, https:\/\/kingarms.ee\/wp-content\/uploads\/2024\/01\/127593_1553170089-300x300.jpeg 300w, https:\/\/kingarms.ee\/wp-content\/uploads\/2024\/01\/127593_1553170089-1024x1024.jpeg 1024w, https:\/\/kingarms.ee\/wp-content\/uploads\/2024\/01\/127593_1553170089-150x150.jpeg 150w, https:\/\/kingarms.ee\/wp-content\/uploads\/2024\/01\/127593_1553170089-768x768.jpeg 768w, https:\/\/kingarms.ee\/wp-content\/uploads\/2024\/01\/127593_1553170089-500x500.jpeg 500w\" sizes=\"auto, (max-width: 1200px) 100vw, 1200px\" \/><\/p>\n","protected":false},"excerpt":{"rendered":"<p>\u201ePepper Spray Police\u201c (JAV) yra viena stipriausi\u0173 pipir\u0173 duj\u0173 60 ml. Tinka naudoti patalpose. Didmenin\u0117 prekyba i\u0161 teritorij\u0173 50 vnt<\/p>\n","protected":false},"featured_media":134145,"template":"","meta":{"_acf_changed":false},"product_brand":[],"product_cat":[1254],"product_tag":[],"class_list":{"0":"post-136903","1":"product","2":"type-product","3":"status-publish","4":"has-post-thumbnail","6":"product_cat-pipiru-purskiklis","8":"first","9":"outofstock","10":"taxable","11":"shipping-taxable","12":"purchasable","13":"product-type-simple"},"acf":[],"_links":{"self":[{"href":"https:\/\/kingarms.ee\/lt\/wp-json\/wp\/v2\/product\/136903","targetHints":{"allow":["GET"]}}],"collection":[{"href":"https:\/\/kingarms.ee\/lt\/wp-json\/wp\/v2\/product"}],"about":[{"href":"https:\/\/kingarms.ee\/lt\/wp-json\/wp\/v2\/types\/product"}],"wp:featuredmedia":[{"embeddable":true,"href":"https:\/\/kingarms.ee\/lt\/wp-json\/wp\/v2\/media\/134145"}],"wp:attachment":[{"href":"https:\/\/kingarms.ee\/lt\/wp-json\/wp\/v2\/media?parent=136903"}],"wp:term":[{"taxonomy":"product_brand","embeddable":true,"href":"https:\/\/kingarms.ee\/lt\/wp-json\/wp\/v2\/product_brand?post=136903"},{"taxonomy":"product_cat","embeddable":true,"href":"https:\/\/kingarms.ee\/lt\/wp-json\/wp\/v2\/product_cat?post=136903"},{"taxonomy":"product_tag","embeddable":true,"href":"https:\/\/kingarms.ee\/lt\/wp-json\/wp\/v2\/product_tag?post=136903"}],"curies":[{"name":"wp","href":"https:\/\/api.w.org\/{rel}","templated":true}]}}