{"id":136937,"date":"2024-01-18T14:29:25","date_gmt":"2024-11-06T12:40:38","guid":{"rendered":"https:\/\/kingarms.ee\/product\/ziemos-pirstines-mechanix-salto-darbo-pagrindo-sluoksnio-pasleptas\/"},"modified":"2024-11-06T15:40:38","modified_gmt":"2024-11-06T12:40:38","slug":"ziemos-pirstines-mechanikliai-salys-bazes-sluoksnio-covertas","status":"publish","type":"product","link":"https:\/\/kingarms.ee\/lt\/product\/ziemos-pirstines-mechanikliai-salys-bazes-sluoksnio-covertas\/","title":{"rendered":"\u017diemos pir\u0161tin\u0117s Mechanix \u0161alto darbo pagrindo sluoksnio pasl\u0117ptas"},"content":{"rendered":"","protected":false},"excerpt":{"rendered":"<p>\u017diemos pir\u0161tin\u0117s Mechanix \u0161alto darbo pagrindo sluoksnio pasl\u0117ptas<\/p>\n<p>Funkcijos<\/p>\n<p>\u2022 Neper\u0161lampamas tempimo sofos strukt\u016bra neleid\u017eia \u0161alti orui \u012fsukti<br \/>\n\u2022 Mikrofli pamu\u0161alas prideda \u0161ilumos ir suteikia nepaprast\u0105 komfort\u0105<br \/>\n\u2022 Stilingas, \u017eemo profilio dizainas leid\u017eia naudoti pir\u0161tines kaip pamu\u0161alas arba atskiras<br \/>\n\u2022 Nyk\u0161\u010dio ir smili\u0173 pleistrai su jutikliniu ekranu<br \/>\n?<br \/>\n\u2022 Per\u0117jimo rankogali\u0173 dizainas u\u017etikrina tvirt\u0105 s\u0117dyn\u0119, i\u0161laikant elementus atokiau<br \/>\n?<br \/>\n\u2022 Gali b\u016bti d\u0117vimas kaip pamu\u0161alas arba stendo pir\u0161tin\u0117.<\/p>\n","protected":false},"featured_media":134036,"template":"","meta":{"_acf_changed":false},"product_brand":[],"product_cat":[1234],"product_tag":[],"class_list":{"0":"post-136937","1":"product","2":"type-product","3":"status-publish","4":"has-post-thumbnail","6":"product_cat-pirstines","8":"first","9":"instock","10":"sale","11":"taxable","12":"shipping-taxable","13":"purchasable","14":"product-type-variable"},"acf":[],"_links":{"self":[{"href":"https:\/\/kingarms.ee\/lt\/wp-json\/wp\/v2\/product\/136937","targetHints":{"allow":["GET"]}}],"collection":[{"href":"https:\/\/kingarms.ee\/lt\/wp-json\/wp\/v2\/product"}],"about":[{"href":"https:\/\/kingarms.ee\/lt\/wp-json\/wp\/v2\/types\/product"}],"wp:featuredmedia":[{"embeddable":true,"href":"https:\/\/kingarms.ee\/lt\/wp-json\/wp\/v2\/media\/134036"}],"wp:attachment":[{"href":"https:\/\/kingarms.ee\/lt\/wp-json\/wp\/v2\/media?parent=136937"}],"wp:term":[{"taxonomy":"product_brand","embeddable":true,"href":"https:\/\/kingarms.ee\/lt\/wp-json\/wp\/v2\/product_brand?post=136937"},{"taxonomy":"product_cat","embeddable":true,"href":"https:\/\/kingarms.ee\/lt\/wp-json\/wp\/v2\/product_cat?post=136937"},{"taxonomy":"product_tag","embeddable":true,"href":"https:\/\/kingarms.ee\/lt\/wp-json\/wp\/v2\/product_tag?post=136937"}],"curies":[{"name":"wp","href":"https:\/\/api.w.org\/{rel}","templated":true}]}}