{"id":136956,"date":"2024-01-18T14:07:08","date_gmt":"2024-11-06T12:45:49","guid":{"rendered":"https:\/\/kingarms.ee\/product\/taktiniai-apsauginiai-akiniai-mechanix-n-type\/"},"modified":"2024-11-06T15:45:49","modified_gmt":"2024-11-06T12:45:49","slug":"taktines-apsaugos-akiniai-mechanix-n-tuupi-3","status":"publish","type":"product","link":"https:\/\/kingarms.ee\/lt\/product\/taktines-apsaugos-akiniai-mechanix-n-tuupi-3\/","title":{"rendered":"Taktiniai apsauginiai akiniai Mechanix n-Type"},"content":{"rendered":"","protected":false},"excerpt":{"rendered":"<p>Taktiniai apsauginiai akiniai \u201eMechanix N-Type Vision N-Type\u201c apsauginiai akiniai yra pagaminti i\u0161 lengvo poveikiui atsparaus polikarbonato, u\u017etikrinan\u010dio maksimal\u0173 \u017ei\u016br\u0117jimo lauk\u0105 ir i\u0161sami\u0105 apsaug\u0105 nuo aki\u0173. Sukurtas vidaus ir lauko naudojimui skirtingose vietose. Savyb\u0117s: \u2022 Lengvas polikarbonato r\u0117mas suteikia maksimali\u0105 apsaug\u0105.<br \/>\n\u2022 Specialus objektyvo dangtis, kad b\u016bt\u0173 i\u0161vengta r\u016bko ir \u012fbr\u0117\u017eim\u0173.<br \/>\n\u2022 Lenktas objektyvas suteikia ypa\u010d ger\u0105 apsaug\u0105 nuo aki\u0173.<br \/>\n;<br \/>\n\u2022 Mink\u0161tos TPR aus\u0173 ir nosies trinkel\u0117s yra saugios, patogios ir neslystan\u010dios vietos.<br \/>\n\u2022 Tamsus d\u016bminis objektyvas tinka ilgalaikei saul\u0117s spinduliams.<br \/>\n!<br \/>\n\u2022 99% UV apsauga.<\/p>\n","protected":false},"featured_media":134277,"template":"","meta":{"_acf_changed":false},"product_brand":[],"product_cat":[1212,1210],"product_tag":[],"class_list":{"0":"post-136956","1":"product","2":"type-product","3":"status-publish","4":"has-post-thumbnail","6":"product_cat-balistiniai-akiniai","7":"product_cat-saugos-akiniai","9":"first","10":"instock","11":"taxable","12":"shipping-taxable","13":"purchasable","14":"product-type-simple"},"acf":[],"_links":{"self":[{"href":"https:\/\/kingarms.ee\/lt\/wp-json\/wp\/v2\/product\/136956","targetHints":{"allow":["GET"]}}],"collection":[{"href":"https:\/\/kingarms.ee\/lt\/wp-json\/wp\/v2\/product"}],"about":[{"href":"https:\/\/kingarms.ee\/lt\/wp-json\/wp\/v2\/types\/product"}],"wp:featuredmedia":[{"embeddable":true,"href":"https:\/\/kingarms.ee\/lt\/wp-json\/wp\/v2\/media\/134277"}],"wp:attachment":[{"href":"https:\/\/kingarms.ee\/lt\/wp-json\/wp\/v2\/media?parent=136956"}],"wp:term":[{"taxonomy":"product_brand","embeddable":true,"href":"https:\/\/kingarms.ee\/lt\/wp-json\/wp\/v2\/product_brand?post=136956"},{"taxonomy":"product_cat","embeddable":true,"href":"https:\/\/kingarms.ee\/lt\/wp-json\/wp\/v2\/product_cat?post=136956"},{"taxonomy":"product_tag","embeddable":true,"href":"https:\/\/kingarms.ee\/lt\/wp-json\/wp\/v2\/product_tag?post=136956"}],"curies":[{"name":"wp","href":"https:\/\/api.w.org\/{rel}","templated":true}]}}