{"id":136967,"date":"2024-01-17T12:33:01","date_gmt":"2024-11-06T16:14:51","guid":{"rendered":"https:\/\/kingarms.ee\/product\/permosios-pestalbos-krepshys\/"},"modified":"2024-11-06T19:14:51","modified_gmt":"2024-11-06T16:14:51","slug":"pirmosios-pagalbos-krepsys","status":"publish","type":"product","link":"https:\/\/kingarms.ee\/lt\/product\/pirmosios-pagalbos-krepsys\/","title":{"rendered":"Permosios Pestalbos krepshys"},"content":{"rendered":"","protected":false},"excerpt":{"rendered":"<p>Permosios Pestalbos Krep\u0161ys nuimasa Kabliuko &#8216;Molle&#8217; Figsavimo Linijos blobht\u0117<br \/>\nIR 2 D \u017dODAI IR 2 MOLL DIR\u017dLAIAI<br \/>\nSkruzd\u017ei\u0173 nogaros tavo mygtuku papaudus<br \/>\nShoniniai Molle Montavimo Augalai<br \/>\nRegulijamas Kabliuko<br \/>\n\u201eHook-Aa\u201c Prie\u0161ai Atvart\u0105, 2 Shoniniai Uztraukuukai<br \/>\nIR TVARTAS<br \/>\nNiimas NeshioJimo Juosta, Raudona<br \/>\nKabliuko ir Kilpos &#8216;zhm\u0117s&#8217;<br \/>\nKilpos Skydelis Su &#8220;Permosios Pagalbo&#8221; Pleissa.<br \/>\n\u201eSkiriazi d\u0117\u017eut\u0117si\u201c ir<br \/>\nGumin\u0117s Pievos Viduje<br \/>\nPriztatata BUK Turinio!<br \/>\nMatmenys: ca. 16 x 18 x 8 cm (l x k x s)<\/p>\n","protected":false},"featured_media":134343,"template":"","meta":{"_acf_changed":false},"product_brand":[],"product_cat":[1246,1240],"product_tag":[],"class_list":{"0":"post-136967","1":"product","2":"type-product","3":"status-publish","4":"has-post-thumbnail","6":"product_cat-kisenes","7":"product_cat-maiseliai-krepsiai-ir-dirzeliai","9":"first","10":"instock","11":"taxable","12":"shipping-taxable","13":"purchasable","14":"product-type-simple"},"acf":[],"_links":{"self":[{"href":"https:\/\/kingarms.ee\/lt\/wp-json\/wp\/v2\/product\/136967","targetHints":{"allow":["GET"]}}],"collection":[{"href":"https:\/\/kingarms.ee\/lt\/wp-json\/wp\/v2\/product"}],"about":[{"href":"https:\/\/kingarms.ee\/lt\/wp-json\/wp\/v2\/types\/product"}],"wp:featuredmedia":[{"embeddable":true,"href":"https:\/\/kingarms.ee\/lt\/wp-json\/wp\/v2\/media\/134343"}],"wp:attachment":[{"href":"https:\/\/kingarms.ee\/lt\/wp-json\/wp\/v2\/media?parent=136967"}],"wp:term":[{"taxonomy":"product_brand","embeddable":true,"href":"https:\/\/kingarms.ee\/lt\/wp-json\/wp\/v2\/product_brand?post=136967"},{"taxonomy":"product_cat","embeddable":true,"href":"https:\/\/kingarms.ee\/lt\/wp-json\/wp\/v2\/product_cat?post=136967"},{"taxonomy":"product_tag","embeddable":true,"href":"https:\/\/kingarms.ee\/lt\/wp-json\/wp\/v2\/product_tag?post=136967"}],"curies":[{"name":"wp","href":"https:\/\/api.w.org\/{rel}","templated":true}]}}