{"id":137020,"date":"2023-12-30T14:18:24","date_gmt":"2024-11-08T10:49:24","guid":{"rendered":"https:\/\/kingarms.ee\/product\/juodoji-mamba-9mm-i-starterio-pistoleta\/"},"modified":"2024-11-08T13:49:24","modified_gmt":"2024-11-08T10:49:24","slug":"i-juodaji-mamba-9mm-start-pustol","status":"publish","type":"product","link":"https:\/\/kingarms.ee\/lt\/product\/i-juodaji-mamba-9mm-start-pustol\/","title":{"rendered":"Juodoji \u201eMamba 9mm\u201c (\u012f starterio pistolet\u0105)"},"content":{"rendered":"<p><img loading=\"lazy\" decoding=\"async\" class=\"alignnone size-full wp-image-90369\" src=\"https:\/\/kingarms.ee\/wp-content\/uploads\/2023\/12\/Black-Mamba-9mm-P-A-K-Schachtel-Offen-Front-3_600x600.jpg\" alt=\"\" width=\"600\" height=\"400\" srcset=\"https:\/\/kingarms.ee\/wp-content\/uploads\/2023\/12\/Black-Mamba-9mm-P-A-K-Schachtel-Offen-Front-3_600x600.jpg 600w, https:\/\/kingarms.ee\/wp-content\/uploads\/2023\/12\/Black-Mamba-9mm-P-A-K-Schachtel-Offen-Front-3_600x600-300x200.jpg 300w, https:\/\/kingarms.ee\/wp-content\/uploads\/2023\/12\/Black-Mamba-9mm-P-A-K-Schachtel-Offen-Front-3_600x600-500x333.jpg 500w, https:\/\/kingarms.ee\/wp-content\/uploads\/2023\/12\/Black-Mamba-9mm-P-A-K-Schachtel-Offen-Front-3_600x600-150x100.jpg 150w\" sizes=\"auto, (max-width: 600px) 100vw, 600px\" \/><\/p>\n","protected":false},"excerpt":{"rendered":"<p>Juodoji \u201eMamba 9mm\u201c (\u012f starterio pistolet\u0105)<\/p>\n<p>Bango kaset\u0117s u\u017e starterio pistolet\u0105.<\/p>\n<p>Kalibras: 9 mm P.A.K<br \/>\n50 vnt.<\/p>\n","protected":false},"featured_media":133321,"template":"","meta":{"_acf_changed":false},"product_brand":[],"product_cat":[1190],"product_tag":[],"class_list":{"0":"post-137020","1":"product","2":"type-product","3":"status-publish","4":"has-post-thumbnail","6":"product_cat-tuscias-kasete","8":"first","9":"instock","10":"taxable","11":"shipping-taxable","12":"purchasable","13":"product-type-simple"},"acf":[],"_links":{"self":[{"href":"https:\/\/kingarms.ee\/lt\/wp-json\/wp\/v2\/product\/137020","targetHints":{"allow":["GET"]}}],"collection":[{"href":"https:\/\/kingarms.ee\/lt\/wp-json\/wp\/v2\/product"}],"about":[{"href":"https:\/\/kingarms.ee\/lt\/wp-json\/wp\/v2\/types\/product"}],"wp:featuredmedia":[{"embeddable":true,"href":"https:\/\/kingarms.ee\/lt\/wp-json\/wp\/v2\/media\/133321"}],"wp:attachment":[{"href":"https:\/\/kingarms.ee\/lt\/wp-json\/wp\/v2\/media?parent=137020"}],"wp:term":[{"taxonomy":"product_brand","embeddable":true,"href":"https:\/\/kingarms.ee\/lt\/wp-json\/wp\/v2\/product_brand?post=137020"},{"taxonomy":"product_cat","embeddable":true,"href":"https:\/\/kingarms.ee\/lt\/wp-json\/wp\/v2\/product_cat?post=137020"},{"taxonomy":"product_tag","embeddable":true,"href":"https:\/\/kingarms.ee\/lt\/wp-json\/wp\/v2\/product_tag?post=137020"}],"curies":[{"name":"wp","href":"https:\/\/api.w.org\/{rel}","templated":true}]}}