{"id":137083,"date":"2023-12-16T17:33:38","date_gmt":"2024-11-08T12:13:17","guid":{"rendered":"https:\/\/kingarms.ee\/product\/oro-pistoletas-125x-camo\/"},"modified":"2024-11-08T15:13:17","modified_gmt":"2024-11-08T12:13:17","slug":"ohkrelv-retay-125x-camo","status":"publish","type":"product","link":"https:\/\/kingarms.ee\/lt\/product\/ohkrelv-retay-125x-camo\/","title":{"rendered":"Oro pistoletas 125x camo"},"content":{"rendered":"<p><img loading=\"lazy\" decoding=\"async\" class=\"alignnone size-full wp-image-89609\" src=\"https:\/\/kingarms.ee\/wp-content\/uploads\/2023\/12\/125x-camo.png\" alt=\"\" width=\"2501\" height=\"827\" srcset=\"https:\/\/kingarms.ee\/wp-content\/uploads\/2023\/12\/125x-camo.png 2501w, https:\/\/kingarms.ee\/wp-content\/uploads\/2023\/12\/125x-camo-300x99.png 300w, https:\/\/kingarms.ee\/wp-content\/uploads\/2023\/12\/125x-camo-1024x339.png 1024w, https:\/\/kingarms.ee\/wp-content\/uploads\/2023\/12\/125x-camo-768x254.png 768w, https:\/\/kingarms.ee\/wp-content\/uploads\/2023\/12\/125x-camo-1536x508.png 1536w, https:\/\/kingarms.ee\/wp-content\/uploads\/2023\/12\/125x-camo-2048x677.png 2048w, https:\/\/kingarms.ee\/wp-content\/uploads\/2023\/12\/125x-camo-500x165.png 500w, https:\/\/kingarms.ee\/wp-content\/uploads\/2023\/12\/125x-camo-150x50.png 150w\" sizes=\"auto, (max-width: 2501px) 100vw, 2501px\" \/><\/p>\n","protected":false},"excerpt":{"rendered":"<p>Kalibras .177 &#8221; \/ 4,5 mm<br \/>\nPertraukos statin\u0117s pasukimo sistema<br \/>\nGreitis 258m\/s<br \/>\nSvoris 3390 gr<br \/>\nIlgis 1161 mm<br \/>\nPagrindinis sintetinis, mink\u0161tas, padengtas nyk\u0161\u010diais<br \/>\n\u201ePicatinny\u201c gele\u017einkelis<br \/>\nSaugumas<\/p>\n","protected":false},"featured_media":133120,"template":"","meta":{"_acf_changed":false},"product_brand":[],"product_cat":[1145],"product_tag":[],"class_list":{"0":"post-137083","1":"product","2":"type-product","3":"status-publish","4":"has-post-thumbnail","6":"product_cat-snaiperio-sautuvai-4-5-mm","8":"first","9":"instock","10":"taxable","11":"shipping-taxable","12":"purchasable","13":"product-type-simple"},"acf":[],"_links":{"self":[{"href":"https:\/\/kingarms.ee\/lt\/wp-json\/wp\/v2\/product\/137083","targetHints":{"allow":["GET"]}}],"collection":[{"href":"https:\/\/kingarms.ee\/lt\/wp-json\/wp\/v2\/product"}],"about":[{"href":"https:\/\/kingarms.ee\/lt\/wp-json\/wp\/v2\/types\/product"}],"wp:featuredmedia":[{"embeddable":true,"href":"https:\/\/kingarms.ee\/lt\/wp-json\/wp\/v2\/media\/133120"}],"wp:attachment":[{"href":"https:\/\/kingarms.ee\/lt\/wp-json\/wp\/v2\/media?parent=137083"}],"wp:term":[{"taxonomy":"product_brand","embeddable":true,"href":"https:\/\/kingarms.ee\/lt\/wp-json\/wp\/v2\/product_brand?post=137083"},{"taxonomy":"product_cat","embeddable":true,"href":"https:\/\/kingarms.ee\/lt\/wp-json\/wp\/v2\/product_cat?post=137083"},{"taxonomy":"product_tag","embeddable":true,"href":"https:\/\/kingarms.ee\/lt\/wp-json\/wp\/v2\/product_tag?post=137083"}],"curies":[{"name":"wp","href":"https:\/\/api.w.org\/{rel}","templated":true}]}}