{"id":137087,"date":"2023-12-05T21:32:18","date_gmt":"2024-11-08T12:17:35","guid":{"rendered":"https:\/\/kingarms.ee\/product\/trasser-smeizto-wosport\/"},"modified":"2024-11-08T15:17:35","modified_gmt":"2024-11-08T12:17:35","slug":"trasser-tummer-wosport","status":"publish","type":"product","link":"https:\/\/kingarms.ee\/lt\/product\/trasser-tummer-wosport\/","title":{"rendered":"\u201eTrasser\u201c \u0161mei\u017eto wosport"},"content":{"rendered":"<p><img loading=\"lazy\" decoding=\"async\" class=\"alignnone size-full wp-image-85854\" src=\"https:\/\/kingarms.ee\/wp-content\/uploads\/2023\/12\/wosport-autotracer-unit-lighter-5-11mm-wo-ex08b.jpeg\" alt=\"\" width=\"1000\" height=\"1000\" srcset=\"https:\/\/kingarms.ee\/wp-content\/uploads\/2023\/12\/wosport-autotracer-unit-lighter-5-11mm-wo-ex08b.jpeg 1000w, https:\/\/kingarms.ee\/wp-content\/uploads\/2023\/12\/wosport-autotracer-unit-lighter-5-11mm-wo-ex08b-300x300.jpeg 300w, https:\/\/kingarms.ee\/wp-content\/uploads\/2023\/12\/wosport-autotracer-unit-lighter-5-11mm-wo-ex08b-150x150.jpeg 150w, https:\/\/kingarms.ee\/wp-content\/uploads\/2023\/12\/wosport-autotracer-unit-lighter-5-11mm-wo-ex08b-768x768.jpeg 768w, https:\/\/kingarms.ee\/wp-content\/uploads\/2023\/12\/wosport-autotracer-unit-lighter-5-11mm-wo-ex08b-500x500.jpeg 500w\" sizes=\"auto, (max-width: 1000px) 100vw, 1000px\" \/><\/p>\n","protected":false},"excerpt":{"rendered":"<p>\u201eTrasser\u201c \u0161mei\u017eto wosport<\/p>\n<p>Automobilis brangus<br \/>\nTinka rankiniam ginklui ir prekybos automatai<br \/>\nAdapteris \u012ftrauktas \u012f rinkin\u012f<br \/>\nPagamintas i\u0161 aliuminio<br \/>\nGalia 5W<br \/>\nKomplektuojamas su USB \u012fkrovimo kabeliu<br \/>\nPastatyta -3,7 V 250mAh li\u010dio baterija<br \/>\nSvoris 90 g<br \/>\nIlgis 85 mm<br \/>\nSkersmuo 29 mm<\/p>\n","protected":false},"featured_media":131442,"template":"","meta":{"_acf_changed":false},"product_brand":[],"product_cat":[1256],"product_tag":[],"class_list":{"0":"post-137087","1":"product","2":"type-product","3":"status-publish","4":"has-post-thumbnail","6":"product_cat-duslintuvai","8":"first","9":"instock","10":"taxable","11":"shipping-taxable","12":"purchasable","13":"product-type-simple"},"acf":[],"_links":{"self":[{"href":"https:\/\/kingarms.ee\/lt\/wp-json\/wp\/v2\/product\/137087","targetHints":{"allow":["GET"]}}],"collection":[{"href":"https:\/\/kingarms.ee\/lt\/wp-json\/wp\/v2\/product"}],"about":[{"href":"https:\/\/kingarms.ee\/lt\/wp-json\/wp\/v2\/types\/product"}],"wp:featuredmedia":[{"embeddable":true,"href":"https:\/\/kingarms.ee\/lt\/wp-json\/wp\/v2\/media\/131442"}],"wp:attachment":[{"href":"https:\/\/kingarms.ee\/lt\/wp-json\/wp\/v2\/media?parent=137087"}],"wp:term":[{"taxonomy":"product_brand","embeddable":true,"href":"https:\/\/kingarms.ee\/lt\/wp-json\/wp\/v2\/product_brand?post=137087"},{"taxonomy":"product_cat","embeddable":true,"href":"https:\/\/kingarms.ee\/lt\/wp-json\/wp\/v2\/product_cat?post=137087"},{"taxonomy":"product_tag","embeddable":true,"href":"https:\/\/kingarms.ee\/lt\/wp-json\/wp\/v2\/product_tag?post=137087"}],"curies":[{"name":"wp","href":"https:\/\/api.w.org\/{rel}","templated":true}]}}