{"id":137089,"date":"2023-12-05T21:23:51","date_gmt":"2024-11-08T12:19:32","guid":{"rendered":"https:\/\/kingarms.ee\/product\/hi-capa-3-8-mes\/"},"modified":"2024-11-08T15:19:32","modified_gmt":"2024-11-08T12:19:32","slug":"hi-capa-3-8-we","status":"publish","type":"product","link":"https:\/\/kingarms.ee\/lt\/product\/hi-capa-3-8-we\/","title":{"rendered":"\u201eHi-Capa 3.8\u201c (mes)"},"content":{"rendered":"<p><img loading=\"lazy\" decoding=\"async\" class=\"alignnone size-full wp-image-85840\" src=\"https:\/\/kingarms.ee\/wp-content\/uploads\/2023\/12\/we-gas-pistol-hi-capa-38-wet-3-deinonychus-black-wh7wet-3.jpeg\" alt=\"\" width=\"1000\" height=\"1000\" srcset=\"https:\/\/kingarms.ee\/wp-content\/uploads\/2023\/12\/we-gas-pistol-hi-capa-38-wet-3-deinonychus-black-wh7wet-3.jpeg 1000w, https:\/\/kingarms.ee\/wp-content\/uploads\/2023\/12\/we-gas-pistol-hi-capa-38-wet-3-deinonychus-black-wh7wet-3-300x300.jpeg 300w, https:\/\/kingarms.ee\/wp-content\/uploads\/2023\/12\/we-gas-pistol-hi-capa-38-wet-3-deinonychus-black-wh7wet-3-150x150.jpeg 150w, https:\/\/kingarms.ee\/wp-content\/uploads\/2023\/12\/we-gas-pistol-hi-capa-38-wet-3-deinonychus-black-wh7wet-3-768x768.jpeg 768w, https:\/\/kingarms.ee\/wp-content\/uploads\/2023\/12\/we-gas-pistol-hi-capa-38-wet-3-deinonychus-black-wh7wet-3-500x500.jpeg 500w\" sizes=\"auto, (max-width: 1000px) 100vw, 1000px\" \/><\/p>\n","protected":false},"excerpt":{"rendered":"<p>\u201eHi-Capa 3.8\u201c (mes)<\/p>\n<p>Duj\u0173 pistoletas \u201eHi-Capa 3.8\u201c<br \/>\nPagaminta i\u0161 metalini\u0173 rogi\u0173 ir polimer\u0173 k\u016bno<br \/>\nGr\u012f\u017eimo sistema (\u201eBlowback\u201c)<br \/>\nGalima \u012fdiegti lazerio vadov\u0105 ant Reilo<br \/>\n5 rutuli\u0173 d\u0117klo t\u016bris<br \/>\nApsauginis insultas ir vienas kadras<br \/>\nTikslas yra reguliuojamas<br \/>\nIlgis 190 mm<br \/>\nSvoris 940G<\/p>\n","protected":false},"featured_media":131435,"template":"","meta":{"_acf_changed":false},"product_brand":[],"product_cat":[1138],"product_tag":[],"class_list":{"0":"post-137089","1":"product","2":"type-product","3":"status-publish","4":"has-post-thumbnail","6":"product_cat-airsoft-pistols","8":"first","9":"onbackorder","10":"taxable","11":"shipping-taxable","12":"product-type-simple"},"acf":[],"_links":{"self":[{"href":"https:\/\/kingarms.ee\/lt\/wp-json\/wp\/v2\/product\/137089","targetHints":{"allow":["GET"]}}],"collection":[{"href":"https:\/\/kingarms.ee\/lt\/wp-json\/wp\/v2\/product"}],"about":[{"href":"https:\/\/kingarms.ee\/lt\/wp-json\/wp\/v2\/types\/product"}],"wp:featuredmedia":[{"embeddable":true,"href":"https:\/\/kingarms.ee\/lt\/wp-json\/wp\/v2\/media\/131435"}],"wp:attachment":[{"href":"https:\/\/kingarms.ee\/lt\/wp-json\/wp\/v2\/media?parent=137089"}],"wp:term":[{"taxonomy":"product_brand","embeddable":true,"href":"https:\/\/kingarms.ee\/lt\/wp-json\/wp\/v2\/product_brand?post=137089"},{"taxonomy":"product_cat","embeddable":true,"href":"https:\/\/kingarms.ee\/lt\/wp-json\/wp\/v2\/product_cat?post=137089"},{"taxonomy":"product_tag","embeddable":true,"href":"https:\/\/kingarms.ee\/lt\/wp-json\/wp\/v2\/product_tag?post=137089"}],"curies":[{"name":"wp","href":"https:\/\/api.w.org\/{rel}","templated":true}]}}