{"id":137093,"date":"2023-12-05T21:12:40","date_gmt":"2024-11-08T14:17:56","guid":{"rendered":"https:\/\/kingarms.ee\/product\/glock-g18-mes\/"},"modified":"2024-11-08T17:17:56","modified_gmt":"2024-11-08T14:17:56","slug":"glock-g18-we","status":"publish","type":"product","link":"https:\/\/kingarms.ee\/lt\/product\/glock-g18-we\/","title":{"rendered":"\u201eGlock G18\u201c (mes)"},"content":{"rendered":"<p><img loading=\"lazy\" decoding=\"async\" class=\"alignnone size-full wp-image-85800\" src=\"https:\/\/kingarms.ee\/wp-content\/uploads\/2023\/12\/we-gas-pistol-g18-force-series-t3-wg02wet-3.jpeg\" alt=\"\" width=\"1000\" height=\"1000\" srcset=\"https:\/\/kingarms.ee\/wp-content\/uploads\/2023\/12\/we-gas-pistol-g18-force-series-t3-wg02wet-3.jpeg 1000w, https:\/\/kingarms.ee\/wp-content\/uploads\/2023\/12\/we-gas-pistol-g18-force-series-t3-wg02wet-3-300x300.jpeg 300w, https:\/\/kingarms.ee\/wp-content\/uploads\/2023\/12\/we-gas-pistol-g18-force-series-t3-wg02wet-3-150x150.jpeg 150w, https:\/\/kingarms.ee\/wp-content\/uploads\/2023\/12\/we-gas-pistol-g18-force-series-t3-wg02wet-3-768x768.jpeg 768w, https:\/\/kingarms.ee\/wp-content\/uploads\/2023\/12\/we-gas-pistol-g18-force-series-t3-wg02wet-3-500x500.jpeg 500w\" sizes=\"auto, (max-width: 1000px) 100vw, 1000px\" \/><\/p>\n","protected":false},"excerpt":{"rendered":"<p>\u201eGlock G18\u201c (mes)<\/p>\n<p>\u201eGas Gun G18 Force\u201c serija (GBB)<br \/>\nAukso spalvos vamzdis, sidabrin\u0117 rog\u0117 ir juodas k\u016bnas<br \/>\nPagaminta i\u0161 metalini\u0173 rogi\u0173 ir polimer\u0173 k\u016bno<br \/>\nGr\u012f\u017eimo sistema (\u201eBlowback\u201c)<br \/>\n24 rutuli\u0173 d\u0117klo t\u016bris<br \/>\nApsauginis insultas, vienas kadras ir jud\u0117jimas<br \/>\nTikslas yra reguliuojamas<br \/>\nIlgis 190 mm<br \/>\nSvoris 800 g<\/p>\n","protected":false},"featured_media":131412,"template":"","meta":{"_acf_changed":false},"product_brand":[],"product_cat":[1138],"product_tag":[],"class_list":{"0":"post-137093","1":"product","2":"type-product","3":"status-publish","4":"has-post-thumbnail","6":"product_cat-airsoft-pistols","8":"first","9":"onbackorder","10":"taxable","11":"shipping-taxable","12":"product-type-simple"},"acf":[],"_links":{"self":[{"href":"https:\/\/kingarms.ee\/lt\/wp-json\/wp\/v2\/product\/137093","targetHints":{"allow":["GET"]}}],"collection":[{"href":"https:\/\/kingarms.ee\/lt\/wp-json\/wp\/v2\/product"}],"about":[{"href":"https:\/\/kingarms.ee\/lt\/wp-json\/wp\/v2\/types\/product"}],"wp:featuredmedia":[{"embeddable":true,"href":"https:\/\/kingarms.ee\/lt\/wp-json\/wp\/v2\/media\/131412"}],"wp:attachment":[{"href":"https:\/\/kingarms.ee\/lt\/wp-json\/wp\/v2\/media?parent=137093"}],"wp:term":[{"taxonomy":"product_brand","embeddable":true,"href":"https:\/\/kingarms.ee\/lt\/wp-json\/wp\/v2\/product_brand?post=137093"},{"taxonomy":"product_cat","embeddable":true,"href":"https:\/\/kingarms.ee\/lt\/wp-json\/wp\/v2\/product_cat?post=137093"},{"taxonomy":"product_tag","embeddable":true,"href":"https:\/\/kingarms.ee\/lt\/wp-json\/wp\/v2\/product_tag?post=137093"}],"curies":[{"name":"wp","href":"https:\/\/api.w.org\/{rel}","templated":true}]}}