{"id":137095,"date":"2023-12-05T20:53:00","date_gmt":"2024-11-08T14:22:04","guid":{"rendered":"https:\/\/kingarms.ee\/product\/ginklas-i-sustabdyta-papludimi\/"},"modified":"2024-11-08T17:22:04","modified_gmt":"2024-11-08T14:22:04","slug":"ginklo-pavasaris-ranka","status":"publish","type":"product","link":"https:\/\/kingarms.ee\/lt\/product\/ginklo-pavasaris-ranka\/","title":{"rendered":"Ginklas \u012f sustabdyt\u0105 papl\u016bdim\u012f"},"content":{"rendered":"<p><img loading=\"lazy\" decoding=\"async\" class=\"alignnone size-full wp-image-85773\" src=\"https:\/\/kingarms.ee\/wp-content\/uploads\/2023\/12\/vigor-spring-powered-pistol-v015.jpeg\" alt=\"\" width=\"1000\" height=\"1000\" srcset=\"https:\/\/kingarms.ee\/wp-content\/uploads\/2023\/12\/vigor-spring-powered-pistol-v015.jpeg 1000w, https:\/\/kingarms.ee\/wp-content\/uploads\/2023\/12\/vigor-spring-powered-pistol-v015-300x300.jpeg 300w, https:\/\/kingarms.ee\/wp-content\/uploads\/2023\/12\/vigor-spring-powered-pistol-v015-150x150.jpeg 150w, https:\/\/kingarms.ee\/wp-content\/uploads\/2023\/12\/vigor-spring-powered-pistol-v015-768x768.jpeg 768w, https:\/\/kingarms.ee\/wp-content\/uploads\/2023\/12\/vigor-spring-powered-pistol-v015-500x500.jpeg 500w\" sizes=\"auto, (max-width: 1000px) 100vw, 1000px\" \/><\/p>\n","protected":false},"excerpt":{"rendered":"<p>Pistoletas<br \/>\nMetalin\u0117 rog\u0117 ir k\u016bno abs plastikas<br \/>\nVienas \u0161\u016bvis<br \/>\nD\u0117klo 12 t\u016brio rutuliai<br \/>\nGalima \u012fdiegti lazerio sluoksn\u012f<br \/>\nMatmenys 190 mm x 140 mm x 35 mm<br \/>\nSvoris 340 g<\/p>\n","protected":false},"featured_media":131400,"template":"","meta":{"_acf_changed":false},"product_brand":[],"product_cat":[1138],"product_tag":[],"class_list":{"0":"post-137095","1":"product","2":"type-product","3":"status-publish","4":"has-post-thumbnail","6":"product_cat-airsoft-pistols","8":"first","9":"instock","10":"taxable","11":"shipping-taxable","12":"purchasable","13":"product-type-simple"},"acf":[],"_links":{"self":[{"href":"https:\/\/kingarms.ee\/lt\/wp-json\/wp\/v2\/product\/137095","targetHints":{"allow":["GET"]}}],"collection":[{"href":"https:\/\/kingarms.ee\/lt\/wp-json\/wp\/v2\/product"}],"about":[{"href":"https:\/\/kingarms.ee\/lt\/wp-json\/wp\/v2\/types\/product"}],"wp:featuredmedia":[{"embeddable":true,"href":"https:\/\/kingarms.ee\/lt\/wp-json\/wp\/v2\/media\/131400"}],"wp:attachment":[{"href":"https:\/\/kingarms.ee\/lt\/wp-json\/wp\/v2\/media?parent=137095"}],"wp:term":[{"taxonomy":"product_brand","embeddable":true,"href":"https:\/\/kingarms.ee\/lt\/wp-json\/wp\/v2\/product_brand?post=137095"},{"taxonomy":"product_cat","embeddable":true,"href":"https:\/\/kingarms.ee\/lt\/wp-json\/wp\/v2\/product_cat?post=137095"},{"taxonomy":"product_tag","embeddable":true,"href":"https:\/\/kingarms.ee\/lt\/wp-json\/wp\/v2\/product_tag?post=137095"}],"curies":[{"name":"wp","href":"https:\/\/api.w.org\/{rel}","templated":true}]}}