{"id":137100,"date":"2023-12-05T20:36:27","date_gmt":"2024-11-08T14:29:08","guid":{"rendered":"https:\/\/kingarms.ee\/product\/m18-rankine-granata-gbb\/"},"modified":"2024-11-08T17:29:08","modified_gmt":"2024-11-08T14:29:08","slug":"m18-cascigrenade-gbb","status":"publish","type":"product","link":"https:\/\/kingarms.ee\/lt\/product\/m18-cascigrenade-gbb\/","title":{"rendered":"\u201eM18\u201c rankin\u0117 granata (GBB)"},"content":{"rendered":"<p><img loading=\"lazy\" decoding=\"async\" class=\"alignnone size-full wp-image-85740\" src=\"https:\/\/kingarms.ee\/wp-content\/uploads\/2023\/12\/grenade-a-mains-18-billes-full-metal-a-minuterie-reglable-a-gaz-airsoft.jpeg\" alt=\"\" width=\"600\" height=\"600\" srcset=\"https:\/\/kingarms.ee\/wp-content\/uploads\/2023\/12\/grenade-a-mains-18-billes-full-metal-a-minuterie-reglable-a-gaz-airsoft.jpeg 600w, https:\/\/kingarms.ee\/wp-content\/uploads\/2023\/12\/grenade-a-mains-18-billes-full-metal-a-minuterie-reglable-a-gaz-airsoft-300x300.jpeg 300w, https:\/\/kingarms.ee\/wp-content\/uploads\/2023\/12\/grenade-a-mains-18-billes-full-metal-a-minuterie-reglable-a-gaz-airsoft-150x150.jpeg 150w, https:\/\/kingarms.ee\/wp-content\/uploads\/2023\/12\/grenade-a-mains-18-billes-full-metal-a-minuterie-reglable-a-gaz-airsoft-500x500.jpeg 500w\" sizes=\"auto, (max-width: 600px) 100vw, 600px\" \/><\/p>\n","protected":false},"excerpt":{"rendered":"<p>\u201eM18\u201c rankin\u0117 granata (GBB)<\/p>\n<p>Rankin\u0117 granata M18 stiliaus<br \/>\nMetalas<br \/>\nGranada atliekama d\u0117l \u017eali\u0173j\u0173 duj\u0173 (GBB) d\u0117l<br \/>\nTalpa 18 m\u0117nesi\u0173 6 mm arba 4,5 mm<br \/>\nReguliuojamas augalas<br \/>\nMatmenys 55 mm x 55 mm x 135 mm<br \/>\nSvoris 370G<\/p>\n","protected":false},"featured_media":132809,"template":"","meta":{"_acf_changed":false},"product_brand":[],"product_cat":[1262],"product_tag":[],"class_list":{"0":"post-137100","1":"product","2":"type-product","3":"status-publish","4":"has-post-thumbnail","6":"product_cat-granata-lt","8":"first","9":"onbackorder","10":"taxable","11":"shipping-taxable","12":"product-type-simple"},"acf":[],"_links":{"self":[{"href":"https:\/\/kingarms.ee\/lt\/wp-json\/wp\/v2\/product\/137100","targetHints":{"allow":["GET"]}}],"collection":[{"href":"https:\/\/kingarms.ee\/lt\/wp-json\/wp\/v2\/product"}],"about":[{"href":"https:\/\/kingarms.ee\/lt\/wp-json\/wp\/v2\/types\/product"}],"wp:featuredmedia":[{"embeddable":true,"href":"https:\/\/kingarms.ee\/lt\/wp-json\/wp\/v2\/media\/132809"}],"wp:attachment":[{"href":"https:\/\/kingarms.ee\/lt\/wp-json\/wp\/v2\/media?parent=137100"}],"wp:term":[{"taxonomy":"product_brand","embeddable":true,"href":"https:\/\/kingarms.ee\/lt\/wp-json\/wp\/v2\/product_brand?post=137100"},{"taxonomy":"product_cat","embeddable":true,"href":"https:\/\/kingarms.ee\/lt\/wp-json\/wp\/v2\/product_cat?post=137100"},{"taxonomy":"product_tag","embeddable":true,"href":"https:\/\/kingarms.ee\/lt\/wp-json\/wp\/v2\/product_tag?post=137100"}],"curies":[{"name":"wp","href":"https:\/\/api.w.org\/{rel}","templated":true}]}}