{"id":137102,"date":"2023-12-05T20:31:28","date_gmt":"2024-11-08T14:31:19","guid":{"rendered":"https:\/\/kingarms.ee\/product\/mk2-rankine-granata-gbb\/"},"modified":"2024-11-08T17:31:19","modified_gmt":"2024-11-08T14:31:19","slug":"mk2-cascigrenade-gbb","status":"publish","type":"product","link":"https:\/\/kingarms.ee\/lt\/product\/mk2-cascigrenade-gbb\/","title":{"rendered":"MK2 rankin\u0117 granata (GBB)"},"content":{"rendered":"<p><img loading=\"lazy\" decoding=\"async\" class=\"alignnone size-full wp-image-85729\" src=\"https:\/\/kingarms.ee\/wp-content\/uploads\/2023\/12\/mk2-gas-hand-granade-tan-sy838t.jpeg\" alt=\"\" width=\"1000\" height=\"1000\" srcset=\"https:\/\/kingarms.ee\/wp-content\/uploads\/2023\/12\/mk2-gas-hand-granade-tan-sy838t.jpeg 1000w, https:\/\/kingarms.ee\/wp-content\/uploads\/2023\/12\/mk2-gas-hand-granade-tan-sy838t-300x300.jpeg 300w, https:\/\/kingarms.ee\/wp-content\/uploads\/2023\/12\/mk2-gas-hand-granade-tan-sy838t-150x150.jpeg 150w, https:\/\/kingarms.ee\/wp-content\/uploads\/2023\/12\/mk2-gas-hand-granade-tan-sy838t-768x768.jpeg 768w, https:\/\/kingarms.ee\/wp-content\/uploads\/2023\/12\/mk2-gas-hand-granade-tan-sy838t-500x500.jpeg 500w\" sizes=\"auto, (max-width: 1000px) 100vw, 1000px\" \/><\/p>\n","protected":false},"excerpt":{"rendered":"<p>MK2 rankin\u0117 granata (GBB)<\/p>\n<p>Rankin\u0117 granata MK2 stiliumi<br \/>\nMetalas<br \/>\nGranada atliekama d\u0117l \u017eali\u0173j\u0173 duj\u0173 (GBB) d\u0117l<br \/>\nTalpa 18 m\u0117nesi\u0173 6 mm arba 4,5 mm<br \/>\nReguliuojamas augalas<br \/>\nKomplekte yra 4x 18BB apvalus kiekis + 8x guminis sandariklis<br \/>\nMatmenys 60 mm x 60 mm x 115 mm<br \/>\nSvoris 340 g<\/p>\n","protected":false},"featured_media":132805,"template":"","meta":{"_acf_changed":false},"product_brand":[],"product_cat":[1262],"product_tag":[],"class_list":{"0":"post-137102","1":"product","2":"type-product","3":"status-publish","4":"has-post-thumbnail","6":"product_cat-granata-lt","8":"first","9":"instock","10":"taxable","11":"shipping-taxable","12":"purchasable","13":"product-type-simple"},"acf":[],"_links":{"self":[{"href":"https:\/\/kingarms.ee\/lt\/wp-json\/wp\/v2\/product\/137102","targetHints":{"allow":["GET"]}}],"collection":[{"href":"https:\/\/kingarms.ee\/lt\/wp-json\/wp\/v2\/product"}],"about":[{"href":"https:\/\/kingarms.ee\/lt\/wp-json\/wp\/v2\/types\/product"}],"wp:featuredmedia":[{"embeddable":true,"href":"https:\/\/kingarms.ee\/lt\/wp-json\/wp\/v2\/media\/132805"}],"wp:attachment":[{"href":"https:\/\/kingarms.ee\/lt\/wp-json\/wp\/v2\/media?parent=137102"}],"wp:term":[{"taxonomy":"product_brand","embeddable":true,"href":"https:\/\/kingarms.ee\/lt\/wp-json\/wp\/v2\/product_brand?post=137102"},{"taxonomy":"product_cat","embeddable":true,"href":"https:\/\/kingarms.ee\/lt\/wp-json\/wp\/v2\/product_cat?post=137102"},{"taxonomy":"product_tag","embeddable":true,"href":"https:\/\/kingarms.ee\/lt\/wp-json\/wp\/v2\/product_tag?post=137102"}],"curies":[{"name":"wp","href":"https:\/\/api.w.org\/{rel}","templated":true}]}}