{"id":137104,"date":"2023-12-05T20:24:18","date_gmt":"2024-11-08T14:33:27","guid":{"rendered":"https:\/\/kingarms.ee\/product\/granatu-galimybes-ir-guminiu-sandarikliu-rinkinys\/"},"modified":"2024-11-08T17:33:27","modified_gmt":"2024-11-08T14:33:27","slug":"granats-vo-discs-and-gum-gum-set-set","status":"publish","type":"product","link":"https:\/\/kingarms.ee\/lt\/product\/granats-vo-discs-and-gum-gum-set-set\/","title":{"rendered":"Granat\u0173 galimyb\u0117s ir gumini\u0173 sandarikli\u0173 rinkinys"},"content":{"rendered":"<p><img loading=\"lazy\" decoding=\"async\" class=\"alignnone size-full wp-image-85719\" src=\"https:\/\/kingarms.ee\/wp-content\/uploads\/2023\/12\/chinese-made-sy828b.jpeg\" alt=\"\" width=\"600\" height=\"600\" srcset=\"https:\/\/kingarms.ee\/wp-content\/uploads\/2023\/12\/chinese-made-sy828b.jpeg 600w, https:\/\/kingarms.ee\/wp-content\/uploads\/2023\/12\/chinese-made-sy828b-300x300.jpeg 300w, https:\/\/kingarms.ee\/wp-content\/uploads\/2023\/12\/chinese-made-sy828b-150x150.jpeg 150w, https:\/\/kingarms.ee\/wp-content\/uploads\/2023\/12\/chinese-made-sy828b-500x500.jpeg 500w\" sizes=\"auto, (max-width: 600px) 100vw, 600px\" \/><\/p>\n","protected":false},"excerpt":{"rendered":"<p>Granat\u0173 galimyb\u0117s ir gumini\u0173 sandarikli\u0173 rinkinys<\/p>\n<p>Tinka rankini\u0173 granat\u0173 modeliams SY838B, SY838G, SY838T, SY848B, SY848G, SY858B, SY858G<\/p>\n<p>\u012etraukta 10 ruoni\u0173<\/p>\n","protected":false},"featured_media":131380,"template":"","meta":{"_acf_changed":false},"product_brand":[],"product_cat":[1262],"product_tag":[],"class_list":{"0":"post-137104","1":"product","2":"type-product","3":"status-publish","4":"has-post-thumbnail","6":"product_cat-granata-lt","8":"first","9":"instock","10":"taxable","11":"shipping-taxable","12":"purchasable","13":"product-type-simple"},"acf":[],"_links":{"self":[{"href":"https:\/\/kingarms.ee\/lt\/wp-json\/wp\/v2\/product\/137104","targetHints":{"allow":["GET"]}}],"collection":[{"href":"https:\/\/kingarms.ee\/lt\/wp-json\/wp\/v2\/product"}],"about":[{"href":"https:\/\/kingarms.ee\/lt\/wp-json\/wp\/v2\/types\/product"}],"wp:featuredmedia":[{"embeddable":true,"href":"https:\/\/kingarms.ee\/lt\/wp-json\/wp\/v2\/media\/131380"}],"wp:attachment":[{"href":"https:\/\/kingarms.ee\/lt\/wp-json\/wp\/v2\/media?parent=137104"}],"wp:term":[{"taxonomy":"product_brand","embeddable":true,"href":"https:\/\/kingarms.ee\/lt\/wp-json\/wp\/v2\/product_brand?post=137104"},{"taxonomy":"product_cat","embeddable":true,"href":"https:\/\/kingarms.ee\/lt\/wp-json\/wp\/v2\/product_cat?post=137104"},{"taxonomy":"product_tag","embeddable":true,"href":"https:\/\/kingarms.ee\/lt\/wp-json\/wp\/v2\/product_tag?post=137104"}],"curies":[{"name":"wp","href":"https:\/\/api.w.org\/{rel}","templated":true}]}}