{"id":137106,"date":"2023-12-05T20:19:48","date_gmt":"2024-11-08T14:35:24","guid":{"rendered":"https:\/\/kingarms.ee\/product\/pistoletas-p4\/"},"modified":"2024-11-08T17:35:24","modified_gmt":"2024-11-08T14:35:24","slug":"spring-toed-guewon-p4","status":"publish","type":"product","link":"https:\/\/kingarms.ee\/lt\/product\/spring-toed-guewon-p4\/","title":{"rendered":"Pistoletas P4"},"content":{"rendered":"<p><img loading=\"lazy\" decoding=\"async\" class=\"alignnone size-full wp-image-85709\" src=\"https:\/\/kingarms.ee\/wp-content\/uploads\/2023\/12\/spring-powered-pistol-s-series-s-12.jpeg\" alt=\"\" width=\"600\" height=\"600\" srcset=\"https:\/\/kingarms.ee\/wp-content\/uploads\/2023\/12\/spring-powered-pistol-s-series-s-12.jpeg 600w, https:\/\/kingarms.ee\/wp-content\/uploads\/2023\/12\/spring-powered-pistol-s-series-s-12-300x300.jpeg 300w, https:\/\/kingarms.ee\/wp-content\/uploads\/2023\/12\/spring-powered-pistol-s-series-s-12-150x150.jpeg 150w, https:\/\/kingarms.ee\/wp-content\/uploads\/2023\/12\/spring-powered-pistol-s-series-s-12-500x500.jpeg 500w\" sizes=\"auto, (max-width: 600px) 100vw, 600px\" \/><\/p>\n","protected":false},"excerpt":{"rendered":"<p>Pistoletas<br \/>\nPagaminta i\u0161 abs Med\u017eiagos<br \/>\nD\u0117klo t\u016bris 13 rutuli\u0173<br \/>\nSvoris 200 g<br \/>\nIlgis 18 cm<br \/>\nSpalva juoda<\/p>\n","protected":false},"featured_media":131376,"template":"","meta":{"_acf_changed":false},"product_brand":[],"product_cat":[1138],"product_tag":[],"class_list":{"0":"post-137106","1":"product","2":"type-product","3":"status-publish","4":"has-post-thumbnail","6":"product_cat-airsoft-pistols","8":"first","9":"instock","10":"taxable","11":"shipping-taxable","12":"purchasable","13":"product-type-simple"},"acf":[],"_links":{"self":[{"href":"https:\/\/kingarms.ee\/lt\/wp-json\/wp\/v2\/product\/137106","targetHints":{"allow":["GET"]}}],"collection":[{"href":"https:\/\/kingarms.ee\/lt\/wp-json\/wp\/v2\/product"}],"about":[{"href":"https:\/\/kingarms.ee\/lt\/wp-json\/wp\/v2\/types\/product"}],"wp:featuredmedia":[{"embeddable":true,"href":"https:\/\/kingarms.ee\/lt\/wp-json\/wp\/v2\/media\/131376"}],"wp:attachment":[{"href":"https:\/\/kingarms.ee\/lt\/wp-json\/wp\/v2\/media?parent=137106"}],"wp:term":[{"taxonomy":"product_brand","embeddable":true,"href":"https:\/\/kingarms.ee\/lt\/wp-json\/wp\/v2\/product_brand?post=137106"},{"taxonomy":"product_cat","embeddable":true,"href":"https:\/\/kingarms.ee\/lt\/wp-json\/wp\/v2\/product_cat?post=137106"},{"taxonomy":"product_tag","embeddable":true,"href":"https:\/\/kingarms.ee\/lt\/wp-json\/wp\/v2\/product_tag?post=137106"}],"curies":[{"name":"wp","href":"https:\/\/api.w.org\/{rel}","templated":true}]}}