{"id":137110,"date":"2023-12-05T19:38:33","date_gmt":"2024-11-08T14:39:40","guid":{"rendered":"https:\/\/kingarms.ee\/product\/pistoleto-beretta\/"},"modified":"2024-11-08T17:39:40","modified_gmt":"2024-11-08T14:39:40","slug":"pavasaris-ginklai-beretta","status":"publish","type":"product","link":"https:\/\/kingarms.ee\/lt\/product\/pavasaris-ginklai-beretta\/","title":{"rendered":"Pistoleto beretta"},"content":{"rendered":"<p><img loading=\"lazy\" decoding=\"async\" class=\"alignnone size-full wp-image-85684\" src=\"https:\/\/kingarms.ee\/wp-content\/uploads\/2023\/12\/spring-powered-pistol-s-series-s-10.jpeg\" alt=\"\" width=\"600\" height=\"600\" srcset=\"https:\/\/kingarms.ee\/wp-content\/uploads\/2023\/12\/spring-powered-pistol-s-series-s-10.jpeg 600w, https:\/\/kingarms.ee\/wp-content\/uploads\/2023\/12\/spring-powered-pistol-s-series-s-10-300x300.jpeg 300w, https:\/\/kingarms.ee\/wp-content\/uploads\/2023\/12\/spring-powered-pistol-s-series-s-10-150x150.jpeg 150w, https:\/\/kingarms.ee\/wp-content\/uploads\/2023\/12\/spring-powered-pistol-s-series-s-10-500x500.jpeg 500w\" sizes=\"auto, (max-width: 600px) 100vw, 600px\" \/><\/p>\n","protected":false},"excerpt":{"rendered":"<p>Pistoleto beretta<\/p>\n<p>Pistoletas<br \/>\nPagaminta i\u0161 abs Med\u017eiagos<br \/>\nD\u0117klo t\u016bris 13 rutuli\u0173<br \/>\nSvoris 160 g<br \/>\nIlgis 16,5 cm<br \/>\nSpalva juoda<\/p>\n","protected":false},"featured_media":131368,"template":"","meta":{"_acf_changed":false},"product_brand":[],"product_cat":[1138],"product_tag":[],"class_list":{"0":"post-137110","1":"product","2":"type-product","3":"status-publish","4":"has-post-thumbnail","6":"product_cat-airsoft-pistols","8":"first","9":"instock","10":"taxable","11":"shipping-taxable","12":"purchasable","13":"product-type-simple"},"acf":[],"_links":{"self":[{"href":"https:\/\/kingarms.ee\/lt\/wp-json\/wp\/v2\/product\/137110","targetHints":{"allow":["GET"]}}],"collection":[{"href":"https:\/\/kingarms.ee\/lt\/wp-json\/wp\/v2\/product"}],"about":[{"href":"https:\/\/kingarms.ee\/lt\/wp-json\/wp\/v2\/types\/product"}],"wp:featuredmedia":[{"embeddable":true,"href":"https:\/\/kingarms.ee\/lt\/wp-json\/wp\/v2\/media\/131368"}],"wp:attachment":[{"href":"https:\/\/kingarms.ee\/lt\/wp-json\/wp\/v2\/media?parent=137110"}],"wp:term":[{"taxonomy":"product_brand","embeddable":true,"href":"https:\/\/kingarms.ee\/lt\/wp-json\/wp\/v2\/product_brand?post=137110"},{"taxonomy":"product_cat","embeddable":true,"href":"https:\/\/kingarms.ee\/lt\/wp-json\/wp\/v2\/product_cat?post=137110"},{"taxonomy":"product_tag","embeddable":true,"href":"https:\/\/kingarms.ee\/lt\/wp-json\/wp\/v2\/product_tag?post=137110"}],"curies":[{"name":"wp","href":"https:\/\/api.w.org\/{rel}","templated":true}]}}