{"id":137112,"date":"2023-12-05T19:34:53","date_gmt":"2024-11-08T14:41:48","guid":{"rendered":"https:\/\/kingarms.ee\/product\/pavasario-ginklas-s2022\/"},"modified":"2024-11-08T17:41:48","modified_gmt":"2024-11-08T14:41:48","slug":"spring-toed-guewon-gun-20122","status":"publish","type":"product","link":"https:\/\/kingarms.ee\/lt\/product\/spring-toed-guewon-gun-20122\/","title":{"rendered":"Pavasario ginklas S2022"},"content":{"rendered":"<p><img loading=\"lazy\" decoding=\"async\" class=\"alignnone size-full wp-image-85672\" src=\"https:\/\/kingarms.ee\/wp-content\/uploads\/2023\/12\/spring-powered-pistol-s-series-s-04.jpeg\" alt=\"\" width=\"600\" height=\"600\" srcset=\"https:\/\/kingarms.ee\/wp-content\/uploads\/2023\/12\/spring-powered-pistol-s-series-s-04.jpeg 600w, https:\/\/kingarms.ee\/wp-content\/uploads\/2023\/12\/spring-powered-pistol-s-series-s-04-300x300.jpeg 300w, https:\/\/kingarms.ee\/wp-content\/uploads\/2023\/12\/spring-powered-pistol-s-series-s-04-150x150.jpeg 150w, https:\/\/kingarms.ee\/wp-content\/uploads\/2023\/12\/spring-powered-pistol-s-series-s-04-500x500.jpeg 500w\" sizes=\"auto, (max-width: 600px) 100vw, 600px\" \/><\/p>\n","protected":false},"excerpt":{"rendered":"<p>Pavasario ginklas S2022<br \/>\nPagaminta i\u0161 abs Med\u017eiagos<br \/>\n17 cm ilgis<br \/>\n14 kulk\u0173 d\u0117klo t\u016bris<br \/>\n55m\/s \u0161audymo greitis<\/p>\n","protected":false},"featured_media":131365,"template":"","meta":{"_acf_changed":false},"product_brand":[],"product_cat":[1138],"product_tag":[],"class_list":{"0":"post-137112","1":"product","2":"type-product","3":"status-publish","4":"has-post-thumbnail","6":"product_cat-airsoft-pistols","8":"first","9":"instock","10":"taxable","11":"shipping-taxable","12":"purchasable","13":"product-type-simple"},"acf":[],"_links":{"self":[{"href":"https:\/\/kingarms.ee\/lt\/wp-json\/wp\/v2\/product\/137112","targetHints":{"allow":["GET"]}}],"collection":[{"href":"https:\/\/kingarms.ee\/lt\/wp-json\/wp\/v2\/product"}],"about":[{"href":"https:\/\/kingarms.ee\/lt\/wp-json\/wp\/v2\/types\/product"}],"wp:featuredmedia":[{"embeddable":true,"href":"https:\/\/kingarms.ee\/lt\/wp-json\/wp\/v2\/media\/131365"}],"wp:attachment":[{"href":"https:\/\/kingarms.ee\/lt\/wp-json\/wp\/v2\/media?parent=137112"}],"wp:term":[{"taxonomy":"product_brand","embeddable":true,"href":"https:\/\/kingarms.ee\/lt\/wp-json\/wp\/v2\/product_brand?post=137112"},{"taxonomy":"product_cat","embeddable":true,"href":"https:\/\/kingarms.ee\/lt\/wp-json\/wp\/v2\/product_cat?post=137112"},{"taxonomy":"product_tag","embeddable":true,"href":"https:\/\/kingarms.ee\/lt\/wp-json\/wp\/v2\/product_tag?post=137112"}],"curies":[{"name":"wp","href":"https:\/\/api.w.org\/{rel}","templated":true}]}}