{"id":137120,"date":"2023-12-05T18:25:51","date_gmt":"2024-11-08T14:54:15","guid":{"rendered":"https:\/\/kingarms.ee\/product\/irasu-vezejas-zalia-emersonger\/"},"modified":"2024-11-08T17:54:15","modified_gmt":"2024-11-08T14:54:15","slug":"prevencija-zali-aukstaugis","status":"publish","type":"product","link":"https:\/\/kingarms.ee\/lt\/product\/prevencija-zali-aukstaugis\/","title":{"rendered":"\u012era\u0161\u0173 ve\u017e\u0117jas &#8211; \u017ealia (\u201eEmersonger\u201c)"},"content":{"rendered":"<p><img loading=\"lazy\" decoding=\"async\" class=\"alignnone size-full wp-image-85588\" src=\"https:\/\/kingarms.ee\/wp-content\/uploads\/2023\/12\/emersongear-tactical-vest-foliage-green-em7356fg.jpeg\" alt=\"\" width=\"600\" height=\"600\" srcset=\"https:\/\/kingarms.ee\/wp-content\/uploads\/2023\/12\/emersongear-tactical-vest-foliage-green-em7356fg.jpeg 600w, https:\/\/kingarms.ee\/wp-content\/uploads\/2023\/12\/emersongear-tactical-vest-foliage-green-em7356fg-300x300.jpeg 300w, https:\/\/kingarms.ee\/wp-content\/uploads\/2023\/12\/emersongear-tactical-vest-foliage-green-em7356fg-150x150.jpeg 150w, https:\/\/kingarms.ee\/wp-content\/uploads\/2023\/12\/emersongear-tactical-vest-foliage-green-em7356fg-500x500.jpeg 500w\" sizes=\"auto, (max-width: 600px) 100vw, 600px\" \/><\/p>\n","protected":false},"excerpt":{"rendered":"<p>\u012era\u0161\u0173 ve\u017e\u0117jas &#8211; \u017ealia (\u201eEmersonger\u201c)<\/p>\n<p>Liemen\u0117<br \/>\nMed\u017eiaga \u201eCortura 500d\u201c<br \/>\nTinka juosmens linijai 100\u2013120 cm<br \/>\n3x d\u0117kl\u0173 ki\u0161en\u0117s (galvoja 22x10x3cm)<br \/>\nAbiejuose 1 pus\u0117je radijo krep\u0161yje<br \/>\n\u201eMolle\u201c sistema gale ir abiejose pus\u0117se<br \/>\nPrie\u0161ais Velcro<br \/>\nBalistini\u0173 plyteli\u0173 \u012frengimo galimyb\u0117 (ne\u012fskai\u010diuota)<br \/>\nBendras 1200 g svoris<\/p>\n","protected":false},"featured_media":131334,"template":"","meta":{"_acf_changed":false},"product_brand":[],"product_cat":[1235],"product_tag":[],"class_list":{"0":"post-137120","1":"product","2":"type-product","3":"status-publish","4":"has-post-thumbnail","6":"product_cat-liemeneles-ir-dirzai","8":"first","9":"instock","10":"taxable","11":"shipping-taxable","12":"purchasable","13":"product-type-simple"},"acf":[],"_links":{"self":[{"href":"https:\/\/kingarms.ee\/lt\/wp-json\/wp\/v2\/product\/137120","targetHints":{"allow":["GET"]}}],"collection":[{"href":"https:\/\/kingarms.ee\/lt\/wp-json\/wp\/v2\/product"}],"about":[{"href":"https:\/\/kingarms.ee\/lt\/wp-json\/wp\/v2\/types\/product"}],"wp:featuredmedia":[{"embeddable":true,"href":"https:\/\/kingarms.ee\/lt\/wp-json\/wp\/v2\/media\/131334"}],"wp:attachment":[{"href":"https:\/\/kingarms.ee\/lt\/wp-json\/wp\/v2\/media?parent=137120"}],"wp:term":[{"taxonomy":"product_brand","embeddable":true,"href":"https:\/\/kingarms.ee\/lt\/wp-json\/wp\/v2\/product_brand?post=137120"},{"taxonomy":"product_cat","embeddable":true,"href":"https:\/\/kingarms.ee\/lt\/wp-json\/wp\/v2\/product_cat?post=137120"},{"taxonomy":"product_tag","embeddable":true,"href":"https:\/\/kingarms.ee\/lt\/wp-json\/wp\/v2\/product_tag?post=137120"}],"curies":[{"name":"wp","href":"https:\/\/api.w.org\/{rel}","templated":true}]}}