{"id":137125,"date":"2023-12-05T17:43:23","date_gmt":"2024-11-08T15:06:22","guid":{"rendered":"https:\/\/kingarms.ee\/product\/peilis-sck\/"},"modified":"2024-11-08T18:06:22","modified_gmt":"2024-11-08T15:06:22","slug":"peilis","status":"publish","type":"product","link":"https:\/\/kingarms.ee\/lt\/product\/peilis\/","title":{"rendered":"Peilis SCK"},"content":{"rendered":"<p><img loading=\"lazy\" decoding=\"async\" class=\"alignnone size-full wp-image-85546\" src=\"https:\/\/kingarms.ee\/wp-content\/uploads\/2023\/12\/sck-belt-knife-cw-823-1-1.jpeg\" alt=\"\" width=\"1000\" height=\"1000\" srcset=\"https:\/\/kingarms.ee\/wp-content\/uploads\/2023\/12\/sck-belt-knife-cw-823-1-1.jpeg 1000w, https:\/\/kingarms.ee\/wp-content\/uploads\/2023\/12\/sck-belt-knife-cw-823-1-1-300x300.jpeg 300w, https:\/\/kingarms.ee\/wp-content\/uploads\/2023\/12\/sck-belt-knife-cw-823-1-1-150x150.jpeg 150w, https:\/\/kingarms.ee\/wp-content\/uploads\/2023\/12\/sck-belt-knife-cw-823-1-1-768x768.jpeg 768w, https:\/\/kingarms.ee\/wp-content\/uploads\/2023\/12\/sck-belt-knife-cw-823-1-1-500x500.jpeg 500w\" sizes=\"auto, (max-width: 1000px) 100vw, 1000px\" \/><\/p>\n","protected":false},"excerpt":{"rendered":"<p>Peilis SCK<\/p>\n<p>Juosmens<br \/>\nJuodas ner\u016bdijan\u010dio plieno a\u0161menys<br \/>\nPolimero gumin\u0117 rankena<br \/>\nSunkus polimeras su virv\u0117s spaustuku<br \/>\nA\u0161men\u0173 ilgis 110 mm<br \/>\nSvoris: 110 g (145 g su kremu)<\/p>\n","protected":false},"featured_media":131319,"template":"","meta":{"_acf_changed":false},"product_brand":[],"product_cat":[1259],"product_tag":[],"class_list":{"0":"post-137125","1":"product","2":"type-product","3":"status-publish","4":"has-post-thumbnail","6":"product_cat-peiliai","8":"first","9":"instock","10":"taxable","11":"shipping-taxable","12":"purchasable","13":"product-type-simple"},"acf":[],"_links":{"self":[{"href":"https:\/\/kingarms.ee\/lt\/wp-json\/wp\/v2\/product\/137125","targetHints":{"allow":["GET"]}}],"collection":[{"href":"https:\/\/kingarms.ee\/lt\/wp-json\/wp\/v2\/product"}],"about":[{"href":"https:\/\/kingarms.ee\/lt\/wp-json\/wp\/v2\/types\/product"}],"wp:featuredmedia":[{"embeddable":true,"href":"https:\/\/kingarms.ee\/lt\/wp-json\/wp\/v2\/media\/131319"}],"wp:attachment":[{"href":"https:\/\/kingarms.ee\/lt\/wp-json\/wp\/v2\/media?parent=137125"}],"wp:term":[{"taxonomy":"product_brand","embeddable":true,"href":"https:\/\/kingarms.ee\/lt\/wp-json\/wp\/v2\/product_brand?post=137125"},{"taxonomy":"product_cat","embeddable":true,"href":"https:\/\/kingarms.ee\/lt\/wp-json\/wp\/v2\/product_cat?post=137125"},{"taxonomy":"product_tag","embeddable":true,"href":"https:\/\/kingarms.ee\/lt\/wp-json\/wp\/v2\/product_tag?post=137125"}],"curies":[{"name":"wp","href":"https:\/\/api.w.org\/{rel}","templated":true}]}}