{"id":137128,"date":"2023-12-05T15:16:02","date_gmt":"2024-11-08T15:10:38","guid":{"rendered":"https:\/\/kingarms.ee\/product\/reples-su-keliais-irankiais\/"},"modified":"2024-11-08T18:10:38","modified_gmt":"2024-11-08T15:10:38","slug":"daugiafunkciniai-miestai","status":"publish","type":"product","link":"https:\/\/kingarms.ee\/lt\/product\/daugiafunkciniai-miestai\/","title":{"rendered":"Repl\u0117s su keliais \u012frankiais"},"content":{"rendered":"<p><img loading=\"lazy\" decoding=\"async\" class=\"alignnone size-full wp-image-85457\" src=\"https:\/\/kingarms.ee\/wp-content\/uploads\/2023\/12\/multi-tool-pliers-10512.jpeg\" alt=\"\" width=\"1000\" height=\"1000\" srcset=\"https:\/\/kingarms.ee\/wp-content\/uploads\/2023\/12\/multi-tool-pliers-10512.jpeg 1000w, https:\/\/kingarms.ee\/wp-content\/uploads\/2023\/12\/multi-tool-pliers-10512-300x300.jpeg 300w, https:\/\/kingarms.ee\/wp-content\/uploads\/2023\/12\/multi-tool-pliers-10512-150x150.jpeg 150w, https:\/\/kingarms.ee\/wp-content\/uploads\/2023\/12\/multi-tool-pliers-10512-768x768.jpeg 768w, https:\/\/kingarms.ee\/wp-content\/uploads\/2023\/12\/multi-tool-pliers-10512-500x500.jpeg 500w\" sizes=\"auto, (max-width: 1000px) 100vw, 1000px\" \/><\/p>\n","protected":false},"excerpt":{"rendered":"<p>Repl\u0117s su keliais \u012frankiais<\/p>\n<p>Repl\u0117s su keliais \u012frankiais<br \/>\n5 funkcijos<br \/>\nIlgis 140 mm<br \/>\nRepl\u0117s, \u017eirkl\u0117s, atsuktuvo kry\u017eius su galva, kam\u0161tiena<\/p>\n","protected":false},"featured_media":132000,"template":"","meta":{"_acf_changed":false},"product_brand":[],"product_cat":[1259],"product_tag":[],"class_list":{"0":"post-137128","1":"product","2":"type-product","3":"status-publish","4":"has-post-thumbnail","6":"product_cat-peiliai","8":"first","9":"instock","10":"taxable","11":"shipping-taxable","12":"purchasable","13":"product-type-simple"},"acf":[],"_links":{"self":[{"href":"https:\/\/kingarms.ee\/lt\/wp-json\/wp\/v2\/product\/137128","targetHints":{"allow":["GET"]}}],"collection":[{"href":"https:\/\/kingarms.ee\/lt\/wp-json\/wp\/v2\/product"}],"about":[{"href":"https:\/\/kingarms.ee\/lt\/wp-json\/wp\/v2\/types\/product"}],"wp:featuredmedia":[{"embeddable":true,"href":"https:\/\/kingarms.ee\/lt\/wp-json\/wp\/v2\/media\/132000"}],"wp:attachment":[{"href":"https:\/\/kingarms.ee\/lt\/wp-json\/wp\/v2\/media?parent=137128"}],"wp:term":[{"taxonomy":"product_brand","embeddable":true,"href":"https:\/\/kingarms.ee\/lt\/wp-json\/wp\/v2\/product_brand?post=137128"},{"taxonomy":"product_cat","embeddable":true,"href":"https:\/\/kingarms.ee\/lt\/wp-json\/wp\/v2\/product_cat?post=137128"},{"taxonomy":"product_tag","embeddable":true,"href":"https:\/\/kingarms.ee\/lt\/wp-json\/wp\/v2\/product_tag?post=137128"}],"curies":[{"name":"wp","href":"https:\/\/api.w.org\/{rel}","templated":true}]}}