{"id":137134,"date":"2023-11-20T13:12:09","date_gmt":"2024-11-08T15:23:07","guid":{"rendered":"https:\/\/kingarms.ee\/product\/armijos-purskimo-dazai-signalas-geltona-400-ml\/"},"modified":"2024-11-08T18:23:07","modified_gmt":"2024-11-08T15:23:07","slug":"armijos-purvos-dazu-signalo-geltonos-spalvos-400-ml","status":"publish","type":"product","link":"https:\/\/kingarms.ee\/lt\/product\/armijos-purvos-dazu-signalo-geltonos-spalvos-400-ml\/","title":{"rendered":"Armijos pur\u0161kimo da\u017eai, signalas geltona, 400 ml"},"content":{"rendered":"<p><img loading=\"lazy\" decoding=\"async\" class=\"alignnone size-full wp-image-84111\" src=\"https:\/\/kingarms.ee\/wp-content\/uploads\/2023\/11\/27375M.jpeg\" alt=\"\" width=\"1200\" height=\"1200\" srcset=\"https:\/\/kingarms.ee\/wp-content\/uploads\/2023\/11\/27375M.jpeg 1200w, https:\/\/kingarms.ee\/wp-content\/uploads\/2023\/11\/27375M-300x300.jpeg 300w, https:\/\/kingarms.ee\/wp-content\/uploads\/2023\/11\/27375M-1024x1024.jpeg 1024w, https:\/\/kingarms.ee\/wp-content\/uploads\/2023\/11\/27375M-150x150.jpeg 150w, https:\/\/kingarms.ee\/wp-content\/uploads\/2023\/11\/27375M-768x768.jpeg 768w, https:\/\/kingarms.ee\/wp-content\/uploads\/2023\/11\/27375M-500x500.jpeg 500w\" sizes=\"auto, (max-width: 1200px) 100vw, 1200px\" \/><\/p>\n","protected":false},"excerpt":{"rendered":"<p>Nitro kombinuotas dervos lako ant metalo,<br \/>\nMediena, akmuo, stiklas, polistireno putos ir plastikas<br \/>\nDulk\u0117s sausa ma\u017edaug po 20 minu\u010di\u0173<br \/>\nVisi\u0161kai sausa ma\u017edaug po 12 valand\u0173<br \/>\nRAL1026<\/p>\n","protected":false},"featured_media":130939,"template":"","meta":{"_acf_changed":false},"product_brand":[],"product_cat":[1202],"product_tag":[],"class_list":{"0":"post-137134","1":"product","2":"type-product","3":"status-publish","4":"has-post-thumbnail","6":"product_cat-spalvos-ir-maskavimas","8":"first","9":"instock","10":"taxable","11":"shipping-taxable","12":"purchasable","13":"product-type-simple"},"acf":[],"_links":{"self":[{"href":"https:\/\/kingarms.ee\/lt\/wp-json\/wp\/v2\/product\/137134","targetHints":{"allow":["GET"]}}],"collection":[{"href":"https:\/\/kingarms.ee\/lt\/wp-json\/wp\/v2\/product"}],"about":[{"href":"https:\/\/kingarms.ee\/lt\/wp-json\/wp\/v2\/types\/product"}],"wp:featuredmedia":[{"embeddable":true,"href":"https:\/\/kingarms.ee\/lt\/wp-json\/wp\/v2\/media\/130939"}],"wp:attachment":[{"href":"https:\/\/kingarms.ee\/lt\/wp-json\/wp\/v2\/media?parent=137134"}],"wp:term":[{"taxonomy":"product_brand","embeddable":true,"href":"https:\/\/kingarms.ee\/lt\/wp-json\/wp\/v2\/product_brand?post=137134"},{"taxonomy":"product_cat","embeddable":true,"href":"https:\/\/kingarms.ee\/lt\/wp-json\/wp\/v2\/product_cat?post=137134"},{"taxonomy":"product_tag","embeddable":true,"href":"https:\/\/kingarms.ee\/lt\/wp-json\/wp\/v2\/product_tag?post=137134"}],"curies":[{"name":"wp","href":"https:\/\/api.w.org\/{rel}","templated":true}]}}