{"id":137151,"date":"2023-11-20T12:47:52","date_gmt":"2024-11-08T15:39:21","guid":{"rendered":"https:\/\/kingarms.ee\/product\/armijos-purskimo-dazai-alyvuogiu-zalia-kilimelis-400-ml\/"},"modified":"2024-11-08T18:39:21","modified_gmt":"2024-11-08T15:39:21","slug":"armijos-purvinas-dazymas-vienas-zalias-matatas-400-ml","status":"publish","type":"product","link":"https:\/\/kingarms.ee\/lt\/product\/armijos-purvinas-dazymas-vienas-zalias-matatas-400-ml\/","title":{"rendered":"Armijos pur\u0161kimo da\u017eai, alyvuogi\u0173 \u017ealia, kilim\u0117lis, 400 ml"},"content":{"rendered":"<p><img loading=\"lazy\" decoding=\"async\" class=\"alignnone size-full wp-image-84043\" src=\"https:\/\/kingarms.ee\/wp-content\/uploads\/2023\/11\/27375E.jpeg\" alt=\"\" width=\"1200\" height=\"1200\" srcset=\"https:\/\/kingarms.ee\/wp-content\/uploads\/2023\/11\/27375E.jpeg 1200w, https:\/\/kingarms.ee\/wp-content\/uploads\/2023\/11\/27375E-300x300.jpeg 300w, https:\/\/kingarms.ee\/wp-content\/uploads\/2023\/11\/27375E-1024x1024.jpeg 1024w, https:\/\/kingarms.ee\/wp-content\/uploads\/2023\/11\/27375E-150x150.jpeg 150w, https:\/\/kingarms.ee\/wp-content\/uploads\/2023\/11\/27375E-768x768.jpeg 768w, https:\/\/kingarms.ee\/wp-content\/uploads\/2023\/11\/27375E-500x500.jpeg 500w\" sizes=\"auto, (max-width: 1200px) 100vw, 1200px\" \/><\/p>\n","protected":false},"excerpt":{"rendered":"<p>\u201eNitro\u201c kombinuotas Dervos Lako Ant metalo,<br \/>\n\u201eMediena\u201c, \u201eAkmuo\u201c, \u201eStiklas\u201c, \u201ePolistireno putos\u201c ir plastikas<br \/>\nDulk\u0117s Sausa majdaug po 20 mini\u010di\u0173<br \/>\n\u201eGhosta\u201c<\/p>\n","protected":false},"featured_media":130963,"template":"","meta":{"_acf_changed":false},"product_brand":[],"product_cat":[1202],"product_tag":[],"class_list":{"0":"post-137151","1":"product","2":"type-product","3":"status-publish","4":"has-post-thumbnail","6":"product_cat-spalvos-ir-maskavimas","8":"first","9":"instock","10":"taxable","11":"shipping-taxable","12":"purchasable","13":"product-type-simple"},"acf":[],"_links":{"self":[{"href":"https:\/\/kingarms.ee\/lt\/wp-json\/wp\/v2\/product\/137151","targetHints":{"allow":["GET"]}}],"collection":[{"href":"https:\/\/kingarms.ee\/lt\/wp-json\/wp\/v2\/product"}],"about":[{"href":"https:\/\/kingarms.ee\/lt\/wp-json\/wp\/v2\/types\/product"}],"wp:featuredmedia":[{"embeddable":true,"href":"https:\/\/kingarms.ee\/lt\/wp-json\/wp\/v2\/media\/130963"}],"wp:attachment":[{"href":"https:\/\/kingarms.ee\/lt\/wp-json\/wp\/v2\/media?parent=137151"}],"wp:term":[{"taxonomy":"product_brand","embeddable":true,"href":"https:\/\/kingarms.ee\/lt\/wp-json\/wp\/v2\/product_brand?post=137151"},{"taxonomy":"product_cat","embeddable":true,"href":"https:\/\/kingarms.ee\/lt\/wp-json\/wp\/v2\/product_cat?post=137151"},{"taxonomy":"product_tag","embeddable":true,"href":"https:\/\/kingarms.ee\/lt\/wp-json\/wp\/v2\/product_tag?post=137151"}],"curies":[{"name":"wp","href":"https:\/\/api.w.org\/{rel}","templated":true}]}}