{"id":137160,"date":"2023-11-20T12:18:06","date_gmt":"2023-11-20T09:18:06","guid":{"rendered":"https:\/\/kingarms.ee\/product\/pipiru-purskimo-gelis-50-ml\/"},"modified":"2024-11-08T18:53:06","modified_gmt":"2024-11-08T15:53:06","slug":"pipiru-purskiklis-gelis-50ml","status":"publish","type":"product","link":"https:\/\/kingarms.ee\/lt\/product\/pipiru-purskiklis-gelis-50ml\/","title":{"rendered":"Pipir\u0173 pur\u0161kimo gelis &#8211; 50 ml"},"content":{"rendered":"<p><img loading=\"lazy\" decoding=\"async\" class=\"alignnone size-full wp-image-83970\" src=\"https:\/\/kingarms.ee\/wp-content\/uploads\/2023\/11\/27311.jpeg\" alt=\"\" width=\"1200\" height=\"1200\" srcset=\"https:\/\/kingarms.ee\/wp-content\/uploads\/2023\/11\/27311.jpeg 1200w, https:\/\/kingarms.ee\/wp-content\/uploads\/2023\/11\/27311-300x300.jpeg 300w, https:\/\/kingarms.ee\/wp-content\/uploads\/2023\/11\/27311-1024x1024.jpeg 1024w, https:\/\/kingarms.ee\/wp-content\/uploads\/2023\/11\/27311-150x150.jpeg 150w, https:\/\/kingarms.ee\/wp-content\/uploads\/2023\/11\/27311-768x768.jpeg 768w, https:\/\/kingarms.ee\/wp-content\/uploads\/2023\/11\/27311-500x500.jpeg 500w\" sizes=\"auto, (max-width: 1200px) 100vw, 1200px\" \/><\/p>\n","protected":false},"excerpt":{"rendered":"<p>Pipir\u0173 pur\u0161kimo gelis &#8211; 50 ml gr\u012f\u017etamojo dangtelio nety\u010diniam aktyvavimui<br \/>\nTaikymo sritis: 4-6 m<br \/>\ngelis, idealiai tinka u\u017edaroms vietoms<br \/>\ntiesioginis srautas<br \/>\n2 milijonai \u201eScoville\u201c \u0161ilumini\u0173 vienet\u0173<br \/>\n13,2% nat\u016bralaus oleoreesin capsicum<br \/>\nMatmenys: ca. 11,5 x 4 cm<\/p>\n","protected":false},"featured_media":130991,"template":"","meta":{"_acf_changed":false},"product_brand":[],"product_cat":[1254],"product_tag":[],"class_list":{"0":"post-137160","1":"product","2":"type-product","3":"status-publish","4":"has-post-thumbnail","6":"product_cat-pipiru-purskiklis","8":"first","9":"outofstock","10":"taxable","11":"shipping-taxable","12":"purchasable","13":"product-type-simple"},"acf":[],"_links":{"self":[{"href":"https:\/\/kingarms.ee\/lt\/wp-json\/wp\/v2\/product\/137160","targetHints":{"allow":["GET"]}}],"collection":[{"href":"https:\/\/kingarms.ee\/lt\/wp-json\/wp\/v2\/product"}],"about":[{"href":"https:\/\/kingarms.ee\/lt\/wp-json\/wp\/v2\/types\/product"}],"wp:featuredmedia":[{"embeddable":true,"href":"https:\/\/kingarms.ee\/lt\/wp-json\/wp\/v2\/media\/130991"}],"wp:attachment":[{"href":"https:\/\/kingarms.ee\/lt\/wp-json\/wp\/v2\/media?parent=137160"}],"wp:term":[{"taxonomy":"product_brand","embeddable":true,"href":"https:\/\/kingarms.ee\/lt\/wp-json\/wp\/v2\/product_brand?post=137160"},{"taxonomy":"product_cat","embeddable":true,"href":"https:\/\/kingarms.ee\/lt\/wp-json\/wp\/v2\/product_cat?post=137160"},{"taxonomy":"product_tag","embeddable":true,"href":"https:\/\/kingarms.ee\/lt\/wp-json\/wp\/v2\/product_tag?post=137160"}],"curies":[{"name":"wp","href":"https:\/\/api.w.org\/{rel}","templated":true}]}}