{"id":137162,"date":"2023-11-20T12:13:35","date_gmt":"2023-11-20T09:13:35","guid":{"rendered":"https:\/\/kingarms.ee\/product\/pipiru-purskiklis-63ml\/"},"modified":"2024-11-08T18:55:18","modified_gmt":"2024-11-08T15:55:18","slug":"pipiru-purskiklis-jet-63ml","status":"publish","type":"product","link":"https:\/\/kingarms.ee\/lt\/product\/pipiru-purskiklis-jet-63ml\/","title":{"rendered":"Pipir\u0173 pur\u0161kiklis &#8211; 63ml"},"content":{"rendered":"<p><img loading=\"lazy\" decoding=\"async\" class=\"alignnone size-full wp-image-83960\" src=\"https:\/\/kingarms.ee\/wp-content\/uploads\/2023\/11\/27307.jpeg\" alt=\"\" width=\"1200\" height=\"1200\" srcset=\"https:\/\/kingarms.ee\/wp-content\/uploads\/2023\/11\/27307.jpeg 1200w, https:\/\/kingarms.ee\/wp-content\/uploads\/2023\/11\/27307-300x300.jpeg 300w, https:\/\/kingarms.ee\/wp-content\/uploads\/2023\/11\/27307-1024x1024.jpeg 1024w, https:\/\/kingarms.ee\/wp-content\/uploads\/2023\/11\/27307-150x150.jpeg 150w, https:\/\/kingarms.ee\/wp-content\/uploads\/2023\/11\/27307-768x768.jpeg 768w, https:\/\/kingarms.ee\/wp-content\/uploads\/2023\/11\/27307-500x500.jpeg 500w\" sizes=\"auto, (max-width: 1200px) 100vw, 1200px\" \/><\/p>\n","protected":false},"excerpt":{"rendered":"<p>Pipir\u0173 pur\u0161kiklis &#8211; 63 ml tiesioginio srauto, kad b\u016bt\u0173 galima tiksliai nukreipti<br \/>\ntaikymo sritis iki 5 m<br \/>\nApsauginis pur\u0161kimo kam\u0161tiena daugiausia apsaugo<br \/>\nprie\u0161 nety\u010din\u012f aktyvacij\u0105<br \/>\nDirginantis: 3 % oleoreore capsicum<br \/>\nMatmenys: ca. 13 x 3 cm<\/p>\n","protected":false},"featured_media":130995,"template":"","meta":{"_acf_changed":false},"product_brand":[],"product_cat":[1254],"product_tag":[],"class_list":{"0":"post-137162","1":"product","2":"type-product","3":"status-publish","4":"has-post-thumbnail","6":"product_cat-pipiru-purskiklis","8":"first","9":"outofstock","10":"taxable","11":"shipping-taxable","12":"purchasable","13":"product-type-simple"},"acf":[],"_links":{"self":[{"href":"https:\/\/kingarms.ee\/lt\/wp-json\/wp\/v2\/product\/137162","targetHints":{"allow":["GET"]}}],"collection":[{"href":"https:\/\/kingarms.ee\/lt\/wp-json\/wp\/v2\/product"}],"about":[{"href":"https:\/\/kingarms.ee\/lt\/wp-json\/wp\/v2\/types\/product"}],"wp:featuredmedia":[{"embeddable":true,"href":"https:\/\/kingarms.ee\/lt\/wp-json\/wp\/v2\/media\/130995"}],"wp:attachment":[{"href":"https:\/\/kingarms.ee\/lt\/wp-json\/wp\/v2\/media?parent=137162"}],"wp:term":[{"taxonomy":"product_brand","embeddable":true,"href":"https:\/\/kingarms.ee\/lt\/wp-json\/wp\/v2\/product_brand?post=137162"},{"taxonomy":"product_cat","embeddable":true,"href":"https:\/\/kingarms.ee\/lt\/wp-json\/wp\/v2\/product_cat?post=137162"},{"taxonomy":"product_tag","embeddable":true,"href":"https:\/\/kingarms.ee\/lt\/wp-json\/wp\/v2\/product_tag?post=137162"}],"curies":[{"name":"wp","href":"https:\/\/api.w.org\/{rel}","templated":true}]}}