{"id":137172,"date":"2023-11-20T11:16:40","date_gmt":"2024-11-08T16:14:28","guid":{"rendered":"https:\/\/kingarms.ee\/product\/funkcinis-ziebtuvas-mfh\/"},"modified":"2024-11-08T19:14:28","modified_gmt":"2024-11-08T16:14:28","slug":"funkcinis-tulemasin-mfh","status":"publish","type":"product","link":"https:\/\/kingarms.ee\/lt\/product\/funkcinis-tulemasin-mfh\/","title":{"rendered":"Funkcinis \u017eiebtuvas &#8211; MFH"},"content":{"rendered":"<p><img loading=\"lazy\" decoding=\"async\" class=\"alignnone size-full wp-image-83842\" src=\"https:\/\/kingarms.ee\/wp-content\/uploads\/2023\/11\/24191.jpeg\" alt=\"\" width=\"1200\" height=\"1200\" srcset=\"https:\/\/kingarms.ee\/wp-content\/uploads\/2023\/11\/24191.jpeg 1200w, https:\/\/kingarms.ee\/wp-content\/uploads\/2023\/11\/24191-300x300.jpeg 300w, https:\/\/kingarms.ee\/wp-content\/uploads\/2023\/11\/24191-1024x1024.jpeg 1024w, https:\/\/kingarms.ee\/wp-content\/uploads\/2023\/11\/24191-150x150.jpeg 150w, https:\/\/kingarms.ee\/wp-content\/uploads\/2023\/11\/24191-768x768.jpeg 768w, https:\/\/kingarms.ee\/wp-content\/uploads\/2023\/11\/24191-500x500.jpeg 500w\" sizes=\"auto, (max-width: 1200px) 100vw, 1200px\" \/><\/p>\n","protected":false},"excerpt":{"rendered":"<p>Funkcinis \u017eiebtuv\u0117lis &#8211; MFH daugiafunkcinis v\u0117jo nepraleid\u017eiantis \u017eiebtuvas<br \/>\nNojus, kam\u0161\u010dio ir butelio skyl\u0117<br \/>\npasikartojanti ir reguliuojama liepsna<br \/>\nMatmenys: ca. 7 x 3,5 x 2 cm<\/p>\n","protected":false},"featured_media":130853,"template":"","meta":{"_acf_changed":false},"product_brand":[],"product_cat":[1263,1274],"product_tag":[],"class_list":{"0":"post-137172","1":"product","2":"type-product","3":"status-publish","4":"has-post-thumbnail","6":"product_cat-kelioniu-prekes","7":"product_cat-kita-lt","9":"first","10":"instock","11":"taxable","12":"shipping-taxable","13":"purchasable","14":"product-type-simple"},"acf":[],"_links":{"self":[{"href":"https:\/\/kingarms.ee\/lt\/wp-json\/wp\/v2\/product\/137172","targetHints":{"allow":["GET"]}}],"collection":[{"href":"https:\/\/kingarms.ee\/lt\/wp-json\/wp\/v2\/product"}],"about":[{"href":"https:\/\/kingarms.ee\/lt\/wp-json\/wp\/v2\/types\/product"}],"wp:featuredmedia":[{"embeddable":true,"href":"https:\/\/kingarms.ee\/lt\/wp-json\/wp\/v2\/media\/130853"}],"wp:attachment":[{"href":"https:\/\/kingarms.ee\/lt\/wp-json\/wp\/v2\/media?parent=137172"}],"wp:term":[{"taxonomy":"product_brand","embeddable":true,"href":"https:\/\/kingarms.ee\/lt\/wp-json\/wp\/v2\/product_brand?post=137172"},{"taxonomy":"product_cat","embeddable":true,"href":"https:\/\/kingarms.ee\/lt\/wp-json\/wp\/v2\/product_cat?post=137172"},{"taxonomy":"product_tag","embeddable":true,"href":"https:\/\/kingarms.ee\/lt\/wp-json\/wp\/v2\/product_tag?post=137172"}],"curies":[{"name":"wp","href":"https:\/\/api.w.org\/{rel}","templated":true}]}}