{"id":137184,"date":"2023-11-18T19:32:12","date_gmt":"2023-11-18T16:32:12","guid":{"rendered":"https:\/\/kingarms.ee\/product\/alfa-kulkos-45-mm-050-g-150-svaru\/"},"modified":"2024-11-08T19:29:07","modified_gmt":"2024-11-08T16:29:07","slug":"alfa-balls-45-mm-050-g-50pt","status":"publish","type":"product","link":"https:\/\/kingarms.ee\/lt\/product\/alfa-balls-45-mm-050-g-50pt\/","title":{"rendered":"\u201eAlfa\u201c kulkos 4,5 mm 0,50 g (150 svar\u0173)"},"content":{"rendered":"<p><img loading=\"lazy\" decoding=\"async\" class=\"alignnone size-full wp-image-83694\" src=\"https:\/\/kingarms.ee\/wp-content\/uploads\/2023\/11\/55e7c0086490d3684bd19f11290591a8.jpg\" alt=\"\" width=\"660\" height=\"550\" srcset=\"https:\/\/kingarms.ee\/wp-content\/uploads\/2023\/11\/55e7c0086490d3684bd19f11290591a8.jpg 660w, https:\/\/kingarms.ee\/wp-content\/uploads\/2023\/11\/55e7c0086490d3684bd19f11290591a8-300x250.jpg 300w, https:\/\/kingarms.ee\/wp-content\/uploads\/2023\/11\/55e7c0086490d3684bd19f11290591a8-500x417.jpg 500w, https:\/\/kingarms.ee\/wp-content\/uploads\/2023\/11\/55e7c0086490d3684bd19f11290591a8-150x125.jpg 150w\" sizes=\"auto, (max-width: 660px) 100vw, 660px\" \/><\/p>\n","protected":false},"excerpt":{"rendered":"<p>\u201eAlfa\u201c kulkos 4,5 mm 0,50 g (150 svar\u0173)<\/p>\n<p>Gamintojas: PKF Quintor LLC (Rusija)<br \/>\nKalibras: 4,5 mm (.177)<br \/>\nIlgis: 5,8 mm<br \/>\nSvoris: 0,50 gram\u0173 (7,72 a\u0161menys)<br \/>\nGalva: plok\u0161\u010dias (medviln\u0117s pjaustytuvas)<br \/>\nKiekis: 150 vnt<\/p>\n","protected":false},"featured_media":130608,"template":"","meta":{"_acf_changed":false},"product_brand":[],"product_cat":[1189],"product_tag":[],"class_list":{"0":"post-137184","1":"product","2":"type-product","3":"status-publish","4":"has-post-thumbnail","6":"product_cat-oro-pistoletas-4-5-mm","8":"first","9":"outofstock","10":"taxable","11":"shipping-taxable","12":"purchasable","13":"product-type-simple"},"acf":[],"_links":{"self":[{"href":"https:\/\/kingarms.ee\/lt\/wp-json\/wp\/v2\/product\/137184","targetHints":{"allow":["GET"]}}],"collection":[{"href":"https:\/\/kingarms.ee\/lt\/wp-json\/wp\/v2\/product"}],"about":[{"href":"https:\/\/kingarms.ee\/lt\/wp-json\/wp\/v2\/types\/product"}],"wp:featuredmedia":[{"embeddable":true,"href":"https:\/\/kingarms.ee\/lt\/wp-json\/wp\/v2\/media\/130608"}],"wp:attachment":[{"href":"https:\/\/kingarms.ee\/lt\/wp-json\/wp\/v2\/media?parent=137184"}],"wp:term":[{"taxonomy":"product_brand","embeddable":true,"href":"https:\/\/kingarms.ee\/lt\/wp-json\/wp\/v2\/product_brand?post=137184"},{"taxonomy":"product_cat","embeddable":true,"href":"https:\/\/kingarms.ee\/lt\/wp-json\/wp\/v2\/product_cat?post=137184"},{"taxonomy":"product_tag","embeddable":true,"href":"https:\/\/kingarms.ee\/lt\/wp-json\/wp\/v2\/product_tag?post=137184"}],"curies":[{"name":"wp","href":"https:\/\/api.w.org\/{rel}","templated":true}]}}