{"id":137198,"date":"2023-11-18T17:56:08","date_gmt":"2024-11-08T16:54:57","guid":{"rendered":"https:\/\/kingarms.ee\/product\/tusciavidure-taskas-apolo-400tk\/"},"modified":"2024-11-08T19:54:57","modified_gmt":"2024-11-08T16:54:57","slug":"tusciavidurio-tasko-apolo-400tk","status":"publish","type":"product","link":"https:\/\/kingarms.ee\/lt\/product\/tusciavidurio-tasko-apolo-400tk\/","title":{"rendered":"Tu\u0161\u010diavidur\u0117 ta\u0161kas &#8211; Apolo (400TK)"},"content":{"rendered":"<p><img loading=\"lazy\" decoding=\"async\" class=\"alignnone size-full wp-image-83512\" src=\"https:\/\/kingarms.ee\/wp-content\/uploads\/2023\/11\/apolo-hollow-point-air-pellets-500x500-1.webp\" alt=\"\" width=\"500\" height=\"363\" srcset=\"https:\/\/kingarms.ee\/wp-content\/uploads\/2023\/11\/apolo-hollow-point-air-pellets-500x500-1.webp 500w, https:\/\/kingarms.ee\/wp-content\/uploads\/2023\/11\/apolo-hollow-point-air-pellets-500x500-1-300x218.webp 300w, https:\/\/kingarms.ee\/wp-content\/uploads\/2023\/11\/apolo-hollow-point-air-pellets-500x500-1-150x109.webp 150w\" sizes=\"auto, (max-width: 500px) 100vw, 500px\" \/><\/p>\n","protected":false},"excerpt":{"rendered":"<p>Tu\u0161\u010diavidur\u0117 ta\u0161kas &#8211; Apolo (400TK)<\/p>\n<p>Prek\u0117s \u017eenklo \u201eApolo\u201c<br \/>\nSpalva sidabrin\u0117<br \/>\nKalibro 0,177 CAL (4,5 mm)<br \/>\nGalvos formos plok\u0161\u010dias<br \/>\nPakuot\u0117s dydis 400 vnt.<br \/>\nPakuot\u0117s tipo skardos<br \/>\nNaudokite\/program\u0105 sportinis oro pistoletas<br \/>\nSvoris 9 g \/ 0,60 gr<\/p>\n","protected":false},"featured_media":130546,"template":"","meta":{"_acf_changed":false},"product_brand":[],"product_cat":[1189],"product_tag":[],"class_list":{"0":"post-137198","1":"product","2":"type-product","3":"status-publish","4":"has-post-thumbnail","6":"product_cat-oro-pistoletas-4-5-mm","8":"first","9":"instock","10":"taxable","11":"shipping-taxable","12":"purchasable","13":"product-type-simple"},"acf":[],"_links":{"self":[{"href":"https:\/\/kingarms.ee\/lt\/wp-json\/wp\/v2\/product\/137198","targetHints":{"allow":["GET"]}}],"collection":[{"href":"https:\/\/kingarms.ee\/lt\/wp-json\/wp\/v2\/product"}],"about":[{"href":"https:\/\/kingarms.ee\/lt\/wp-json\/wp\/v2\/types\/product"}],"wp:featuredmedia":[{"embeddable":true,"href":"https:\/\/kingarms.ee\/lt\/wp-json\/wp\/v2\/media\/130546"}],"wp:attachment":[{"href":"https:\/\/kingarms.ee\/lt\/wp-json\/wp\/v2\/media?parent=137198"}],"wp:term":[{"taxonomy":"product_brand","embeddable":true,"href":"https:\/\/kingarms.ee\/lt\/wp-json\/wp\/v2\/product_brand?post=137198"},{"taxonomy":"product_cat","embeddable":true,"href":"https:\/\/kingarms.ee\/lt\/wp-json\/wp\/v2\/product_cat?post=137198"},{"taxonomy":"product_tag","embeddable":true,"href":"https:\/\/kingarms.ee\/lt\/wp-json\/wp\/v2\/product_tag?post=137198"}],"curies":[{"name":"wp","href":"https:\/\/api.w.org\/{rel}","templated":true}]}}