{"id":137215,"date":"2023-10-10T18:00:10","date_gmt":"2023-10-10T15:00:10","guid":{"rendered":"https:\/\/kingarms.ee\/product\/pavasario-ginklas-m16a4-gerai\/"},"modified":"2024-11-09T15:09:46","modified_gmt":"2024-11-09T12:09:46","slug":"pavasario-m16a4-well","status":"publish","type":"product","link":"https:\/\/kingarms.ee\/lt\/product\/pavasario-m16a4-well\/","title":{"rendered":"Pavasario ginklas M16A4 (gerai)"},"content":{"rendered":"<p><img loading=\"lazy\" decoding=\"async\" class=\"alignnone size-medium wp-image-81773\" src=\"https:\/\/kingarms.ee\/wp-content\/uploads\/2023\/10\/1133308184_1-300x205.webp\" alt=\"\" width=\"300\" height=\"205\" srcset=\"https:\/\/kingarms.ee\/wp-content\/uploads\/2023\/10\/1133308184_1-300x205.webp 300w, https:\/\/kingarms.ee\/wp-content\/uploads\/2023\/10\/1133308184_1-500x341.webp 500w, https:\/\/kingarms.ee\/wp-content\/uploads\/2023\/10\/1133308184_1-150x102.webp 150w, https:\/\/kingarms.ee\/wp-content\/uploads\/2023\/10\/1133308184_1.webp 550w\" sizes=\"auto, (max-width: 300px) 100vw, 300px\" \/><\/p>\n","protected":false},"excerpt":{"rendered":"<p>Pavasario ginklas M16A4 (gerai)<\/p>\n<p>Specifikacijos:<\/p>\n<p>Vardas: M16 A4<br \/>\nGamintojas: Na<br \/>\nPistoleto trauka: pavasaris<br \/>\nSkal\u0117: 1: 1<br \/>\nPistoleto korpusas: plastikas + vidinis aliuminio vamzdis<br \/>\nGreitis: ~ 0,6 J<br \/>\nVir\u0161uje: 25-30 m<br \/>\nD\u0117klo t\u016bris: 30 bb<br \/>\nPistoleto ilgis: 70 cm<br \/>\nPistoleto svoris: 2000 g<br \/>\nPriedai: dir\u017eelis, kolimatorius, \u017eibintuv\u0117lis<\/p>\n","protected":false},"featured_media":130167,"template":"","meta":{"_acf_changed":false},"product_brand":[],"product_cat":[1139],"product_tag":[],"class_list":{"0":"post-137215","1":"product","2":"type-product","3":"status-publish","4":"has-post-thumbnail","6":"product_cat-elektro-pneumatiniai-ginklai","8":"first","9":"instock","10":"taxable","11":"shipping-taxable","12":"purchasable","13":"product-type-simple"},"acf":[],"_links":{"self":[{"href":"https:\/\/kingarms.ee\/lt\/wp-json\/wp\/v2\/product\/137215","targetHints":{"allow":["GET"]}}],"collection":[{"href":"https:\/\/kingarms.ee\/lt\/wp-json\/wp\/v2\/product"}],"about":[{"href":"https:\/\/kingarms.ee\/lt\/wp-json\/wp\/v2\/types\/product"}],"wp:featuredmedia":[{"embeddable":true,"href":"https:\/\/kingarms.ee\/lt\/wp-json\/wp\/v2\/media\/130167"}],"wp:attachment":[{"href":"https:\/\/kingarms.ee\/lt\/wp-json\/wp\/v2\/media?parent=137215"}],"wp:term":[{"taxonomy":"product_brand","embeddable":true,"href":"https:\/\/kingarms.ee\/lt\/wp-json\/wp\/v2\/product_brand?post=137215"},{"taxonomy":"product_cat","embeddable":true,"href":"https:\/\/kingarms.ee\/lt\/wp-json\/wp\/v2\/product_cat?post=137215"},{"taxonomy":"product_tag","embeddable":true,"href":"https:\/\/kingarms.ee\/lt\/wp-json\/wp\/v2\/product_tag?post=137215"}],"curies":[{"name":"wp","href":"https:\/\/api.w.org\/{rel}","templated":true}]}}