{"id":137223,"date":"2023-10-04T14:04:30","date_gmt":"2023-10-04T11:04:30","guid":{"rendered":"https:\/\/kingarms.ee\/product\/pradinis-pistoletas-tr34-dumas-blow\/"},"modified":"2024-11-09T15:46:30","modified_gmt":"2024-11-09T12:46:30","slug":"start-pustol-tr34-fumeblow","status":"publish","type":"product","link":"https:\/\/kingarms.ee\/lt\/product\/start-pustol-tr34-fumeblow\/","title":{"rendered":"Pradinis pistoletas TR34 d\u016bmas (Blow)"},"content":{"rendered":"<p><img loading=\"lazy\" decoding=\"async\" class=\"alignnone size-medium wp-image-81344\" src=\"https:\/\/kingarms.ee\/wp-content\/uploads\/2023\/10\/fume-300x274.png\" alt=\"\" width=\"300\" height=\"274\" srcset=\"https:\/\/kingarms.ee\/wp-content\/uploads\/2023\/10\/fume-300x274.png 300w, https:\/\/kingarms.ee\/wp-content\/uploads\/2023\/10\/fume-1024x934.png 1024w, https:\/\/kingarms.ee\/wp-content\/uploads\/2023\/10\/fume-768x700.png 768w, https:\/\/kingarms.ee\/wp-content\/uploads\/2023\/10\/fume-1536x1401.png 1536w, https:\/\/kingarms.ee\/wp-content\/uploads\/2023\/10\/fume-2048x1868.png 2048w, https:\/\/kingarms.ee\/wp-content\/uploads\/2023\/10\/fume-500x456.png 500w, https:\/\/kingarms.ee\/wp-content\/uploads\/2023\/10\/fume-150x137.png 150w\" sizes=\"auto, (max-width: 300px) 100vw, 300px\" \/><\/p>\n","protected":false},"excerpt":{"rendered":"<p>\u201eTR34\u201c d\u016bm\u0173 (Blow) ergonomin\u0117s formos rankena u\u017etikrina patogi\u0105 ir saugi\u0105 tvarkym\u0105. Pad\u0117klas su vienu kr\u016bva gali i\u0161laikyti iki septyni\u0173 9 mm P.A.K. Bango kaset\u0117. Viskas, k\u0105 jums reikia padaryti, tai paspausti d\u0117klo atleidimo mygtuk\u0105 ant rankenos.<\/p>\n","protected":false},"featured_media":152622,"template":"","meta":{"_acf_changed":false},"product_brand":[],"product_cat":[1148],"product_tag":[],"class_list":{"0":"post-137223","1":"product","2":"type-product","3":"status-publish","4":"has-post-thumbnail","6":"product_cat-pradedantys-pistoletai","8":"first","9":"instock","10":"taxable","11":"shipping-taxable","12":"purchasable","13":"product-type-simple"},"acf":[],"_links":{"self":[{"href":"https:\/\/kingarms.ee\/lt\/wp-json\/wp\/v2\/product\/137223","targetHints":{"allow":["GET"]}}],"collection":[{"href":"https:\/\/kingarms.ee\/lt\/wp-json\/wp\/v2\/product"}],"about":[{"href":"https:\/\/kingarms.ee\/lt\/wp-json\/wp\/v2\/types\/product"}],"wp:featuredmedia":[{"embeddable":true,"href":"https:\/\/kingarms.ee\/lt\/wp-json\/wp\/v2\/media\/152622"}],"wp:attachment":[{"href":"https:\/\/kingarms.ee\/lt\/wp-json\/wp\/v2\/media?parent=137223"}],"wp:term":[{"taxonomy":"product_brand","embeddable":true,"href":"https:\/\/kingarms.ee\/lt\/wp-json\/wp\/v2\/product_brand?post=137223"},{"taxonomy":"product_cat","embeddable":true,"href":"https:\/\/kingarms.ee\/lt\/wp-json\/wp\/v2\/product_cat?post=137223"},{"taxonomy":"product_tag","embeddable":true,"href":"https:\/\/kingarms.ee\/lt\/wp-json\/wp\/v2\/product_tag?post=137223"}],"curies":[{"name":"wp","href":"https:\/\/api.w.org\/{rel}","templated":true}]}}