{"id":137227,"date":"2023-10-04T12:49:44","date_gmt":"2024-11-09T12:57:01","guid":{"rendered":"https:\/\/kingarms.ee\/product\/js-taktinis-3x-didintuvas\/"},"modified":"2024-11-09T15:57:01","modified_gmt":"2024-11-09T12:57:01","slug":"js-tactical-3x-magnifer","status":"publish","type":"product","link":"https:\/\/kingarms.ee\/lt\/product\/js-tactical-3x-magnifer\/","title":{"rendered":"JS-taktinis 3x didintuvas"},"content":{"rendered":"<p><img loading=\"lazy\" decoding=\"async\" class=\"alignnone size-medium wp-image-81278\" src=\"https:\/\/kingarms.ee\/wp-content\/uploads\/2023\/10\/js-tactical-3x-magnifier-for-red-dot-black-js-utech-300x300.jpg\" alt=\"\" width=\"300\" height=\"300\" srcset=\"https:\/\/kingarms.ee\/wp-content\/uploads\/2023\/10\/js-tactical-3x-magnifier-for-red-dot-black-js-utech-300x300.jpg 300w, https:\/\/kingarms.ee\/wp-content\/uploads\/2023\/10\/js-tactical-3x-magnifier-for-red-dot-black-js-utech-150x150.jpg 150w, https:\/\/kingarms.ee\/wp-content\/uploads\/2023\/10\/js-tactical-3x-magnifier-for-red-dot-black-js-utech-768x768.jpg 768w, https:\/\/kingarms.ee\/wp-content\/uploads\/2023\/10\/js-tactical-3x-magnifier-for-red-dot-black-js-utech-500x500.jpg 500w, https:\/\/kingarms.ee\/wp-content\/uploads\/2023\/10\/js-tactical-3x-magnifier-for-red-dot-black-js-utech.jpg 1000w\" sizes=\"auto, (max-width: 300px) 100vw, 300px\" \/><\/p>\n","protected":false},"excerpt":{"rendered":"<p>JS-taktinis 3x didintuvas<\/p>\n<p>3x padidinimas<br \/>\nAliuminio korpusas<br \/>\nVamzd\u017eio skersmuo 34 mm<br \/>\nNor\u0117dami naudoti prie\u0161ais raudon\u0105 ta\u0161k\u0105<br \/>\nI\u0161traukiami galiniai dangteliai<br \/>\nIlgis 35 mm<br \/>\nSvoris 210 g<br \/>\nJuodas<\/p>\n","protected":false},"featured_media":132394,"template":"","meta":{"_acf_changed":false},"product_brand":[],"product_cat":[1205],"product_tag":[],"class_list":{"0":"post-137227","1":"product","2":"type-product","3":"status-publish","4":"has-post-thumbnail","6":"product_cat-vaizdai-lt","8":"first","9":"instock","10":"taxable","11":"shipping-taxable","12":"purchasable","13":"product-type-simple"},"acf":[],"_links":{"self":[{"href":"https:\/\/kingarms.ee\/lt\/wp-json\/wp\/v2\/product\/137227","targetHints":{"allow":["GET"]}}],"collection":[{"href":"https:\/\/kingarms.ee\/lt\/wp-json\/wp\/v2\/product"}],"about":[{"href":"https:\/\/kingarms.ee\/lt\/wp-json\/wp\/v2\/types\/product"}],"wp:featuredmedia":[{"embeddable":true,"href":"https:\/\/kingarms.ee\/lt\/wp-json\/wp\/v2\/media\/132394"}],"wp:attachment":[{"href":"https:\/\/kingarms.ee\/lt\/wp-json\/wp\/v2\/media?parent=137227"}],"wp:term":[{"taxonomy":"product_brand","embeddable":true,"href":"https:\/\/kingarms.ee\/lt\/wp-json\/wp\/v2\/product_brand?post=137227"},{"taxonomy":"product_cat","embeddable":true,"href":"https:\/\/kingarms.ee\/lt\/wp-json\/wp\/v2\/product_cat?post=137227"},{"taxonomy":"product_tag","embeddable":true,"href":"https:\/\/kingarms.ee\/lt\/wp-json\/wp\/v2\/product_tag?post=137227"}],"curies":[{"name":"wp","href":"https:\/\/api.w.org\/{rel}","templated":true}]}}