{"id":137231,"date":"2023-10-04T11:44:04","date_gmt":"2024-11-09T13:01:40","guid":{"rendered":"https:\/\/kingarms.ee\/product\/aim-o-flip-dot\/"},"modified":"2024-11-09T16:01:40","modified_gmt":"2024-11-09T13:01:40","slug":"aim-o-flip-dot","status":"publish","type":"product","link":"https:\/\/kingarms.ee\/lt\/product\/aim-o-flip-dot\/","title":{"rendered":"AIM-O Flip Dot"},"content":{"rendered":"<p><img loading=\"lazy\" decoding=\"async\" class=\"alignnone size-medium wp-image-81254\" src=\"https:\/\/kingarms.ee\/wp-content\/uploads\/2023\/10\/aim-o-flip-dot-reflex-sight-black-ao6008-b-300x300.jpg\" alt=\"\" width=\"300\" height=\"300\" srcset=\"https:\/\/kingarms.ee\/wp-content\/uploads\/2023\/10\/aim-o-flip-dot-reflex-sight-black-ao6008-b-300x300.jpg 300w, https:\/\/kingarms.ee\/wp-content\/uploads\/2023\/10\/aim-o-flip-dot-reflex-sight-black-ao6008-b-150x150.jpg 150w, https:\/\/kingarms.ee\/wp-content\/uploads\/2023\/10\/aim-o-flip-dot-reflex-sight-black-ao6008-b-768x768.jpg 768w, https:\/\/kingarms.ee\/wp-content\/uploads\/2023\/10\/aim-o-flip-dot-reflex-sight-black-ao6008-b-500x500.jpg 500w, https:\/\/kingarms.ee\/wp-content\/uploads\/2023\/10\/aim-o-flip-dot-reflex-sight-black-ao6008-b.jpg 1000w\" sizes=\"auto, (max-width: 300px) 100vw, 300px\" \/><\/p>\n","protected":false},"excerpt":{"rendered":"<p>AIM-O Flip Dot<\/p>\n<p>I\u0161traukiamas raudonas ta\u0161kas<br \/>\nObjektyvas gali b\u016bti atstumtas kaip \u012fprastas tikslas<br \/>\nRy\u0161kumas<br \/>\nVisas metalinis korpusas (aliuminis)<br \/>\nV\u0117jo ir auk\u0161\u010dio koregavimas<br \/>\nMontavimo standartas \u201ePicatinny Rail\u201c<br \/>\nLydimas apsaugin\u0117s skryb\u0117l\u0117s<br \/>\nMatmenys 55 mm 32 mm 43 mm (28 mm sulankstytas objektyvas)<br \/>\nSvoris 60G<br \/>\n\u201ePower 1x CR2032\u201c akumuliatorius (ne\u012ftraukta)<br \/>\nJuodas<\/p>\n","protected":false},"featured_media":129930,"template":"","meta":{"_acf_changed":false},"product_brand":[],"product_cat":[1205],"product_tag":[],"class_list":{"0":"post-137231","1":"product","2":"type-product","3":"status-publish","4":"has-post-thumbnail","6":"product_cat-vaizdai-lt","8":"first","9":"instock","10":"taxable","11":"shipping-taxable","12":"purchasable","13":"product-type-simple"},"acf":[],"_links":{"self":[{"href":"https:\/\/kingarms.ee\/lt\/wp-json\/wp\/v2\/product\/137231","targetHints":{"allow":["GET"]}}],"collection":[{"href":"https:\/\/kingarms.ee\/lt\/wp-json\/wp\/v2\/product"}],"about":[{"href":"https:\/\/kingarms.ee\/lt\/wp-json\/wp\/v2\/types\/product"}],"wp:featuredmedia":[{"embeddable":true,"href":"https:\/\/kingarms.ee\/lt\/wp-json\/wp\/v2\/media\/129930"}],"wp:attachment":[{"href":"https:\/\/kingarms.ee\/lt\/wp-json\/wp\/v2\/media?parent=137231"}],"wp:term":[{"taxonomy":"product_brand","embeddable":true,"href":"https:\/\/kingarms.ee\/lt\/wp-json\/wp\/v2\/product_brand?post=137231"},{"taxonomy":"product_cat","embeddable":true,"href":"https:\/\/kingarms.ee\/lt\/wp-json\/wp\/v2\/product_cat?post=137231"},{"taxonomy":"product_tag","embeddable":true,"href":"https:\/\/kingarms.ee\/lt\/wp-json\/wp\/v2\/product_tag?post=137231"}],"curies":[{"name":"wp","href":"https:\/\/api.w.org\/{rel}","templated":true}]}}