{"id":137236,"date":"2023-09-20T15:15:27","date_gmt":"2024-11-09T13:12:09","guid":{"rendered":"https:\/\/kingarms.ee\/product\/fn2000-fn-herestal\/"},"modified":"2024-11-09T16:12:09","modified_gmt":"2024-11-09T13:12:09","slug":"fn2000fn-herstal","status":"publish","type":"product","link":"https:\/\/kingarms.ee\/lt\/product\/fn2000fn-herstal\/","title":{"rendered":"FN2000 (\u201eFn Herestal\u201c)"},"content":{"rendered":"<p><img loading=\"lazy\" decoding=\"async\" class=\"alignnone size-medium wp-image-80810\" src=\"https:\/\/kingarms.ee\/wp-content\/uploads\/2023\/09\/fn2000-herstal-aeg-300x300.jpg\" alt=\"\" width=\"300\" height=\"300\" srcset=\"https:\/\/kingarms.ee\/wp-content\/uploads\/2023\/09\/fn2000-herstal-aeg-300x300.jpg 300w, https:\/\/kingarms.ee\/wp-content\/uploads\/2023\/09\/fn2000-herstal-aeg-150x150.jpg 150w, https:\/\/kingarms.ee\/wp-content\/uploads\/2023\/09\/fn2000-herstal-aeg.jpg 452w\" sizes=\"auto, (max-width: 300px) 100vw, 300px\" \/><\/p>\n","protected":false},"excerpt":{"rendered":"<p>FN2000 (\u201eFn Herestal\u201c)<\/p>\n<p>Pagaminta i\u0161 auk\u0161to stiprumo nailono polimero korpuso<br \/>\nAutenti\u0161ki \u201eFN Herstal\u201c licencijuoti prek\u0117s \u017eenklai ir logotipai<br \/>\nVisas metalinis sustiprinta pavara su auk\u0161to stiprumo plienin\u0117mis pavaromis<br \/>\nMetalinio plok\u0161\u010dio magistral\u0117s taikinys, skirtas lengvai montuoti<br \/>\nReguliuojamas priekinis ir galin\u0117 taikinys<br \/>\nVisi\u0161kai du rankiniai dizainas<br \/>\nIntegruota galin\u0117 kilpa, kad b\u016bt\u0173 galima pritvirtinti ginklo dir\u017eel\u012f<\/p>\n","protected":false},"featured_media":129848,"template":"","meta":{"_acf_changed":false},"product_brand":[],"product_cat":[1139],"product_tag":[],"class_list":{"0":"post-137236","1":"product","2":"type-product","3":"status-publish","4":"has-post-thumbnail","6":"product_cat-elektro-pneumatiniai-ginklai","8":"first","9":"onbackorder","10":"taxable","11":"shipping-taxable","12":"product-type-simple"},"acf":[],"_links":{"self":[{"href":"https:\/\/kingarms.ee\/lt\/wp-json\/wp\/v2\/product\/137236","targetHints":{"allow":["GET"]}}],"collection":[{"href":"https:\/\/kingarms.ee\/lt\/wp-json\/wp\/v2\/product"}],"about":[{"href":"https:\/\/kingarms.ee\/lt\/wp-json\/wp\/v2\/types\/product"}],"wp:featuredmedia":[{"embeddable":true,"href":"https:\/\/kingarms.ee\/lt\/wp-json\/wp\/v2\/media\/129848"}],"wp:attachment":[{"href":"https:\/\/kingarms.ee\/lt\/wp-json\/wp\/v2\/media?parent=137236"}],"wp:term":[{"taxonomy":"product_brand","embeddable":true,"href":"https:\/\/kingarms.ee\/lt\/wp-json\/wp\/v2\/product_brand?post=137236"},{"taxonomy":"product_cat","embeddable":true,"href":"https:\/\/kingarms.ee\/lt\/wp-json\/wp\/v2\/product_cat?post=137236"},{"taxonomy":"product_tag","embeddable":true,"href":"https:\/\/kingarms.ee\/lt\/wp-json\/wp\/v2\/product_tag?post=137236"}],"curies":[{"name":"wp","href":"https:\/\/api.w.org\/{rel}","templated":true}]}}