{"id":137239,"date":"2023-09-20T14:46:49","date_gmt":"2024-11-09T13:16:13","guid":{"rendered":"https:\/\/kingarms.ee\/product\/m4-cqb-ares\/"},"modified":"2024-11-09T16:16:13","modified_gmt":"2024-11-09T13:16:13","slug":"m4-cqbares","status":"publish","type":"product","link":"https:\/\/kingarms.ee\/lt\/product\/m4-cqbares\/","title":{"rendered":"M4 CQB (ares)"},"content":{"rendered":"<p><img loading=\"lazy\" decoding=\"async\" class=\"alignnone size-medium wp-image-80779\" src=\"https:\/\/kingarms.ee\/wp-content\/uploads\/2023\/09\/ares-electric-rifle-m4-cqb-black-ar-044-300x300.jpg\" alt=\"\" width=\"300\" height=\"300\" srcset=\"https:\/\/kingarms.ee\/wp-content\/uploads\/2023\/09\/ares-electric-rifle-m4-cqb-black-ar-044-300x300.jpg 300w, https:\/\/kingarms.ee\/wp-content\/uploads\/2023\/09\/ares-electric-rifle-m4-cqb-black-ar-044-150x150.jpg 150w, https:\/\/kingarms.ee\/wp-content\/uploads\/2023\/09\/ares-electric-rifle-m4-cqb-black-ar-044-768x768.jpg 768w, https:\/\/kingarms.ee\/wp-content\/uploads\/2023\/09\/ares-electric-rifle-m4-cqb-black-ar-044-500x500.jpg 500w, https:\/\/kingarms.ee\/wp-content\/uploads\/2023\/09\/ares-electric-rifle-m4-cqb-black-ar-044.jpg 1000w\" sizes=\"auto, (max-width: 300px) 100vw, 300px\" \/><\/p>\n","protected":false},"excerpt":{"rendered":"<p>M4 CQB (ares)<\/p>\n<p>Elektrinis pistoletas M4 CQB juodas<br \/>\nMetalinis k\u016bnas<br \/>\n\u201eSalve Hi-Cap 300\u201c raundai<br \/>\nVertikali rankena<br \/>\nRetrospektyvus<br \/>\nReguliuojama spintel\u0117<br \/>\nFotografavimo re\u017eimas: saugus, pusiau automatinis<br \/>\nIlgis 710 mm &#8211; 790 mm<br \/>\nSvoris 3100 g<br \/>\nAkumuliatoriaus ir akumuliatoriaus \u012fkroviklis ne\u012fskai\u010diuoti<\/p>\n<p>Prieinamumas: \u201eKingarms P\u00e4rnu\u201c<\/p>\n","protected":false},"featured_media":129837,"template":"","meta":{"_acf_changed":false},"product_brand":[],"product_cat":[1139],"product_tag":[],"class_list":{"0":"post-137239","1":"product","2":"type-product","3":"status-publish","4":"has-post-thumbnail","6":"product_cat-elektro-pneumatiniai-ginklai","8":"first","9":"instock","10":"sale","11":"taxable","12":"shipping-taxable","13":"purchasable","14":"product-type-simple"},"acf":[],"_links":{"self":[{"href":"https:\/\/kingarms.ee\/lt\/wp-json\/wp\/v2\/product\/137239","targetHints":{"allow":["GET"]}}],"collection":[{"href":"https:\/\/kingarms.ee\/lt\/wp-json\/wp\/v2\/product"}],"about":[{"href":"https:\/\/kingarms.ee\/lt\/wp-json\/wp\/v2\/types\/product"}],"wp:featuredmedia":[{"embeddable":true,"href":"https:\/\/kingarms.ee\/lt\/wp-json\/wp\/v2\/media\/129837"}],"wp:attachment":[{"href":"https:\/\/kingarms.ee\/lt\/wp-json\/wp\/v2\/media?parent=137239"}],"wp:term":[{"taxonomy":"product_brand","embeddable":true,"href":"https:\/\/kingarms.ee\/lt\/wp-json\/wp\/v2\/product_brand?post=137239"},{"taxonomy":"product_cat","embeddable":true,"href":"https:\/\/kingarms.ee\/lt\/wp-json\/wp\/v2\/product_cat?post=137239"},{"taxonomy":"product_tag","embeddable":true,"href":"https:\/\/kingarms.ee\/lt\/wp-json\/wp\/v2\/product_tag?post=137239"}],"curies":[{"name":"wp","href":"https:\/\/api.w.org\/{rel}","templated":true}]}}