{"id":137241,"date":"2023-09-16T10:34:15","date_gmt":"2023-09-16T07:34:15","guid":{"rendered":"https:\/\/kingarms.ee\/product\/pradekite-pistoleta-rettay-eagle-x-9mm\/"},"modified":"2024-11-09T16:18:17","modified_gmt":"2024-11-09T13:18:17","slug":"start-pustol-reday-egag-x-9mm","status":"publish","type":"product","link":"https:\/\/kingarms.ee\/lt\/product\/start-pustol-reday-egag-x-9mm\/","title":{"rendered":"Prad\u0117kite pistolet\u0105 \u201eRettay Eagle X 9mm\u201c"},"content":{"rendered":"<p><img loading=\"lazy\" decoding=\"async\" class=\"alignnone size-full wp-image-80752\" src=\"https:\/\/kingarms.ee\/wp-content\/uploads\/2023\/09\/9b989c05-ad92-11eb-8fa3-00155dd95b07_9b989c06-ad92-11eb-8fa3-00155dd95b07.webp\" alt=\"\" width=\"1500\" height=\"1500\" srcset=\"https:\/\/kingarms.ee\/wp-content\/uploads\/2023\/09\/9b989c05-ad92-11eb-8fa3-00155dd95b07_9b989c06-ad92-11eb-8fa3-00155dd95b07.webp 1500w, https:\/\/kingarms.ee\/wp-content\/uploads\/2023\/09\/9b989c05-ad92-11eb-8fa3-00155dd95b07_9b989c06-ad92-11eb-8fa3-00155dd95b07-300x300.webp 300w, https:\/\/kingarms.ee\/wp-content\/uploads\/2023\/09\/9b989c05-ad92-11eb-8fa3-00155dd95b07_9b989c06-ad92-11eb-8fa3-00155dd95b07-1024x1024.webp 1024w, https:\/\/kingarms.ee\/wp-content\/uploads\/2023\/09\/9b989c05-ad92-11eb-8fa3-00155dd95b07_9b989c06-ad92-11eb-8fa3-00155dd95b07-150x150.webp 150w, https:\/\/kingarms.ee\/wp-content\/uploads\/2023\/09\/9b989c05-ad92-11eb-8fa3-00155dd95b07_9b989c06-ad92-11eb-8fa3-00155dd95b07-768x768.webp 768w, https:\/\/kingarms.ee\/wp-content\/uploads\/2023\/09\/9b989c05-ad92-11eb-8fa3-00155dd95b07_9b989c06-ad92-11eb-8fa3-00155dd95b07-500x500.webp 500w\" sizes=\"auto, (max-width: 1500px) 100vw, 1500px\" \/><\/p>\n","protected":false},"excerpt":{"rendered":"<p>Prad\u0117kite pistolet\u0105 \u201eRettay Eagle X 9mm\u201c<\/p>\n<p>Pistoletas su metaliniu korpusu ir \u201eCerakote\u201c yra neabejotinai stiprus, patikimas ir patvarus.<\/p>\n<p>Kalibras 9 mm P.A.K<br \/>\nI\u0161saugokite t\u016br\u012f 17+1<br \/>\n\u0160autuvas i\u0161 \u0161autuvo<br \/>\nTrigeris: vienas veiksmas<\/p>\n","protected":false},"featured_media":152628,"template":"","meta":{"_acf_changed":false},"product_brand":[],"product_cat":[1148],"product_tag":[],"class_list":{"0":"post-137241","1":"product","2":"type-product","3":"status-publish","4":"has-post-thumbnail","6":"product_cat-pradedantys-pistoletai","8":"first","9":"instock","10":"sale","11":"taxable","12":"shipping-taxable","13":"purchasable","14":"product-type-simple"},"acf":[],"_links":{"self":[{"href":"https:\/\/kingarms.ee\/lt\/wp-json\/wp\/v2\/product\/137241","targetHints":{"allow":["GET"]}}],"collection":[{"href":"https:\/\/kingarms.ee\/lt\/wp-json\/wp\/v2\/product"}],"about":[{"href":"https:\/\/kingarms.ee\/lt\/wp-json\/wp\/v2\/types\/product"}],"wp:featuredmedia":[{"embeddable":true,"href":"https:\/\/kingarms.ee\/lt\/wp-json\/wp\/v2\/media\/152628"}],"wp:attachment":[{"href":"https:\/\/kingarms.ee\/lt\/wp-json\/wp\/v2\/media?parent=137241"}],"wp:term":[{"taxonomy":"product_brand","embeddable":true,"href":"https:\/\/kingarms.ee\/lt\/wp-json\/wp\/v2\/product_brand?post=137241"},{"taxonomy":"product_cat","embeddable":true,"href":"https:\/\/kingarms.ee\/lt\/wp-json\/wp\/v2\/product_cat?post=137241"},{"taxonomy":"product_tag","embeddable":true,"href":"https:\/\/kingarms.ee\/lt\/wp-json\/wp\/v2\/product_tag?post=137241"}],"curies":[{"name":"wp","href":"https:\/\/api.w.org\/{rel}","templated":true}]}}