{"id":137243,"date":"2023-09-16T10:19:00","date_gmt":"2023-09-16T07:19:00","guid":{"rendered":"https:\/\/kingarms.ee\/product\/pradekite-pistoleta-84fs\/"},"modified":"2024-11-09T16:23:23","modified_gmt":"2024-11-09T13:23:23","slug":"pradekite-pustol-retay-84fs","status":"publish","type":"product","link":"https:\/\/kingarms.ee\/lt\/product\/pradekite-pustol-retay-84fs\/","title":{"rendered":"Prad\u0117kite pistolet\u0105 84fs"},"content":{"rendered":"<p><img loading=\"lazy\" decoding=\"async\" class=\"alignnone size-full wp-image-80712\" src=\"https:\/\/kingarms.ee\/wp-content\/uploads\/2023\/09\/retay_84-fs_Black_P630100B.png\" alt=\"\" width=\"1500\" height=\"979\" srcset=\"https:\/\/kingarms.ee\/wp-content\/uploads\/2023\/09\/retay_84-fs_Black_P630100B.png 1500w, https:\/\/kingarms.ee\/wp-content\/uploads\/2023\/09\/retay_84-fs_Black_P630100B-300x196.png 300w, https:\/\/kingarms.ee\/wp-content\/uploads\/2023\/09\/retay_84-fs_Black_P630100B-1024x668.png 1024w, https:\/\/kingarms.ee\/wp-content\/uploads\/2023\/09\/retay_84-fs_Black_P630100B-768x501.png 768w, https:\/\/kingarms.ee\/wp-content\/uploads\/2023\/09\/retay_84-fs_Black_P630100B-500x326.png 500w, https:\/\/kingarms.ee\/wp-content\/uploads\/2023\/09\/retay_84-fs_Black_P630100B-150x98.png 150w\" sizes=\"auto, (max-width: 1500px) 100vw, 1500px\" \/><\/p>\n","protected":false},"excerpt":{"rendered":"<p>84FS pradinis pistoletas \u0160is starterio pistoletas puikiai tinka saugiam mokymui, pakartotiniam gamybai, filmavimui ir \u0161un\u0173 treniruot\u0117ms. Daugelis karini\u0173 ir policijos organizacij\u0173 tai naudoja realisti\u0161kiems mokymo scenarijams. 84FS sukuria t\u0105 pat\u012f gars\u0105, d\u016bm\u0105 ir liepsn\u0105 kaip originalas. Kalibras 9 mm P.A.K<br \/>\n\u201eSalve\u201c t\u016bris 9+1<br \/>\nTrigeris: dvigubas veiksmas<\/p>\n","protected":false},"featured_media":152640,"template":"","meta":{"_acf_changed":false},"product_brand":[],"product_cat":[1148],"product_tag":[],"class_list":{"0":"post-137243","1":"product","2":"type-product","3":"status-publish","4":"has-post-thumbnail","6":"product_cat-pradedantys-pistoletai","8":"first","9":"instock","10":"taxable","11":"shipping-taxable","12":"purchasable","13":"product-type-simple"},"acf":[],"_links":{"self":[{"href":"https:\/\/kingarms.ee\/lt\/wp-json\/wp\/v2\/product\/137243","targetHints":{"allow":["GET"]}}],"collection":[{"href":"https:\/\/kingarms.ee\/lt\/wp-json\/wp\/v2\/product"}],"about":[{"href":"https:\/\/kingarms.ee\/lt\/wp-json\/wp\/v2\/types\/product"}],"wp:featuredmedia":[{"embeddable":true,"href":"https:\/\/kingarms.ee\/lt\/wp-json\/wp\/v2\/media\/152640"}],"wp:attachment":[{"href":"https:\/\/kingarms.ee\/lt\/wp-json\/wp\/v2\/media?parent=137243"}],"wp:term":[{"taxonomy":"product_brand","embeddable":true,"href":"https:\/\/kingarms.ee\/lt\/wp-json\/wp\/v2\/product_brand?post=137243"},{"taxonomy":"product_cat","embeddable":true,"href":"https:\/\/kingarms.ee\/lt\/wp-json\/wp\/v2\/product_cat?post=137243"},{"taxonomy":"product_tag","embeddable":true,"href":"https:\/\/kingarms.ee\/lt\/wp-json\/wp\/v2\/product_tag?post=137243"}],"curies":[{"name":"wp","href":"https:\/\/api.w.org\/{rel}","templated":true}]}}