{"id":137249,"date":"2023-09-15T18:44:13","date_gmt":"2024-11-09T13:32:58","guid":{"rendered":"https:\/\/kingarms.ee\/product\/pradekite-pestol-blow-c75-satina-9mm\/"},"modified":"2024-11-09T16:32:58","modified_gmt":"2024-11-09T13:32:58","slug":"start-pustol-blow-c75-satina-9mm","status":"publish","type":"product","link":"https:\/\/kingarms.ee\/lt\/product\/start-pustol-blow-c75-satina-9mm\/","title":{"rendered":"Prad\u0117kite \u201ePESTOL BLOW C75 SATINA 9mm\u201c"},"content":{"rendered":"<p><img loading=\"lazy\" decoding=\"async\" class=\"alignnone size-medium wp-image-80654\" src=\"https:\/\/kingarms.ee\/wp-content\/uploads\/2023\/09\/16adfede-991b-11eb-8fa0-00155dc1232d_43043955-9ddb-11eb-8fa0-00155dc1232d-2-300x300.jpg\" alt=\"\" width=\"300\" height=\"300\" srcset=\"https:\/\/kingarms.ee\/wp-content\/uploads\/2023\/09\/16adfede-991b-11eb-8fa0-00155dc1232d_43043955-9ddb-11eb-8fa0-00155dc1232d-2-300x300.jpg 300w, https:\/\/kingarms.ee\/wp-content\/uploads\/2023\/09\/16adfede-991b-11eb-8fa0-00155dc1232d_43043955-9ddb-11eb-8fa0-00155dc1232d-2-150x150.jpg 150w, https:\/\/kingarms.ee\/wp-content\/uploads\/2023\/09\/16adfede-991b-11eb-8fa0-00155dc1232d_43043955-9ddb-11eb-8fa0-00155dc1232d-2-768x768.jpg 768w, https:\/\/kingarms.ee\/wp-content\/uploads\/2023\/09\/16adfede-991b-11eb-8fa0-00155dc1232d_43043955-9ddb-11eb-8fa0-00155dc1232d-2-500x500.jpg 500w, https:\/\/kingarms.ee\/wp-content\/uploads\/2023\/09\/16adfede-991b-11eb-8fa0-00155dc1232d_43043955-9ddb-11eb-8fa0-00155dc1232d-2.jpg 810w\" sizes=\"auto, (max-width: 300px) 100vw, 300px\" \/><\/p>\n","protected":false},"excerpt":{"rendered":"<p>Pradinio pistoleto sm\u016bgis C75 SATINA 9 mm yra pusiau automatinis pistoletas. \u201eBlow C75\u201c starterio korpusas pagamintas i\u0161 polimero. \u0160is 9 mm kalibro pistoletas turi 17+1 kulk\u0105 su talpa  <\/p>\n","protected":false},"featured_media":152484,"template":"","meta":{"_acf_changed":false},"product_brand":[],"product_cat":[1148],"product_tag":[],"class_list":{"0":"post-137249","1":"product","2":"type-product","3":"status-publish","4":"has-post-thumbnail","6":"product_cat-pradedantys-pistoletai","8":"first","9":"instock","10":"taxable","11":"shipping-taxable","12":"purchasable","13":"product-type-simple"},"acf":[],"_links":{"self":[{"href":"https:\/\/kingarms.ee\/lt\/wp-json\/wp\/v2\/product\/137249","targetHints":{"allow":["GET"]}}],"collection":[{"href":"https:\/\/kingarms.ee\/lt\/wp-json\/wp\/v2\/product"}],"about":[{"href":"https:\/\/kingarms.ee\/lt\/wp-json\/wp\/v2\/types\/product"}],"wp:featuredmedia":[{"embeddable":true,"href":"https:\/\/kingarms.ee\/lt\/wp-json\/wp\/v2\/media\/152484"}],"wp:attachment":[{"href":"https:\/\/kingarms.ee\/lt\/wp-json\/wp\/v2\/media?parent=137249"}],"wp:term":[{"taxonomy":"product_brand","embeddable":true,"href":"https:\/\/kingarms.ee\/lt\/wp-json\/wp\/v2\/product_brand?post=137249"},{"taxonomy":"product_cat","embeddable":true,"href":"https:\/\/kingarms.ee\/lt\/wp-json\/wp\/v2\/product_cat?post=137249"},{"taxonomy":"product_tag","embeddable":true,"href":"https:\/\/kingarms.ee\/lt\/wp-json\/wp\/v2\/product_tag?post=137249"}],"curies":[{"name":"wp","href":"https:\/\/api.w.org\/{rel}","templated":true}]}}