{"id":137258,"date":"2023-07-07T13:37:12","date_gmt":"2024-11-09T14:12:32","guid":{"rendered":"https:\/\/kingarms.ee\/product\/westbed-musio-marskineliai-tamsiai-melyna\/"},"modified":"2024-11-09T17:12:32","modified_gmt":"2024-11-09T14:12:32","slug":"vestaluune-lahtsarknavy-blue","status":"publish","type":"product","link":"https:\/\/kingarms.ee\/lt\/product\/vestaluune-lahtsarknavy-blue\/","title":{"rendered":"\u201eWestbed\u201c m\u016b\u0161io mar\u0161kin\u0117liai (tamsiai m\u0117lyna)"},"content":{"rendered":"<p><img loading=\"lazy\" decoding=\"async\" class=\"alignnone size-full wp-image-79887\" src=\"https:\/\/kingarms.ee\/wp-content\/uploads\/2023\/07\/Combat-Shirt-Navy-Invader-Gear-az25535large3.png\" alt=\"\" width=\"1400\" height=\"980\" srcset=\"https:\/\/kingarms.ee\/wp-content\/uploads\/2023\/07\/Combat-Shirt-Navy-Invader-Gear-az25535large3.png 1400w, https:\/\/kingarms.ee\/wp-content\/uploads\/2023\/07\/Combat-Shirt-Navy-Invader-Gear-az25535large3-300x210.png 300w, https:\/\/kingarms.ee\/wp-content\/uploads\/2023\/07\/Combat-Shirt-Navy-Invader-Gear-az25535large3-1024x717.png 1024w, https:\/\/kingarms.ee\/wp-content\/uploads\/2023\/07\/Combat-Shirt-Navy-Invader-Gear-az25535large3-768x538.png 768w, https:\/\/kingarms.ee\/wp-content\/uploads\/2023\/07\/Combat-Shirt-Navy-Invader-Gear-az25535large3-500x350.png 500w, https:\/\/kingarms.ee\/wp-content\/uploads\/2023\/07\/Combat-Shirt-Navy-Invader-Gear-az25535large3-150x105.png 150w\" sizes=\"auto, (max-width: 1400px) 100vw, 1400px\" \/><\/p>\n","protected":false},"excerpt":{"rendered":"<p>\u201eLest Battle\u201c mar\u0161kin\u0117liai (\u201eNavy Blue\u201c) yra labai patogus ir populiarus suvereni\u0173 drabu\u017ei\u0173 pasirinkimas po m\u016b\u0161io liemene. Mar\u0161kiniai pagaminti i\u0161 medviln\u0117s ir poliesterio. Mar\u0161kini\u0173 k\u016bnas yra \u012ftemptas. M\u016b\u0161io mar\u0161kin\u0117li\u0173 spalva yra tamsiai m\u0117lyna.<br \/>\nGalimi dyd\u017eiai:<br \/>\nM<br \/>\nL<br \/>\nXl   <\/p>\n","protected":false},"featured_media":129577,"template":"","meta":{"_acf_changed":false},"product_brand":[],"product_cat":[1230],"product_tag":[],"class_list":{"0":"post-137258","1":"product","2":"type-product","3":"status-publish","4":"has-post-thumbnail","6":"product_cat-palaidines-marskiniai","8":"first","9":"instock","10":"taxable","11":"shipping-taxable","12":"purchasable","13":"product-type-simple"},"acf":[],"_links":{"self":[{"href":"https:\/\/kingarms.ee\/lt\/wp-json\/wp\/v2\/product\/137258","targetHints":{"allow":["GET"]}}],"collection":[{"href":"https:\/\/kingarms.ee\/lt\/wp-json\/wp\/v2\/product"}],"about":[{"href":"https:\/\/kingarms.ee\/lt\/wp-json\/wp\/v2\/types\/product"}],"wp:featuredmedia":[{"embeddable":true,"href":"https:\/\/kingarms.ee\/lt\/wp-json\/wp\/v2\/media\/129577"}],"wp:attachment":[{"href":"https:\/\/kingarms.ee\/lt\/wp-json\/wp\/v2\/media?parent=137258"}],"wp:term":[{"taxonomy":"product_brand","embeddable":true,"href":"https:\/\/kingarms.ee\/lt\/wp-json\/wp\/v2\/product_brand?post=137258"},{"taxonomy":"product_cat","embeddable":true,"href":"https:\/\/kingarms.ee\/lt\/wp-json\/wp\/v2\/product_cat?post=137258"},{"taxonomy":"product_tag","embeddable":true,"href":"https:\/\/kingarms.ee\/lt\/wp-json\/wp\/v2\/product_tag?post=137258"}],"curies":[{"name":"wp","href":"https:\/\/api.w.org\/{rel}","templated":true}]}}