{"id":137302,"date":"2023-04-12T18:42:30","date_gmt":"2024-11-11T13:28:39","guid":{"rendered":"https:\/\/kingarms.ee\/product\/aot-m-reguliatorius-fenix\/"},"modified":"2024-11-11T16:28:39","modified_gmt":"2024-11-11T13:28:39","slug":"aot-m-regulator-fenix","status":"publish","type":"product","link":"https:\/\/kingarms.ee\/lt\/product\/aot-m-regulator-fenix\/","title":{"rendered":"AOT-M reguliatorius (\u201eFenix\u201c)"},"content":{"rendered":"<p><img loading=\"lazy\" decoding=\"async\" class=\"alignnone size-full wp-image-77102\" src=\"https:\/\/kingarms.ee\/wp-content\/uploads\/2023\/04\/1-2.jpg\" alt=\"\" width=\"850\" height=\"850\" srcset=\"https:\/\/kingarms.ee\/wp-content\/uploads\/2023\/04\/1-2.jpg 850w, https:\/\/kingarms.ee\/wp-content\/uploads\/2023\/04\/1-2-300x300.jpg 300w, https:\/\/kingarms.ee\/wp-content\/uploads\/2023\/04\/1-2-150x150.jpg 150w, https:\/\/kingarms.ee\/wp-content\/uploads\/2023\/04\/1-2-768x768.jpg 768w, https:\/\/kingarms.ee\/wp-content\/uploads\/2023\/04\/1-2-500x500.jpg 500w\" sizes=\"auto, (max-width: 850px) 100vw, 850px\" \/><\/p>\n","protected":false},"excerpt":{"rendered":"<p>\u201eAOT-M\u201c reguliatorius (Fenix) \u201eFenix Aot-M Red Sau\u201c yra sukurtas tam, kad tamsoje eismo reguliatoriai gal\u0117t\u0173 pateikti prane\u0161imus. Pagaminta i\u0161 auk\u0161tos kokyb\u0117s temperat\u016bros ir sm\u016bgiams atsparaus plastiko. Tinka \u201eFenix\u201c (ir kitiems gamintojams) \u017eibintuv\u0117liams, kuri\u0173 galvos skersmuo yra 34 mm.<\/p>\n","protected":false},"featured_media":128321,"template":"","meta":{"_acf_changed":false},"product_brand":[],"product_cat":[1173],"product_tag":[],"class_list":{"0":"post-137302","1":"product","2":"type-product","3":"status-publish","4":"has-post-thumbnail","6":"product_cat-zibintuvelis","8":"first","9":"instock","10":"taxable","11":"shipping-taxable","12":"purchasable","13":"product-type-simple"},"acf":[],"_links":{"self":[{"href":"https:\/\/kingarms.ee\/lt\/wp-json\/wp\/v2\/product\/137302","targetHints":{"allow":["GET"]}}],"collection":[{"href":"https:\/\/kingarms.ee\/lt\/wp-json\/wp\/v2\/product"}],"about":[{"href":"https:\/\/kingarms.ee\/lt\/wp-json\/wp\/v2\/types\/product"}],"wp:featuredmedia":[{"embeddable":true,"href":"https:\/\/kingarms.ee\/lt\/wp-json\/wp\/v2\/media\/128321"}],"wp:attachment":[{"href":"https:\/\/kingarms.ee\/lt\/wp-json\/wp\/v2\/media?parent=137302"}],"wp:term":[{"taxonomy":"product_brand","embeddable":true,"href":"https:\/\/kingarms.ee\/lt\/wp-json\/wp\/v2\/product_brand?post=137302"},{"taxonomy":"product_cat","embeddable":true,"href":"https:\/\/kingarms.ee\/lt\/wp-json\/wp\/v2\/product_cat?post=137302"},{"taxonomy":"product_tag","embeddable":true,"href":"https:\/\/kingarms.ee\/lt\/wp-json\/wp\/v2\/product_tag?post=137302"}],"curies":[{"name":"wp","href":"https:\/\/api.w.org\/{rel}","templated":true}]}}