{"id":137305,"date":"2023-03-28T15:52:42","date_gmt":"2024-11-11T13:42:29","guid":{"rendered":"https:\/\/kingarms.ee\/product\/oro-pistoletas-co2-45-mm-bruni-guns\/"},"modified":"2024-11-11T16:42:29","modified_gmt":"2024-11-11T13:42:29","slug":"ohkrelv-co2-45mm-bruni-gun","status":"publish","type":"product","link":"https:\/\/kingarms.ee\/lt\/product\/ohkrelv-co2-45mm-bruni-gun\/","title":{"rendered":"Oro pistoletas CO2 4,5 mm (\u201eBruni Guns\u201c)"},"content":{"rendered":"<p><img loading=\"lazy\" decoding=\"async\" class=\"alignnone size-full wp-image-76764\" src=\"https:\/\/kingarms.ee\/wp-content\/uploads\/2023\/03\/bruni-co2-45mm-rifle-herd-wolf-model-212-br-212.jpg\" alt=\"\" width=\"600\" height=\"600\" srcset=\"https:\/\/kingarms.ee\/wp-content\/uploads\/2023\/03\/bruni-co2-45mm-rifle-herd-wolf-model-212-br-212.jpg 600w, https:\/\/kingarms.ee\/wp-content\/uploads\/2023\/03\/bruni-co2-45mm-rifle-herd-wolf-model-212-br-212-300x300.jpg 300w, https:\/\/kingarms.ee\/wp-content\/uploads\/2023\/03\/bruni-co2-45mm-rifle-herd-wolf-model-212-br-212-150x150.jpg 150w, https:\/\/kingarms.ee\/wp-content\/uploads\/2023\/03\/bruni-co2-45mm-rifle-herd-wolf-model-212-br-212-500x500.jpg 500w\" sizes=\"auto, (max-width: 600px) 100vw, 600px\" \/><\/p>\n","protected":false},"excerpt":{"rendered":"<p>CO2 pistoletas<br \/>\n4,5 mm kalibras<br \/>\nASB-MOTLE, METALO K\u016aNAS IR AUK\u0160TAS REILIS<br \/>\n21 rutuliai plono tepalo<br \/>\n1 CO2 kapsul\u0117 apie 150 kadr\u0173<br \/>\nVidutin\u0117 galia 2,26J (apie 124 m\/s su 0,25 g plienoBB)<br \/>\nIntegruotas raudonasis lazeris<br \/>\nReguliuojamas gr\u0105\u017ea<br \/>\nSaugos u\u017eraktas, vienas \u0161\u016bvis<br \/>\nCO2 minimalus \u0161erdis rankenos viduje<br \/>\nIlgis 920 mm<br \/>\nSvoris 1490G<\/p>\n","protected":false},"featured_media":128126,"template":"","meta":{"_acf_changed":false},"product_brand":[],"product_cat":[1145],"product_tag":[],"class_list":{"0":"post-137305","1":"product","2":"type-product","3":"status-publish","4":"has-post-thumbnail","6":"product_cat-snaiperio-sautuvai-4-5-mm","8":"first","9":"onbackorder","10":"sale","11":"taxable","12":"shipping-taxable","13":"product-type-simple"},"acf":[],"_links":{"self":[{"href":"https:\/\/kingarms.ee\/lt\/wp-json\/wp\/v2\/product\/137305","targetHints":{"allow":["GET"]}}],"collection":[{"href":"https:\/\/kingarms.ee\/lt\/wp-json\/wp\/v2\/product"}],"about":[{"href":"https:\/\/kingarms.ee\/lt\/wp-json\/wp\/v2\/types\/product"}],"wp:featuredmedia":[{"embeddable":true,"href":"https:\/\/kingarms.ee\/lt\/wp-json\/wp\/v2\/media\/128126"}],"wp:attachment":[{"href":"https:\/\/kingarms.ee\/lt\/wp-json\/wp\/v2\/media?parent=137305"}],"wp:term":[{"taxonomy":"product_brand","embeddable":true,"href":"https:\/\/kingarms.ee\/lt\/wp-json\/wp\/v2\/product_brand?post=137305"},{"taxonomy":"product_cat","embeddable":true,"href":"https:\/\/kingarms.ee\/lt\/wp-json\/wp\/v2\/product_cat?post=137305"},{"taxonomy":"product_tag","embeddable":true,"href":"https:\/\/kingarms.ee\/lt\/wp-json\/wp\/v2\/product_tag?post=137305"}],"curies":[{"name":"wp","href":"https:\/\/api.w.org\/{rel}","templated":true}]}}