{"id":137307,"date":"2023-03-28T15:19:22","date_gmt":"2023-03-28T12:19:22","guid":{"rendered":"https:\/\/kingarms.ee\/product\/pradekite-pistoleta-glock-17-9mm-bruni\/"},"modified":"2024-11-11T16:44:38","modified_gmt":"2024-11-11T13:44:38","slug":"start-pustol-glock-17-9mm-brun","status":"publish","type":"product","link":"https:\/\/kingarms.ee\/lt\/product\/start-pustol-glock-17-9mm-brun\/","title":{"rendered":"Prad\u0117kite pistolet\u0105 \u201eGlock 17 9mm\u201c (Bruni)"},"content":{"rendered":"<p><img loading=\"lazy\" decoding=\"async\" class=\"alignnone size-full wp-image-76747\" src=\"https:\/\/kingarms.ee\/wp-content\/uploads\/2023\/03\/bruni-blank-pistol-top-firing-gap-caliber-9mm-nikel-br-1401n.jpg\" alt=\"\" width=\"600\" height=\"600\" srcset=\"https:\/\/kingarms.ee\/wp-content\/uploads\/2023\/03\/bruni-blank-pistol-top-firing-gap-caliber-9mm-nikel-br-1401n.jpg 600w, https:\/\/kingarms.ee\/wp-content\/uploads\/2023\/03\/bruni-blank-pistol-top-firing-gap-caliber-9mm-nikel-br-1401n-300x300.jpg 300w, https:\/\/kingarms.ee\/wp-content\/uploads\/2023\/03\/bruni-blank-pistol-top-firing-gap-caliber-9mm-nikel-br-1401n-150x150.jpg 150w, https:\/\/kingarms.ee\/wp-content\/uploads\/2023\/03\/bruni-blank-pistol-top-firing-gap-caliber-9mm-nikel-br-1401n-500x500.jpg 500w\" sizes=\"auto, (max-width: 600px) 100vw, 600px\" \/><\/p>\n","protected":false},"excerpt":{"rendered":"<p>Prad\u0117kite pistolet\u0105 \u201eGlock 17 9mm\u201c (Bruni)<\/p>\n<p>Vir\u0161utinis pistoletas, kuris \u0161audo tu\u0161\u010diu pistoletu<br \/>\n11 kase\u010di\u0173 su memorialiniu konteineriu<br \/>\n9 mm su kalibru<br \/>\nVienas laiko veiksmas<br \/>\npusiau automatinis<br \/>\nilgis 202 mm<br \/>\nSvoris 650 g<br \/>\nNikelio spalva<\/p>\n","protected":false},"featured_media":152568,"template":"","meta":{"_acf_changed":false},"product_brand":[],"product_cat":[1148],"product_tag":[],"class_list":{"0":"post-137307","1":"product","2":"type-product","3":"status-publish","4":"has-post-thumbnail","6":"product_cat-pradedantys-pistoletai","8":"first","9":"onbackorder","10":"taxable","11":"shipping-taxable","12":"product-type-simple"},"acf":[],"_links":{"self":[{"href":"https:\/\/kingarms.ee\/lt\/wp-json\/wp\/v2\/product\/137307","targetHints":{"allow":["GET"]}}],"collection":[{"href":"https:\/\/kingarms.ee\/lt\/wp-json\/wp\/v2\/product"}],"about":[{"href":"https:\/\/kingarms.ee\/lt\/wp-json\/wp\/v2\/types\/product"}],"wp:featuredmedia":[{"embeddable":true,"href":"https:\/\/kingarms.ee\/lt\/wp-json\/wp\/v2\/media\/152568"}],"wp:attachment":[{"href":"https:\/\/kingarms.ee\/lt\/wp-json\/wp\/v2\/media?parent=137307"}],"wp:term":[{"taxonomy":"product_brand","embeddable":true,"href":"https:\/\/kingarms.ee\/lt\/wp-json\/wp\/v2\/product_brand?post=137307"},{"taxonomy":"product_cat","embeddable":true,"href":"https:\/\/kingarms.ee\/lt\/wp-json\/wp\/v2\/product_cat?post=137307"},{"taxonomy":"product_tag","embeddable":true,"href":"https:\/\/kingarms.ee\/lt\/wp-json\/wp\/v2\/product_tag?post=137307"}],"curies":[{"name":"wp","href":"https:\/\/api.w.org\/{rel}","templated":true}]}}