{"id":137311,"date":"2023-03-28T13:59:24","date_gmt":"2024-11-11T13:48:54","guid":{"rendered":"https:\/\/kingarms.ee\/product\/anglies-ambunol-20-%e2%80%b3\/"},"modified":"2024-11-11T16:48:54","modified_gmt":"2024-11-11T13:48:54","slug":"anglies-ambunool-20-%e2%80%b3","status":"publish","type":"product","link":"https:\/\/kingarms.ee\/lt\/product\/anglies-ambunool-20-%e2%80%b3\/","title":{"rendered":"Anglies ambunol &#8211; 20 \u2033"},"content":{"rendered":"<p><img loading=\"lazy\" decoding=\"async\" class=\"alignnone size-full wp-image-76722\" src=\"https:\/\/kingarms.ee\/wp-content\/uploads\/2023\/03\/ek-archery-carbon-bolt-20-inches-black-d067b.jpg\" alt=\"\" width=\"1000\" height=\"1000\" srcset=\"https:\/\/kingarms.ee\/wp-content\/uploads\/2023\/03\/ek-archery-carbon-bolt-20-inches-black-d067b.jpg 1000w, https:\/\/kingarms.ee\/wp-content\/uploads\/2023\/03\/ek-archery-carbon-bolt-20-inches-black-d067b-300x300.jpg 300w, https:\/\/kingarms.ee\/wp-content\/uploads\/2023\/03\/ek-archery-carbon-bolt-20-inches-black-d067b-150x150.jpg 150w, https:\/\/kingarms.ee\/wp-content\/uploads\/2023\/03\/ek-archery-carbon-bolt-20-inches-black-d067b-768x768.jpg 768w, https:\/\/kingarms.ee\/wp-content\/uploads\/2023\/03\/ek-archery-carbon-bolt-20-inches-black-d067b-500x500.jpg 500w\" sizes=\"auto, (max-width: 1000px) 100vw, 1000px\" \/><\/p>\n","protected":false},"excerpt":{"rendered":"<p>Anglies ambunol &#8211; 20 \u2033 &#8211; Nelaikomas galiuko didelis pelningumas, skirtas pradedantiesiems ir jauniems med\u017eiotojams, \u0161ios lanko rodykl\u0117s suteikia greit\u012f, kinetin\u0119 energij\u0105 ir tikslum\u0105.<\/p>\n","protected":false},"featured_media":132193,"template":"","meta":{"_acf_changed":false},"product_brand":[],"product_cat":[1154],"product_tag":[],"class_list":{"0":"post-137311","1":"product","2":"type-product","3":"status-publish","4":"has-post-thumbnail","6":"product_cat-rodykles-patarimai","8":"first","9":"instock","10":"taxable","11":"shipping-taxable","12":"purchasable","13":"product-type-simple"},"acf":[],"_links":{"self":[{"href":"https:\/\/kingarms.ee\/lt\/wp-json\/wp\/v2\/product\/137311","targetHints":{"allow":["GET"]}}],"collection":[{"href":"https:\/\/kingarms.ee\/lt\/wp-json\/wp\/v2\/product"}],"about":[{"href":"https:\/\/kingarms.ee\/lt\/wp-json\/wp\/v2\/types\/product"}],"wp:featuredmedia":[{"embeddable":true,"href":"https:\/\/kingarms.ee\/lt\/wp-json\/wp\/v2\/media\/132193"}],"wp:attachment":[{"href":"https:\/\/kingarms.ee\/lt\/wp-json\/wp\/v2\/media?parent=137311"}],"wp:term":[{"taxonomy":"product_brand","embeddable":true,"href":"https:\/\/kingarms.ee\/lt\/wp-json\/wp\/v2\/product_brand?post=137311"},{"taxonomy":"product_cat","embeddable":true,"href":"https:\/\/kingarms.ee\/lt\/wp-json\/wp\/v2\/product_cat?post=137311"},{"taxonomy":"product_tag","embeddable":true,"href":"https:\/\/kingarms.ee\/lt\/wp-json\/wp\/v2\/product_tag?post=137311"}],"curies":[{"name":"wp","href":"https:\/\/api.w.org\/{rel}","templated":true}]}}