{"id":137321,"date":"2023-03-27T19:13:47","date_gmt":"2024-11-11T14:03:10","guid":{"rendered":"https:\/\/kingarms.ee\/product\/pistoleto-ir-irangos-lagaminas\/"},"modified":"2024-11-11T17:03:10","modified_gmt":"2024-11-11T14:03:10","slug":"pustol-and-excipment-coffee","status":"publish","type":"product","link":"https:\/\/kingarms.ee\/lt\/product\/pustol-and-excipment-coffee\/","title":{"rendered":"Pistoleto ir \u012frangos lagaminas"},"content":{"rendered":"<p><img loading=\"lazy\" decoding=\"async\" class=\"alignnone size-full wp-image-76612\" src=\"https:\/\/kingarms.ee\/wp-content\/uploads\/2023\/03\/Pistol-and-Equipment-Case-Black-Nimrod-az37556large1-1.png\" alt=\"\" width=\"1400\" height=\"980\" srcset=\"https:\/\/kingarms.ee\/wp-content\/uploads\/2023\/03\/Pistol-and-Equipment-Case-Black-Nimrod-az37556large1-1.png 1400w, https:\/\/kingarms.ee\/wp-content\/uploads\/2023\/03\/Pistol-and-Equipment-Case-Black-Nimrod-az37556large1-1-300x210.png 300w, https:\/\/kingarms.ee\/wp-content\/uploads\/2023\/03\/Pistol-and-Equipment-Case-Black-Nimrod-az37556large1-1-1024x717.png 1024w, https:\/\/kingarms.ee\/wp-content\/uploads\/2023\/03\/Pistol-and-Equipment-Case-Black-Nimrod-az37556large1-1-768x538.png 768w, https:\/\/kingarms.ee\/wp-content\/uploads\/2023\/03\/Pistol-and-Equipment-Case-Black-Nimrod-az37556large1-1-500x350.png 500w, https:\/\/kingarms.ee\/wp-content\/uploads\/2023\/03\/Pistol-and-Equipment-Case-Black-Nimrod-az37556large1-1-150x105.png 150w\" sizes=\"auto, (max-width: 1400px) 100vw, 1400px\" \/><\/p>\n","protected":false},"excerpt":{"rendered":"<p>Gamintojo \u201eNimrod\u201c pistoleto ir \u012frangos lagaminas.<\/p>\n<p>Gali sulaikyti:<br \/>\n2 \u0161aunamieji ginklai<br \/>\n4 pakuot\u0117s amunicija<br \/>\nDuslintuvas<br \/>\nDar 9 pad\u0117klai<br \/>\n2 i\u0161pl\u0117stiniai d\u0117klai<br \/>\nValymo komplektas<br \/>\nDalys<\/p>\n","protected":false},"featured_media":128035,"template":"","meta":{"_acf_changed":false},"product_brand":[],"product_cat":[1196],"product_tag":[],"class_list":{"0":"post-137321","1":"product","2":"type-product","3":"status-publish","4":"has-post-thumbnail","6":"product_cat-lagaminai","8":"first","9":"instock","10":"taxable","11":"shipping-taxable","12":"purchasable","13":"product-type-simple"},"acf":[],"_links":{"self":[{"href":"https:\/\/kingarms.ee\/lt\/wp-json\/wp\/v2\/product\/137321","targetHints":{"allow":["GET"]}}],"collection":[{"href":"https:\/\/kingarms.ee\/lt\/wp-json\/wp\/v2\/product"}],"about":[{"href":"https:\/\/kingarms.ee\/lt\/wp-json\/wp\/v2\/types\/product"}],"wp:featuredmedia":[{"embeddable":true,"href":"https:\/\/kingarms.ee\/lt\/wp-json\/wp\/v2\/media\/128035"}],"wp:attachment":[{"href":"https:\/\/kingarms.ee\/lt\/wp-json\/wp\/v2\/media?parent=137321"}],"wp:term":[{"taxonomy":"product_brand","embeddable":true,"href":"https:\/\/kingarms.ee\/lt\/wp-json\/wp\/v2\/product_brand?post=137321"},{"taxonomy":"product_cat","embeddable":true,"href":"https:\/\/kingarms.ee\/lt\/wp-json\/wp\/v2\/product_cat?post=137321"},{"taxonomy":"product_tag","embeddable":true,"href":"https:\/\/kingarms.ee\/lt\/wp-json\/wp\/v2\/product_tag?post=137321"}],"curies":[{"name":"wp","href":"https:\/\/api.w.org\/{rel}","templated":true}]}}