{"id":137325,"date":"2023-03-27T18:43:33","date_gmt":"2024-11-11T14:07:27","guid":{"rendered":"https:\/\/kingarms.ee\/product\/radijo-siustuvo-kisene-warrior\/"},"modified":"2024-11-11T17:07:27","modified_gmt":"2024-11-11T14:07:27","slug":"radijo-kisenes-kisenes","status":"publish","type":"product","link":"https:\/\/kingarms.ee\/lt\/product\/radijo-kisenes-kisenes\/","title":{"rendered":"Radijo si\u0173stuvo ki\u0161en\u0117 (\u201eWarrior\u201c)"},"content":{"rendered":"<p><img loading=\"lazy\" decoding=\"async\" class=\"alignnone size-full wp-image-76588\" src=\"https:\/\/kingarms.ee\/wp-content\/uploads\/2023\/03\/Small-Radio-Pouch-Multicam-Warrior-am21158large1.png\" alt=\"\" width=\"1400\" height=\"980\" srcset=\"https:\/\/kingarms.ee\/wp-content\/uploads\/2023\/03\/Small-Radio-Pouch-Multicam-Warrior-am21158large1.png 1400w, https:\/\/kingarms.ee\/wp-content\/uploads\/2023\/03\/Small-Radio-Pouch-Multicam-Warrior-am21158large1-300x210.png 300w, https:\/\/kingarms.ee\/wp-content\/uploads\/2023\/03\/Small-Radio-Pouch-Multicam-Warrior-am21158large1-1024x717.png 1024w, https:\/\/kingarms.ee\/wp-content\/uploads\/2023\/03\/Small-Radio-Pouch-Multicam-Warrior-am21158large1-768x538.png 768w, https:\/\/kingarms.ee\/wp-content\/uploads\/2023\/03\/Small-Radio-Pouch-Multicam-Warrior-am21158large1-500x350.png 500w, https:\/\/kingarms.ee\/wp-content\/uploads\/2023\/03\/Small-Radio-Pouch-Multicam-Warrior-am21158large1-150x105.png 150w\" sizes=\"auto, (max-width: 1400px) 100vw, 1400px\" \/><\/p>\n","protected":false},"excerpt":{"rendered":"<p>Radijo Sii\u0173Stovo Ki\u0161en\u0117 (\u201eKarys\u201c)<\/p>\n","protected":false},"featured_media":128021,"template":"","meta":{"_acf_changed":false},"product_brand":[],"product_cat":[1246,1242],"product_tag":[],"class_list":{"0":"post-137325","1":"product","2":"type-product","3":"status-publish","4":"has-post-thumbnail","6":"product_cat-kisenes","7":"product_cat-sandeliavimo-kisenes","9":"first","10":"instock","11":"taxable","12":"shipping-taxable","13":"purchasable","14":"product-type-simple"},"acf":[],"_links":{"self":[{"href":"https:\/\/kingarms.ee\/lt\/wp-json\/wp\/v2\/product\/137325","targetHints":{"allow":["GET"]}}],"collection":[{"href":"https:\/\/kingarms.ee\/lt\/wp-json\/wp\/v2\/product"}],"about":[{"href":"https:\/\/kingarms.ee\/lt\/wp-json\/wp\/v2\/types\/product"}],"wp:featuredmedia":[{"embeddable":true,"href":"https:\/\/kingarms.ee\/lt\/wp-json\/wp\/v2\/media\/128021"}],"wp:attachment":[{"href":"https:\/\/kingarms.ee\/lt\/wp-json\/wp\/v2\/media?parent=137325"}],"wp:term":[{"taxonomy":"product_brand","embeddable":true,"href":"https:\/\/kingarms.ee\/lt\/wp-json\/wp\/v2\/product_brand?post=137325"},{"taxonomy":"product_cat","embeddable":true,"href":"https:\/\/kingarms.ee\/lt\/wp-json\/wp\/v2\/product_cat?post=137325"},{"taxonomy":"product_tag","embeddable":true,"href":"https:\/\/kingarms.ee\/lt\/wp-json\/wp\/v2\/product_tag?post=137325"}],"curies":[{"name":"wp","href":"https:\/\/api.w.org\/{rel}","templated":true}]}}